{"id":8751,"date":"2025-10-02T16:43:17","date_gmt":"2025-10-02T13:43:17","guid":{"rendered":"https:\/\/sarabperfumes.com\/?post_type=product&#038;p=8751"},"modified":"2025-10-10T18:20:05","modified_gmt":"2025-10-10T15:20:05","slug":"badee-al-oud-amethyst-lattafa-uniseks-parfum-100-ml-%d9%86%d8%b3%d8%ae%d8%a9-%d9%86%d8%b3%d8%ae%d8%a9-%d9%86%d8%b3%d8%ae%d8%a9-%d9%86%d8%b3%d8%ae%d8%a9","status":"publish","type":"product","link":"https:\/\/sarabperfumes.com\/tr\/urun\/badee-al-oud-amethyst-lattafa-uniseks-parfum-100-ml-%d9%86%d8%b3%d8%ae%d8%a9-%d9%86%d8%b3%d8%ae%d8%a9-%d9%86%d8%b3%d8%ae%d8%a9-%d9%86%d8%b3%d8%ae%d8%a9\/","title":{"rendered":"Liquid Brun French Avenue EDP 100 ml erkek parf\u00fcm"},"content":{"rendered":"<ul class=\"a-unordered-list a-vertical a-spacing-mini\">\n<li class=\"a-spacing-mini\">French Avenue&#8217;dan Liquid Brun, kehribar vanilya ailesinden b\u00fcy\u00fcleyici bir koku. Bu sofistike koku, canl\u0131 turun\u00e7giller ve s\u0131cak tar\u00e7\u0131n\u0131n b\u00fcy\u00fcleyici bir kar\u0131\u015f\u0131m\u0131yla a\u00e7\u0131l\u0131yor ve s\u0131cakl\u0131k ve canl\u0131 bir enerji hissi uyand\u0131r\u0131yor. A\u00e7\u0131l\u0131rken, tatl\u0131 vanilya narin odunsu notalarla i\u00e7 i\u00e7e ge\u00e7erek zengin ve rahatlat\u0131c\u0131 bir kalp yarat\u0131yor. Koku, hafif bir f\u0131nd\u0131ks\u0131 tatl\u0131l\u0131kla zenginle\u015fen yumu\u015fak bir misk biti\u015fiyle kapan\u0131yor.        <\/li>\n<\/ul>\n","protected":false},"excerpt":{"rendered":"<ul>\n<li>\n<h1 class=\"text-center medium-text-left\">Liquid Brun French Avenue<\/h1>\n<\/li>\n<li><strong>Koku konsantrasyonu: <\/strong>Eau de Parfum<\/li>\n<li> <strong>Boyut: <\/strong>100 ml<\/li>\n<li><strong>Koku Ailesi:<\/strong>Odunsu<\/li>\n<li> <strong>Koku notalar\u0131: <\/strong>\u00dcst notalar: tar\u00e7\u0131n, portakal \u00e7i\u00e7e\u011fi, kakule ve bergamot; orta notalar: burbon vanilya ve elemi; alt notalar: pralin, ambroksan, guaiac a\u011fac\u0131 ve misk.<\/li>\n<li><strong>Kullan\u0131m zaman\u0131:<\/strong> gecelik<\/li>\n<li><strong>sezon: <\/strong>k\u0131\u015f sonbahar<\/li>\n<li> <strong>\u00e7\u0131k\u0131\u015f y\u0131l\u0131: <\/strong>2024<\/li>\n<\/ul>\n","protected":false},"featured_media":8760,"comment_status":"closed","ping_status":"closed","template":"","meta":{"_gspb_post_css":""},"product_brand":[],"product_cat":[113],"product_tag":[114,186],"class_list":{"0":"post-8751","1":"product","2":"type-product","3":"status-publish","4":"has-post-thumbnail","6":"product_cat-arap-sirketlerinin-parfumleri","7":"product_tag-arap-sirketlerinin-parfumleri","8":"product_tag-french-avenue","10":"first","11":"outofstock","12":"shipping-taxable","13":"purchasable","14":"product-type-simple"},"ct_brands":[],"_links":{"self":[{"href":"https:\/\/sarabperfumes.com\/tr\/wp-json\/wp\/v2\/product\/8751","targetHints":{"allow":["GET"]}}],"collection":[{"href":"https:\/\/sarabperfumes.com\/tr\/wp-json\/wp\/v2\/product"}],"about":[{"href":"https:\/\/sarabperfumes.com\/tr\/wp-json\/wp\/v2\/types\/product"}],"replies":[{"embeddable":true,"href":"https:\/\/sarabperfumes.com\/tr\/wp-json\/wp\/v2\/comments?post=8751"}],"wp:featuredmedia":[{"embeddable":true,"href":"https:\/\/sarabperfumes.com\/tr\/wp-json\/wp\/v2\/media\/8760"}],"wp:attachment":[{"href":"https:\/\/sarabperfumes.com\/tr\/wp-json\/wp\/v2\/media?parent=8751"}],"wp:term":[{"taxonomy":"product_brand","embeddable":true,"href":"https:\/\/sarabperfumes.com\/tr\/wp-json\/wp\/v2\/product_brand?post=8751"},{"taxonomy":"product_cat","embeddable":true,"href":"https:\/\/sarabperfumes.com\/tr\/wp-json\/wp\/v2\/product_cat?post=8751"},{"taxonomy":"product_tag","embeddable":true,"href":"https:\/\/sarabperfumes.com\/tr\/wp-json\/wp\/v2\/product_tag?post=8751"}],"curies":[{"name":"wp","href":"https:\/\/api.w.org\/{rel}","templated":true}]}}