{"id":8721,"date":"2025-10-02T14:51:12","date_gmt":"2025-10-02T11:51:12","guid":{"rendered":"https:\/\/sarabperfumes.com\/?post_type=product&#038;p=8721"},"modified":"2025-10-10T18:36:02","modified_gmt":"2025-10-10T15:36:02","slug":"badee-al-oud-amethyst-lattafa-uniseks-parfum-100-ml-%d9%86%d8%b3%d8%ae%d8%a9-%d9%86%d8%b3%d8%ae%d8%a9-2","status":"publish","type":"product","link":"https:\/\/sarabperfumes.com\/tr\/urun\/badee-al-oud-amethyst-lattafa-uniseks-parfum-100-ml-%d9%86%d8%b3%d8%ae%d8%a9-%d9%86%d8%b3%d8%ae%d8%a9-2\/","title":{"rendered":"Asad Lattafa Perfumes EDP 100 ml erkek parf\u00fcm"},"content":{"rendered":"<p>Arap k\u00f6kenli, \u00f6zg\u00fcn oryantal Arap parf\u00fcmleri yaratmada kendini kan\u0131tlam\u0131\u015f, y\u00fcksek sat\u0131\u015f rakamlar\u0131na ula\u015fm\u0131\u015f ve k\u00fc\u00e7\u00fcmsenemeyecek bir \u00fcne kavu\u015fmu\u015f Arap \u015firketi &#8220;Lattafa&#8221;n\u0131n &#8220;Asad&#8221;\u0131.<\/p>\n<section id=\"product-3177\" class=\"product-details-main product type-product post-3177 status-publish first instock product_cat-uncategorized-ar has-post-thumbnail taxable shipping-taxable purchasable product-type-simple\">\n<div class=\"container\">\n<div class=\"row\">\n<div class=\"col-md-6\">\n<div class=\"product-inner-details-main\">\n<div id=\"module\">\n<p id=\"collapseExample\" class=\"collapse show\" aria-expanded=\"false\">Erkekler i\u00e7in kehribar rengi bir koku. \u00dcst notalarda karabiber, ananas ve t\u00fct\u00fcn; orta notalarda pa\u00e7uli, kahve ve meyan k\u00f6k\u00fc; alt notalarda ise vanilya, kehribar, kuru odunlar, benzoin ve g\u00fcnl\u00fck notalar\u0131 yer al\u0131yor. <\/p>\n<div class=\"read-wrap\"><\/div>\n<\/div>\n<\/div>\n<\/div>\n<\/div>\n<\/div>\n<\/section>\n<section class=\"product-main related-products nitro-offscreen\">\n<div class=\"container\">\n<div class=\"heading-golden text-center\"><\/div>\n<\/div>\n<\/section>\n","protected":false},"excerpt":{"rendered":"<ul>\n<li>\n<h1 class=\"text-center medium-text-left\">Asad Lattafa Perfumes<\/h1>\n<\/li>\n<li><strong>Koku konsantrasyonu: <\/strong>Eau de Parfum<\/li>\n<li> <strong>Boyut: <\/strong>100 ml<\/li>\n<li><strong>Koku Ailesi: <\/strong>oryantal<\/li>\n<li> <strong> \u0645\u0643\u0648\u0646\u0627\u062a \u0627\u0644\u0639\u0637\u0631<\/strong>: \u0627\u0644\u0625\u0641\u062a\u062a\u0627\u062d\u064a\u0629 : \u0627\u0644\u0641\u0644\u0641\u0644 \u0627\u0644\u0623\u0633\u0648\u062f, \u0627\u0644\u062a\u0628\u063a \u0648 \u0627\u0644\u0623\u0646\u0627\u0646\u0627\u0633; \u0642\u0644\u0628 \u0627\u0644\u0639\u0637\u0631 \u0627\u0644\u0628\u0627\u062a\u0634\u0648\u0644\u064a, \u0627\u0644\u0642\u0647\u0648\u0647 \u0648 \u0627\u0644\u0633\u0648\u0633\u0646; \u0642\u0627\u0639\u062f\u0629 \u0627\u0644\u0639\u0637\u0631 \u062a\u062a\u0643\u0648\u0646 \u0645\u0646 \u0627\u0644\u0641\u0627\u0646\u064a\u0644\u064a\u0627, \u0627\u0644\u0639\u0646\u0628\u0631, \u0627\u0644\u0623\u062e\u0634\u0627\u0628 \u0627\u0644\u062c\u0627\u0641\u0629,\u0627\u0644\u062c\u0627\u0648\u064a \u0648 \u0627\u0644\u0644\u0627\u0628\u062f\u0627\u0646\u0648\u0645.<\/li>\n<li><strong>Kullan\u0131m zaman\u0131:<\/strong> gecelik<\/li>\n<li><strong>sezon: <\/strong>k\u0131\u015f sonbahar<\/li>\n<li> <strong>\u00e7\u0131k\u0131\u015f y\u0131l\u0131: <\/strong>2021<\/li>\n<\/ul>\n","protected":false},"featured_media":8723,"comment_status":"closed","ping_status":"closed","template":"","meta":{"_gspb_post_css":""},"product_brand":[],"product_cat":[113],"product_tag":[114,115],"class_list":{"0":"post-8721","1":"product","2":"type-product","3":"status-publish","4":"has-post-thumbnail","6":"product_cat-arap-sirketlerinin-parfumleri","7":"product_tag-arap-sirketlerinin-parfumleri","8":"product_tag-lattafa","10":"first","11":"outofstock","12":"shipping-taxable","13":"purchasable","14":"product-type-simple"},"ct_brands":[],"_links":{"self":[{"href":"https:\/\/sarabperfumes.com\/tr\/wp-json\/wp\/v2\/product\/8721","targetHints":{"allow":["GET"]}}],"collection":[{"href":"https:\/\/sarabperfumes.com\/tr\/wp-json\/wp\/v2\/product"}],"about":[{"href":"https:\/\/sarabperfumes.com\/tr\/wp-json\/wp\/v2\/types\/product"}],"replies":[{"embeddable":true,"href":"https:\/\/sarabperfumes.com\/tr\/wp-json\/wp\/v2\/comments?post=8721"}],"wp:featuredmedia":[{"embeddable":true,"href":"https:\/\/sarabperfumes.com\/tr\/wp-json\/wp\/v2\/media\/8723"}],"wp:attachment":[{"href":"https:\/\/sarabperfumes.com\/tr\/wp-json\/wp\/v2\/media?parent=8721"}],"wp:term":[{"taxonomy":"product_brand","embeddable":true,"href":"https:\/\/sarabperfumes.com\/tr\/wp-json\/wp\/v2\/product_brand?post=8721"},{"taxonomy":"product_cat","embeddable":true,"href":"https:\/\/sarabperfumes.com\/tr\/wp-json\/wp\/v2\/product_cat?post=8721"},{"taxonomy":"product_tag","embeddable":true,"href":"https:\/\/sarabperfumes.com\/tr\/wp-json\/wp\/v2\/product_tag?post=8721"}],"curies":[{"name":"wp","href":"https:\/\/api.w.org\/{rel}","templated":true}]}}