{"id":8163,"date":"2025-06-25T19:16:33","date_gmt":"2025-06-25T16:16:33","guid":{"rendered":"https:\/\/sarabperfumes.com\/?post_type=product&#038;p=8163"},"modified":"2026-04-28T22:50:54","modified_gmt":"2026-04-28T19:50:54","slug":"le-beau-le-parfum-jean-paul-gaultier-erkek-parfum-%d9%86%d8%b3%d8%ae%d8%a9","status":"publish","type":"product","link":"https:\/\/sarabperfumes.com\/tr\/urun\/le-beau-le-parfum-jean-paul-gaultier-erkek-parfum-%d9%86%d8%b3%d8%ae%d8%a9\/","title":{"rendered":"Ebony Wood By Sarab Perfumes \u00dcniseks parf\u00fcm"},"content":{"rendered":"<p>Greyfurt ve raventin, kehribar ve odunsu notalarla ferahlat\u0131c\u0131 bir kar\u0131\u015f\u0131m\u0131. Zarafet ve sofistikeli\u011fi yans\u0131tan l\u00fcks ve g\u00f6z al\u0131c\u0131 bir parf\u00fcm. Benzersiz ve farkl\u0131 form\u00fcl\u00fc sayesinde unutulmaz bir etki b\u0131rak\u0131r ve her zamana uygundur.<\/p>\n","protected":false},"excerpt":{"rendered":"<ul>\n<li><strong>Ebony Wood By Sarab Perfumes <\/strong><\/li>\n<li><strong>kal\u0131c\u0131l\u0131k<\/strong>: \u0130yi 6 ila 8 saat<\/li>\n<li><strong>Koku Ailesi:<\/strong>Oryantal \u00e7i\u00e7ek<\/li>\n<li><strong>Parf\u00fcm i\u00e7erikleri :<\/strong> \u00dcst notalar: Greyfurt; Kalp: Ravent; Dip: Sedir A\u011fac\u0131 ve Amber.  <\/li>\n<li> <strong>Kullan\u0131m zaman\u0131: <\/strong>gecelik<\/li>\n<li><strong>sezon: <\/strong>T\u00fcm sezonlar<\/li>\n<li><strong>\u00e7\u0131k\u0131\u015f y\u0131l\u0131: <\/strong>2020<\/li>\n<\/ul>\n","protected":false},"featured_media":8171,"comment_status":"open","ping_status":"closed","template":"","meta":{"_gspb_post_css":""},"product_brand":[],"product_cat":[52],"product_tag":[55,176,109],"class_list":{"0":"post-8163","1":"product","2":"type-product","3":"status-publish","4":"has-post-thumbnail","6":"product_cat-acik-parfumler","7":"product_tag-erkek-parfumleri","8":"product_tag-her-zaman-icin-erkek-parfumleri","9":"product_tag-tum-sezonlara-parfumler","11":"first","12":"instock","13":"shipping-taxable","14":"purchasable","15":"product-type-variable","16":"has-default-attributes"},"ct_brands":[],"_links":{"self":[{"href":"https:\/\/sarabperfumes.com\/tr\/wp-json\/wp\/v2\/product\/8163","targetHints":{"allow":["GET"]}}],"collection":[{"href":"https:\/\/sarabperfumes.com\/tr\/wp-json\/wp\/v2\/product"}],"about":[{"href":"https:\/\/sarabperfumes.com\/tr\/wp-json\/wp\/v2\/types\/product"}],"replies":[{"embeddable":true,"href":"https:\/\/sarabperfumes.com\/tr\/wp-json\/wp\/v2\/comments?post=8163"}],"wp:featuredmedia":[{"embeddable":true,"href":"https:\/\/sarabperfumes.com\/tr\/wp-json\/wp\/v2\/media\/8171"}],"wp:attachment":[{"href":"https:\/\/sarabperfumes.com\/tr\/wp-json\/wp\/v2\/media?parent=8163"}],"wp:term":[{"taxonomy":"product_brand","embeddable":true,"href":"https:\/\/sarabperfumes.com\/tr\/wp-json\/wp\/v2\/product_brand?post=8163"},{"taxonomy":"product_cat","embeddable":true,"href":"https:\/\/sarabperfumes.com\/tr\/wp-json\/wp\/v2\/product_cat?post=8163"},{"taxonomy":"product_tag","embeddable":true,"href":"https:\/\/sarabperfumes.com\/tr\/wp-json\/wp\/v2\/product_tag?post=8163"}],"curies":[{"name":"wp","href":"https:\/\/api.w.org\/{rel}","templated":true}]}}