{"id":7988,"date":"2024-05-28T15:57:38","date_gmt":"2024-05-28T12:57:38","guid":{"rendered":"https:\/\/sarabperfumes.com\/product\/rainbow-fantasy-britney-spears-kadin-parfum\/"},"modified":"2026-02-17T13:44:44","modified_gmt":"2026-02-17T10:44:44","slug":"rainbow-fantasy-britney-spears-kadin-parfum","status":"publish","type":"product","link":"https:\/\/sarabperfumes.com\/tr\/urun\/rainbow-fantasy-britney-spears-kadin-parfum\/","title":{"rendered":"Britney Spears Rainbow Fantasy 355 Kad\u0131n parf\u00fcm\u00fc<br><br>"},"content":{"rendered":"","protected":false},"excerpt":{"rendered":"<ul>\n<li><strong>Rainbow Fantasy Britney Spears<\/strong><\/li>\n<li><strong>kal\u0131c\u0131l\u0131k<\/strong>: \u0130yi 6 ila 8 saat<\/li>\n<li> <strong>Orijinale benzerlik y\u00fczdesi:<\/strong> %80<\/li>\n<li>Koku Ailesi:Oryantal \u00e7i\u00e7ek<\/li>\n<li> <strong>Parf\u00fcm\u00fcn bile\u015fenleri<\/strong>: A\u00e7\u0131l\u0131\u015f: Bulut b\u00f6\u011f\u00fcrtleni, armut yapraklar\u0131 ve limon; Orta nota: Su zamba\u011f\u0131, \u015fakay\u0131k ve yasemin; Baz: Pamuk \u015fekeri, kristal amber ve odunlar.<\/li>\n<li><strong>Kullan\u0131m zaman\u0131:<\/strong> g\u00fcnl\u00fck<\/li>\n<li><strong>sezon:<\/strong> ilkbahar yaz<\/li>\n<li> Yay\u0131n y\u0131l\u0131: 2019<\/li>\n<\/ul>\n","protected":false},"featured_media":2432,"comment_status":"open","ping_status":"closed","template":"","meta":{"_gspb_post_css":""},"product_brand":[],"product_cat":[52],"product_tag":[110,57,173],"class_list":{"0":"post-7988","1":"product","2":"type-product","3":"status-publish","4":"has-post-thumbnail","6":"product_cat-acik-parfumler","7":"product_tag-gunluk-kokulari","8":"product_tag-kadin-parfumleri","9":"product_tag-meyveli-parfumler","11":"first","12":"instock","13":"shipping-taxable","14":"purchasable","15":"product-type-variable","16":"has-default-attributes"},"ct_brands":[],"_links":{"self":[{"href":"https:\/\/sarabperfumes.com\/tr\/wp-json\/wp\/v2\/product\/7988","targetHints":{"allow":["GET"]}}],"collection":[{"href":"https:\/\/sarabperfumes.com\/tr\/wp-json\/wp\/v2\/product"}],"about":[{"href":"https:\/\/sarabperfumes.com\/tr\/wp-json\/wp\/v2\/types\/product"}],"replies":[{"embeddable":true,"href":"https:\/\/sarabperfumes.com\/tr\/wp-json\/wp\/v2\/comments?post=7988"}],"wp:featuredmedia":[{"embeddable":true,"href":"https:\/\/sarabperfumes.com\/tr\/wp-json\/wp\/v2\/media\/2432"}],"wp:attachment":[{"href":"https:\/\/sarabperfumes.com\/tr\/wp-json\/wp\/v2\/media?parent=7988"}],"wp:term":[{"taxonomy":"product_brand","embeddable":true,"href":"https:\/\/sarabperfumes.com\/tr\/wp-json\/wp\/v2\/product_brand?post=7988"},{"taxonomy":"product_cat","embeddable":true,"href":"https:\/\/sarabperfumes.com\/tr\/wp-json\/wp\/v2\/product_cat?post=7988"},{"taxonomy":"product_tag","embeddable":true,"href":"https:\/\/sarabperfumes.com\/tr\/wp-json\/wp\/v2\/product_tag?post=7988"}],"curies":[{"name":"wp","href":"https:\/\/api.w.org\/{rel}","templated":true}]}}