{"id":7986,"date":"2025-01-21T14:18:16","date_gmt":"2025-01-21T11:18:16","guid":{"rendered":"https:\/\/sarabperfumes.com\/?post_type=product&#038;p=7986"},"modified":"2026-05-08T11:57:18","modified_gmt":"2026-05-08T08:57:18","slug":"beyaz-tahara-musk-17-gr","status":"publish","type":"product","link":"https:\/\/sarabperfumes.com\/tr\/urun\/beyaz-tahara-musk-17-gr\/","title":{"rendered":"beyaz tahara musk 17 gr"},"content":{"rendered":"","protected":false},"excerpt":{"rendered":"<ul>\n<li>24 saatten daha uzun s\u00fcre kal\u0131c\u0131, ferah ve ho\u015f bir kokuya sahiptir. \u015e\u0131k ve \u00f6zel tasar\u0131ml\u0131, kullan\u0131m\u0131 kolay ve herhangi bir mikrobun i\u00e7eri girmesini engelleyen steril bir ambalajda sunulur.<\/li>\n<\/ul>\n","protected":false},"featured_media":5062,"comment_status":"closed","ping_status":"closed","template":"","meta":{"_gspb_post_css":""},"product_brand":[],"product_cat":[47],"product_tag":[],"class_list":{"0":"post-7986","1":"product","2":"type-product","3":"status-publish","4":"has-post-thumbnail","6":"product_cat-vucut-bakimi","8":"first","9":"outofstock","10":"shipping-taxable","11":"purchasable","12":"product-type-simple"},"ct_brands":[],"_links":{"self":[{"href":"https:\/\/sarabperfumes.com\/tr\/wp-json\/wp\/v2\/product\/7986","targetHints":{"allow":["GET"]}}],"collection":[{"href":"https:\/\/sarabperfumes.com\/tr\/wp-json\/wp\/v2\/product"}],"about":[{"href":"https:\/\/sarabperfumes.com\/tr\/wp-json\/wp\/v2\/types\/product"}],"replies":[{"embeddable":true,"href":"https:\/\/sarabperfumes.com\/tr\/wp-json\/wp\/v2\/comments?post=7986"}],"wp:featuredmedia":[{"embeddable":true,"href":"https:\/\/sarabperfumes.com\/tr\/wp-json\/wp\/v2\/media\/5062"}],"wp:attachment":[{"href":"https:\/\/sarabperfumes.com\/tr\/wp-json\/wp\/v2\/media?parent=7986"}],"wp:term":[{"taxonomy":"product_brand","embeddable":true,"href":"https:\/\/sarabperfumes.com\/tr\/wp-json\/wp\/v2\/product_brand?post=7986"},{"taxonomy":"product_cat","embeddable":true,"href":"https:\/\/sarabperfumes.com\/tr\/wp-json\/wp\/v2\/product_cat?post=7986"},{"taxonomy":"product_tag","embeddable":true,"href":"https:\/\/sarabperfumes.com\/tr\/wp-json\/wp\/v2\/product_tag?post=7986"}],"curies":[{"name":"wp","href":"https:\/\/api.w.org\/{rel}","templated":true}]}}