{"id":7971,"date":"2025-01-21T16:02:06","date_gmt":"2025-01-21T13:02:06","guid":{"rendered":"https:\/\/sarabperfumes.com\/product\/pleasures-estee-lauder-kadin-parfum\/"},"modified":"2026-02-16T21:24:21","modified_gmt":"2026-02-16T18:24:21","slug":"pleasures-estee-lauder-kadin-parfum","status":"publish","type":"product","link":"https:\/\/sarabperfumes.com\/tr\/urun\/pleasures-estee-lauder-kadin-parfum\/","title":{"rendered":"Est\u00e9e Lauder Pleasures 106 Kad\u0131n parf\u00fcm\u00fc"},"content":{"rendered":"","protected":false},"excerpt":{"rendered":"<ul>\n<li><strong>Pleasures Est\u00e9e Lauder<\/strong><\/li>\n<li><strong>kal\u0131c\u0131l\u0131k<\/strong>: \u0130yi 6 ila 8 saat<\/li>\n<li> <strong>Orijinale benzerlik y\u00fczdesi:<\/strong> %80<\/li>\n<li><strong>Koku Ailesi:<\/strong> \u00e7i\u00e7eksi<\/li>\n<li> <strong>Koku Notalar\u0131<\/strong>: \u00dcst Notalar: Ye\u015fil Notalar, Frezya, Pembe Biber, Menek\u015fe, Menek\u015fe Yapraklar\u0131, S\u00fcmb\u00fclteber ve K\u0131rm\u0131z\u0131 Meyveler; Orta Notalar: \u0130nci \u00c7i\u00e7e\u011fi, \u015eakay\u0131k, Leylak, Zambak, G\u00fcl, Yasemin, Sardunya ve Karo-Karounde; Dip Notalar: Misk, Sedir A\u011fac\u0131, Sandal A\u011fac\u0131 ve Pa\u00e7uli.<\/li>\n<li><strong>Kullan\u0131m zaman\u0131:<\/strong> Her zaman<\/li>\n<li><strong>sezon:<\/strong> ilkbahar yaz<\/li>\n<li> <strong>\u00c7\u0131k\u0131\u015f y\u0131l\u0131<\/strong>: 1995<\/li>\n<\/ul>\n","protected":false},"featured_media":4907,"comment_status":"open","ping_status":"closed","template":"","meta":{"_gspb_post_css":""},"product_brand":[],"product_cat":[52],"product_tag":[181,57,93],"class_list":{"0":"post-7971","1":"product","2":"type-product","3":"status-publish","4":"has-post-thumbnail","6":"product_cat-acik-parfumler","7":"product_tag-ilkbahar-ve-yaz-parfumleri","8":"product_tag-kadin-parfumleri","9":"product_tag-rahatlama-icin-kadin-parfumleri","11":"first","12":"instock","13":"shipping-taxable","14":"purchasable","15":"product-type-variable","16":"has-default-attributes"},"ct_brands":[],"_links":{"self":[{"href":"https:\/\/sarabperfumes.com\/tr\/wp-json\/wp\/v2\/product\/7971","targetHints":{"allow":["GET"]}}],"collection":[{"href":"https:\/\/sarabperfumes.com\/tr\/wp-json\/wp\/v2\/product"}],"about":[{"href":"https:\/\/sarabperfumes.com\/tr\/wp-json\/wp\/v2\/types\/product"}],"replies":[{"embeddable":true,"href":"https:\/\/sarabperfumes.com\/tr\/wp-json\/wp\/v2\/comments?post=7971"}],"wp:featuredmedia":[{"embeddable":true,"href":"https:\/\/sarabperfumes.com\/tr\/wp-json\/wp\/v2\/media\/4907"}],"wp:attachment":[{"href":"https:\/\/sarabperfumes.com\/tr\/wp-json\/wp\/v2\/media?parent=7971"}],"wp:term":[{"taxonomy":"product_brand","embeddable":true,"href":"https:\/\/sarabperfumes.com\/tr\/wp-json\/wp\/v2\/product_brand?post=7971"},{"taxonomy":"product_cat","embeddable":true,"href":"https:\/\/sarabperfumes.com\/tr\/wp-json\/wp\/v2\/product_cat?post=7971"},{"taxonomy":"product_tag","embeddable":true,"href":"https:\/\/sarabperfumes.com\/tr\/wp-json\/wp\/v2\/product_tag?post=7971"}],"curies":[{"name":"wp","href":"https:\/\/api.w.org\/{rel}","templated":true}]}}