{"id":7848,"date":"2025-01-21T17:22:08","date_gmt":"2025-01-21T14:22:08","guid":{"rendered":"https:\/\/sarabperfumes.com\/product\/desire-blue-ocean-alfred-dunhill-erkek-parfum\/"},"modified":"2026-02-16T21:18:51","modified_gmt":"2026-02-16T18:18:51","slug":"desire-blue-ocean-alfred-dunhill-erkek-parfum","status":"publish","type":"product","link":"https:\/\/sarabperfumes.com\/tr\/urun\/desire-blue-ocean-alfred-dunhill-erkek-parfum\/","title":{"rendered":"Dunhill Desire Blue Ocean 182 erkek parf\u00fcm\u00fc"},"content":{"rendered":"","protected":false},"excerpt":{"rendered":"<ul>\n<li><strong>Desire Blue Ocean Alfred Dunhill<\/strong><\/li>\n<li><strong>kal\u0131c\u0131l\u0131k<\/strong>: \u0130yi 6 ila 8 saat<\/li>\n<li> Orijinale benzerlik :90%<\/li>\n<li><strong>Koku ailesi<\/strong>: odunsu sucul<\/li>\n<li><strong>Parf\u00fcm notalar\u0131<\/strong>: A\u00e7\u0131l\u0131\u015f notalar\u0131: narenciye; Kalp notalar\u0131: deniz esintisi; Baza notalar\u0131: pa\u00e7uli.<\/li>\n<li> <strong>Kullan\u0131m zaman\u0131:<\/strong> g\u00fcnl\u00fck<\/li>\n<li><strong>sezon:<\/strong> ilkbahar yaz<\/li>\n<li>\u00e7\u0131k\u0131\u015f y\u0131l\u0131: 2018<\/li>\n<\/ul>\n","protected":false},"featured_media":4939,"comment_status":"open","ping_status":"closed","template":"","meta":{"_gspb_post_css":""},"product_brand":[],"product_cat":[52],"product_tag":[55,110,181],"class_list":{"0":"post-7848","1":"product","2":"type-product","3":"status-publish","4":"has-post-thumbnail","6":"product_cat-acik-parfumler","7":"product_tag-erkek-parfumleri","8":"product_tag-gunluk-kokulari","9":"product_tag-ilkbahar-ve-yaz-parfumleri","11":"first","12":"instock","13":"shipping-taxable","14":"purchasable","15":"product-type-variable","16":"has-default-attributes"},"ct_brands":[],"_links":{"self":[{"href":"https:\/\/sarabperfumes.com\/tr\/wp-json\/wp\/v2\/product\/7848","targetHints":{"allow":["GET"]}}],"collection":[{"href":"https:\/\/sarabperfumes.com\/tr\/wp-json\/wp\/v2\/product"}],"about":[{"href":"https:\/\/sarabperfumes.com\/tr\/wp-json\/wp\/v2\/types\/product"}],"replies":[{"embeddable":true,"href":"https:\/\/sarabperfumes.com\/tr\/wp-json\/wp\/v2\/comments?post=7848"}],"wp:featuredmedia":[{"embeddable":true,"href":"https:\/\/sarabperfumes.com\/tr\/wp-json\/wp\/v2\/media\/4939"}],"wp:attachment":[{"href":"https:\/\/sarabperfumes.com\/tr\/wp-json\/wp\/v2\/media?parent=7848"}],"wp:term":[{"taxonomy":"product_brand","embeddable":true,"href":"https:\/\/sarabperfumes.com\/tr\/wp-json\/wp\/v2\/product_brand?post=7848"},{"taxonomy":"product_cat","embeddable":true,"href":"https:\/\/sarabperfumes.com\/tr\/wp-json\/wp\/v2\/product_cat?post=7848"},{"taxonomy":"product_tag","embeddable":true,"href":"https:\/\/sarabperfumes.com\/tr\/wp-json\/wp\/v2\/product_tag?post=7848"}],"curies":[{"name":"wp","href":"https:\/\/api.w.org\/{rel}","templated":true}]}}