{"id":7827,"date":"2025-01-21T16:14:22","date_gmt":"2025-01-21T13:14:22","guid":{"rendered":"https:\/\/sarabperfumes.com\/product\/jaguar-for-men-jaguar-erkek-parfum\/"},"modified":"2025-01-21T16:14:22","modified_gmt":"2025-01-21T13:14:22","slug":"jaguar-for-men-jaguar-erkek-parfum","status":"publish","type":"product","link":"https:\/\/sarabperfumes.com\/tr\/urun\/jaguar-for-men-jaguar-erkek-parfum\/","title":{"rendered":"Jaguar For Men Jaguar erkek parf\u00fcm"},"content":{"rendered":"","protected":false},"excerpt":{"rendered":"<ul>\n<li><strong>Jaguar For Men Jaguar<\/strong><\/li>\n<li><strong>kal\u0131c\u0131l\u0131k<\/strong>: \u0130yi 6 ila 8 saat<\/li>\n<li> <strong>Orijinale benzerlik :<\/strong>90%<\/li>\n<li><strong>Koku Ailesi: <\/strong>aromatik<\/li>\n<li><strong>Koku bile\u015fenleri: <\/strong>Koku ye\u015fil notalar, fesle\u011fen, portakal, greyfurt, lavanta, \u00c7in tar\u00e7\u0131n\u0131, mandalina, bergamot, kekik ve anasonla a\u00e7\u0131l\u0131yor; Kalp notalar\u0131: k\u00f6knar, karanfil, hindistan cevizi, ada\u00e7ay\u0131, tar\u00e7\u0131n, sardunya, kimyon, g\u00fcnl\u00fck, g\u00fcl, yasemin ve gardenya; Temel notalarda me\u015fe yosunu, t\u00fct\u00fcn, deri, e\u011frelti otu, sedir, pa\u00e7uli, sandal a\u011fac\u0131, misk, kehribar, tonka fasulyesi ve vanilya yer al\u0131yor.<\/li>\n<li> <strong>Kullan\u0131m zaman\u0131:<\/strong> g\u00fcnl\u00fck<\/li>\n<li><strong>Sezon: <\/strong>k\u0131\u015f ilkbahar sonbahar<\/li>\n<li><strong>\u00e7\u0131k\u0131\u015f y\u0131l\u0131: <\/strong>1988<\/li>\n<\/ul>\n","protected":false},"featured_media":4917,"comment_status":"open","ping_status":"closed","template":"","meta":{"_gspb_post_css":""},"product_brand":[],"product_cat":[52],"product_tag":[55,172,110],"class_list":{"0":"post-7827","1":"product","2":"type-product","3":"status-publish","4":"has-post-thumbnail","6":"product_cat-acik-parfumler","7":"product_tag-erkek-parfumleri","8":"product_tag-erkekler-icin-kis-parfumleri","9":"product_tag-gunluk-kokulari","11":"first","12":"outofstock","13":"shipping-taxable","14":"purchasable","15":"product-type-variable","16":"has-default-attributes"},"ct_brands":[],"_links":{"self":[{"href":"https:\/\/sarabperfumes.com\/tr\/wp-json\/wp\/v2\/product\/7827","targetHints":{"allow":["GET"]}}],"collection":[{"href":"https:\/\/sarabperfumes.com\/tr\/wp-json\/wp\/v2\/product"}],"about":[{"href":"https:\/\/sarabperfumes.com\/tr\/wp-json\/wp\/v2\/types\/product"}],"replies":[{"embeddable":true,"href":"https:\/\/sarabperfumes.com\/tr\/wp-json\/wp\/v2\/comments?post=7827"}],"wp:featuredmedia":[{"embeddable":true,"href":"https:\/\/sarabperfumes.com\/tr\/wp-json\/wp\/v2\/media\/4917"}],"wp:attachment":[{"href":"https:\/\/sarabperfumes.com\/tr\/wp-json\/wp\/v2\/media?parent=7827"}],"wp:term":[{"taxonomy":"product_brand","embeddable":true,"href":"https:\/\/sarabperfumes.com\/tr\/wp-json\/wp\/v2\/product_brand?post=7827"},{"taxonomy":"product_cat","embeddable":true,"href":"https:\/\/sarabperfumes.com\/tr\/wp-json\/wp\/v2\/product_cat?post=7827"},{"taxonomy":"product_tag","embeddable":true,"href":"https:\/\/sarabperfumes.com\/tr\/wp-json\/wp\/v2\/product_tag?post=7827"}],"curies":[{"name":"wp","href":"https:\/\/api.w.org\/{rel}","templated":true}]}}