{"id":7813,"date":"2025-01-21T17:37:03","date_gmt":"2025-01-21T14:37:03","guid":{"rendered":"https:\/\/sarabperfumes.com\/product\/dark-purple-montale-kadin-parfum\/"},"modified":"2026-02-16T21:08:08","modified_gmt":"2026-02-16T18:08:08","slug":"dark-purple-montale-kadin-parfum","status":"publish","type":"product","link":"https:\/\/sarabperfumes.com\/tr\/urun\/dark-purple-montale-kadin-parfum\/","title":{"rendered":"Dark Purple Montale 83 Kad\u0131n parf\u00fcm\u00fc<br><br>"},"content":{"rendered":"","protected":false},"excerpt":{"rendered":"<ul>\n<li><strong>Dark Purple Montale<\/strong><\/li>\n<li><strong>kal\u0131c\u0131l\u0131k<\/strong>: \u0130yi 6 ila 8 saat<\/li>\n<li> <strong>Orijinale benzerlik y\u00fczdesi:<\/strong> %80<\/li>\n<li>Koku Ailesi:Oryantal \u00e7i\u00e7ek<\/li>\n<li> <strong>Parf\u00fcm notalar\u0131<\/strong>:A\u00e7\u0131l\u0131\u015f notalar\u0131: erik ve portakal;<br \/>Kalp notalar\u0131: g\u00fcl, k\u0131rm\u0131z\u0131 meyveler, pa\u00e7uli ve sardunya;<br \/>Baza notalar\u0131: misk, tik a\u011fac\u0131 ve amber.<\/li>\n<li><strong>Kullan\u0131m zaman\u0131:<\/strong> gecelik<\/li>\n<li><strong>sezon: <\/strong>k\u0131\u015f sonbahar<\/li>\n<li> \u00c7\u0131k\u0131\u015f y\u0131l\u0131: 2011<\/li>\n<\/ul>\n","protected":false},"featured_media":4954,"comment_status":"open","ping_status":"closed","template":"","meta":{"_gspb_post_css":""},"product_brand":[],"product_cat":[52],"product_tag":[107,57,180],"class_list":{"0":"post-7813","1":"product","2":"type-product","3":"status-publish","4":"has-post-thumbnail","6":"product_cat-acik-parfumler","7":"product_tag-gece-kokulari","8":"product_tag-kadin-parfumleri","9":"product_tag-kis-kadin-parfumleri","11":"first","12":"instock","13":"shipping-taxable","14":"purchasable","15":"product-type-variable","16":"has-default-attributes"},"ct_brands":[],"_links":{"self":[{"href":"https:\/\/sarabperfumes.com\/tr\/wp-json\/wp\/v2\/product\/7813","targetHints":{"allow":["GET"]}}],"collection":[{"href":"https:\/\/sarabperfumes.com\/tr\/wp-json\/wp\/v2\/product"}],"about":[{"href":"https:\/\/sarabperfumes.com\/tr\/wp-json\/wp\/v2\/types\/product"}],"replies":[{"embeddable":true,"href":"https:\/\/sarabperfumes.com\/tr\/wp-json\/wp\/v2\/comments?post=7813"}],"wp:featuredmedia":[{"embeddable":true,"href":"https:\/\/sarabperfumes.com\/tr\/wp-json\/wp\/v2\/media\/4954"}],"wp:attachment":[{"href":"https:\/\/sarabperfumes.com\/tr\/wp-json\/wp\/v2\/media?parent=7813"}],"wp:term":[{"taxonomy":"product_brand","embeddable":true,"href":"https:\/\/sarabperfumes.com\/tr\/wp-json\/wp\/v2\/product_brand?post=7813"},{"taxonomy":"product_cat","embeddable":true,"href":"https:\/\/sarabperfumes.com\/tr\/wp-json\/wp\/v2\/product_cat?post=7813"},{"taxonomy":"product_tag","embeddable":true,"href":"https:\/\/sarabperfumes.com\/tr\/wp-json\/wp\/v2\/product_tag?post=7813"}],"curies":[{"name":"wp","href":"https:\/\/api.w.org\/{rel}","templated":true}]}}