{"id":7806,"date":"2025-01-21T17:41:32","date_gmt":"2025-01-21T14:41:32","guid":{"rendered":"https:\/\/sarabperfumes.com\/product\/roberto-cavalli-gold-edition-roberto-cavalli-kadin-parfum\/"},"modified":"2026-02-16T21:03:30","modified_gmt":"2026-02-16T18:03:30","slug":"roberto-cavalli-gold-edition-roberto-cavalli-kadin-parfum","status":"publish","type":"product","link":"https:\/\/sarabperfumes.com\/tr\/urun\/roberto-cavalli-gold-edition-roberto-cavalli-kadin-parfum\/","title":{"rendered":"Roberto Cavalli Gold Edition 199 Kad\u0131n"},"content":{"rendered":"","protected":false},"excerpt":{"rendered":"<ul>\n<li><strong>Roberto Cavalli Gold Edition Roberto Cavalli<\/strong><\/li>\n<li><strong>kal\u0131c\u0131l\u0131k<\/strong>: \u0130yi 6 ila 8 saat<\/li>\n<li> <strong>Orijinale benzerlik y\u00fczdesi:<\/strong> %80<\/li>\n<li><strong>Koku Ailesi: <\/strong>oryantal<\/li>\n<li> <strong> Parf\u00fcm notalar\u0131<\/strong>: \u00dcst notalar: safran; orta notalar: ud; alt notalar: t\u00fcts\u00fc.<\/li>\n<li><strong>Kullan\u0131m zaman\u0131:<\/strong> Her zaman<\/li>\n<li><strong>sezon: <\/strong>k\u0131\u015f sonbahar<\/li>\n<li> <strong> \u00c7\u0131k\u0131\u015f y\u0131l\u0131<\/strong>: 2014<\/li>\n<\/ul>\n","protected":false},"featured_media":4960,"comment_status":"open","ping_status":"closed","template":"","meta":{"_gspb_post_css":""},"product_brand":[],"product_cat":[52],"product_tag":[57,93],"class_list":{"0":"post-7806","1":"product","2":"type-product","3":"status-publish","4":"has-post-thumbnail","6":"product_cat-acik-parfumler","7":"product_tag-kadin-parfumleri","8":"product_tag-rahatlama-icin-kadin-parfumleri","10":"first","11":"instock","12":"shipping-taxable","13":"purchasable","14":"product-type-variable","15":"has-default-attributes"},"ct_brands":[],"_links":{"self":[{"href":"https:\/\/sarabperfumes.com\/tr\/wp-json\/wp\/v2\/product\/7806","targetHints":{"allow":["GET"]}}],"collection":[{"href":"https:\/\/sarabperfumes.com\/tr\/wp-json\/wp\/v2\/product"}],"about":[{"href":"https:\/\/sarabperfumes.com\/tr\/wp-json\/wp\/v2\/types\/product"}],"replies":[{"embeddable":true,"href":"https:\/\/sarabperfumes.com\/tr\/wp-json\/wp\/v2\/comments?post=7806"}],"wp:featuredmedia":[{"embeddable":true,"href":"https:\/\/sarabperfumes.com\/tr\/wp-json\/wp\/v2\/media\/4960"}],"wp:attachment":[{"href":"https:\/\/sarabperfumes.com\/tr\/wp-json\/wp\/v2\/media?parent=7806"}],"wp:term":[{"taxonomy":"product_brand","embeddable":true,"href":"https:\/\/sarabperfumes.com\/tr\/wp-json\/wp\/v2\/product_brand?post=7806"},{"taxonomy":"product_cat","embeddable":true,"href":"https:\/\/sarabperfumes.com\/tr\/wp-json\/wp\/v2\/product_cat?post=7806"},{"taxonomy":"product_tag","embeddable":true,"href":"https:\/\/sarabperfumes.com\/tr\/wp-json\/wp\/v2\/product_tag?post=7806"}],"curies":[{"name":"wp","href":"https:\/\/api.w.org\/{rel}","templated":true}]}}