{"id":7785,"date":"2025-01-21T18:30:39","date_gmt":"2025-01-21T15:30:39","guid":{"rendered":"https:\/\/sarabperfumes.com\/product\/boss-the-scent-for-her-hugo-boss-kadin-parfum\/"},"modified":"2026-02-16T20:54:14","modified_gmt":"2026-02-16T17:54:14","slug":"boss-the-scent-for-her-hugo-boss-kadin-parfum","status":"publish","type":"product","link":"https:\/\/sarabperfumes.com\/tr\/urun\/boss-the-scent-for-her-hugo-boss-kadin-parfum\/","title":{"rendered":"Hugo Boss Boss The Scent For Her 289 Kad\u0131n Parf\u00fcm\u00fc"},"content":{"rendered":"","protected":false},"excerpt":{"rendered":"<ul>\n<li><strong>Boss The Scent For Her Hugo Boss<\/strong><\/li>\n<li><strong>kal\u0131c\u0131l\u0131k<\/strong>: \u0130yi 6 ila 8 saat<\/li>\n<li> <strong>Orijinale benzerlik y\u00fczdesi:<\/strong> %80<\/li>\n<li><strong>Koku Ailesi:<\/strong> \u00e7i\u00e7eksi meyveli<\/li>\n<li> <strong> Parf\u00fcm notalar\u0131<\/strong>: \u00dcst notalar: \u015feftali ve frezya; Orta nota: osmanthus; Alt nota: kakao.<\/li>\n<li><strong>Kullan\u0131m zaman\u0131:<\/strong> g\u00fcnl\u00fck<\/li>\n<li><strong>sezon: <\/strong>\u0130lkbahar yaz sonbahar<\/li>\n<li> <strong> \u00c7\u0131k\u0131\u015f y\u0131l\u0131<\/strong>: 2016<\/li>\n<\/ul>\n","protected":false},"featured_media":4975,"comment_status":"open","ping_status":"closed","template":"","meta":{"_gspb_post_css":""},"product_brand":[],"product_cat":[52],"product_tag":[179,110,57,174,93],"class_list":{"0":"post-7785","1":"product","2":"type-product","3":"status-publish","4":"has-post-thumbnail","6":"product_cat-acik-parfumler","7":"product_tag-ciceksi-meyveli-kokular","8":"product_tag-gunluk-kokulari","9":"product_tag-kadin-parfumleri","10":"product_tag-kadinlar-icin-yaz-ve-ilkbahar-parfumleri","11":"product_tag-rahatlama-icin-kadin-parfumleri","13":"first","14":"instock","15":"shipping-taxable","16":"purchasable","17":"product-type-variable","18":"has-default-attributes"},"ct_brands":[],"_links":{"self":[{"href":"https:\/\/sarabperfumes.com\/tr\/wp-json\/wp\/v2\/product\/7785","targetHints":{"allow":["GET"]}}],"collection":[{"href":"https:\/\/sarabperfumes.com\/tr\/wp-json\/wp\/v2\/product"}],"about":[{"href":"https:\/\/sarabperfumes.com\/tr\/wp-json\/wp\/v2\/types\/product"}],"replies":[{"embeddable":true,"href":"https:\/\/sarabperfumes.com\/tr\/wp-json\/wp\/v2\/comments?post=7785"}],"wp:featuredmedia":[{"embeddable":true,"href":"https:\/\/sarabperfumes.com\/tr\/wp-json\/wp\/v2\/media\/4975"}],"wp:attachment":[{"href":"https:\/\/sarabperfumes.com\/tr\/wp-json\/wp\/v2\/media?parent=7785"}],"wp:term":[{"taxonomy":"product_brand","embeddable":true,"href":"https:\/\/sarabperfumes.com\/tr\/wp-json\/wp\/v2\/product_brand?post=7785"},{"taxonomy":"product_cat","embeddable":true,"href":"https:\/\/sarabperfumes.com\/tr\/wp-json\/wp\/v2\/product_cat?post=7785"},{"taxonomy":"product_tag","embeddable":true,"href":"https:\/\/sarabperfumes.com\/tr\/wp-json\/wp\/v2\/product_tag?post=7785"}],"curies":[{"name":"wp","href":"https:\/\/api.w.org\/{rel}","templated":true}]}}