{"id":7771,"date":"2025-01-21T18:40:16","date_gmt":"2025-01-21T15:40:16","guid":{"rendered":"https:\/\/sarabperfumes.com\/product\/touch-of-pink-lacoste-fragrances-kadin-parfum\/"},"modified":"2026-02-16T20:55:25","modified_gmt":"2026-02-16T17:55:25","slug":"touch-of-pink-lacoste-fragrances-kadin-parfum","status":"publish","type":"product","link":"https:\/\/sarabperfumes.com\/tr\/urun\/touch-of-pink-lacoste-fragrances-kadin-parfum\/","title":{"rendered":"Lacoste Touch of Pink 294 Kad\u0131n parf\u00fcm\u00fc"},"content":{"rendered":"","protected":false},"excerpt":{"rendered":"<ul>\n<li><strong>Touch of Pink Lacoste Fragrances<\/strong><\/li>\n<li><strong>kal\u0131c\u0131l\u0131k<\/strong>: \u0130yi 6 ila 8 saat<\/li>\n<li> <strong>Orijinale benzerlik y\u00fczdesi:<\/strong> %80<\/li>\n<li><strong>Koku Ailesi:<\/strong> \u00e7i\u00e7eksi meyveli<\/li>\n<li> <strong>Parf\u00fcm notalar\u0131:<\/strong><br \/>A\u00e7\u0131l\u0131\u015f notalar\u0131: portakal, \u015feftali, kan portakal\u0131, ki\u015fni\u015f ve kakule;<br \/>Kalp notalar\u0131: yasemin, ki\u015fni\u015f, kakule, menek\u015fe yapraklar\u0131 ve havu\u00e7 tohumlar\u0131;<br \/>Baza notalar\u0131: vanilya, misk ve sandal a\u011fac\u0131.<\/li>\n<li><strong>Kullan\u0131m zaman\u0131:<\/strong> Her zaman<\/li>\n<li><strong>sezon:<\/strong> ilkbahar yaz<\/li>\n<li> \u00c7\u0131k\u0131\u015f y\u0131l\u0131: 2004<\/li>\n<\/ul>\n","protected":false},"featured_media":4985,"comment_status":"open","ping_status":"closed","template":"","meta":{"_gspb_post_css":""},"product_brand":[],"product_cat":[52],"product_tag":[178,57,173,93],"class_list":{"0":"post-7771","1":"product","2":"type-product","3":"status-publish","4":"has-post-thumbnail","6":"product_cat-acik-parfumler","7":"product_tag-her-zaman-icin-kadin-parfumleri","8":"product_tag-kadin-parfumleri","9":"product_tag-meyveli-parfumler","10":"product_tag-rahatlama-icin-kadin-parfumleri","12":"first","13":"instock","14":"shipping-taxable","15":"purchasable","16":"product-type-variable","17":"has-default-attributes"},"ct_brands":[],"_links":{"self":[{"href":"https:\/\/sarabperfumes.com\/tr\/wp-json\/wp\/v2\/product\/7771","targetHints":{"allow":["GET"]}}],"collection":[{"href":"https:\/\/sarabperfumes.com\/tr\/wp-json\/wp\/v2\/product"}],"about":[{"href":"https:\/\/sarabperfumes.com\/tr\/wp-json\/wp\/v2\/types\/product"}],"replies":[{"embeddable":true,"href":"https:\/\/sarabperfumes.com\/tr\/wp-json\/wp\/v2\/comments?post=7771"}],"wp:featuredmedia":[{"embeddable":true,"href":"https:\/\/sarabperfumes.com\/tr\/wp-json\/wp\/v2\/media\/4985"}],"wp:attachment":[{"href":"https:\/\/sarabperfumes.com\/tr\/wp-json\/wp\/v2\/media?parent=7771"}],"wp:term":[{"taxonomy":"product_brand","embeddable":true,"href":"https:\/\/sarabperfumes.com\/tr\/wp-json\/wp\/v2\/product_brand?post=7771"},{"taxonomy":"product_cat","embeddable":true,"href":"https:\/\/sarabperfumes.com\/tr\/wp-json\/wp\/v2\/product_cat?post=7771"},{"taxonomy":"product_tag","embeddable":true,"href":"https:\/\/sarabperfumes.com\/tr\/wp-json\/wp\/v2\/product_tag?post=7771"}],"curies":[{"name":"wp","href":"https:\/\/api.w.org\/{rel}","templated":true}]}}