{"id":7764,"date":"2025-01-21T18:53:27","date_gmt":"2025-01-21T15:53:27","guid":{"rendered":"https:\/\/sarabperfumes.com\/product\/joy-by-dior-dior-kadin-parfum\/"},"modified":"2026-02-16T19:01:39","modified_gmt":"2026-02-16T16:01:39","slug":"joy-by-dior-dior-kadin-parfum","status":"publish","type":"product","link":"https:\/\/sarabperfumes.com\/tr\/urun\/joy-by-dior-dior-kadin-parfum\/","title":{"rendered":"Kad\u0131nlar i\u00e7in Joy Dior 297"},"content":{"rendered":"","protected":false},"excerpt":{"rendered":"<ul>\n<li><strong>Joy by Dior Dior<\/strong><\/li>\n<li><strong>kal\u0131c\u0131l\u0131k<\/strong>: \u0130yi 6 ila 8 saat<\/li>\n<li> <strong>Orijinale benzerlik y\u00fczdesi:<\/strong> %80<\/li>\n<li><strong>Koku Ailesi<\/strong>: \u00c7i\u00e7eksi Odunsu Misk<\/li>\n<li> <strong>Koku Notalar\u0131<\/strong>: \u00dcst Notalar: Bergamot ve Mandalina; Kalp Notalar: Yasemin, Grasse G\u00fcl\u00fc, \u015eeftali ve \u00c7in Tar\u00e7\u0131n Yapraklar\u0131; Dip Notalar: Beyaz Misk, Sandal A\u011fac\u0131, Sedir A\u011fac\u0131, Pa\u00e7uli ve Benzoin.<\/li>\n<li><strong>Kullan\u0131m zaman\u0131:<\/strong> Her zaman<\/li>\n<li><strong>sezon:<\/strong> ilkbahar yaz<\/li>\n<li> <strong>\u00e7\u0131k\u0131\u015f y\u0131l\u0131: <\/strong>2018<\/li>\n<\/ul>\n","protected":false},"featured_media":4990,"comment_status":"open","ping_status":"closed","template":"","meta":{"_gspb_post_css":""},"product_brand":[],"product_cat":[52],"product_tag":[177,57],"class_list":{"0":"post-7764","1":"product","2":"type-product","3":"status-publish","4":"has-post-thumbnail","6":"product_cat-acik-parfumler","7":"product_tag-ilkbahar-ve-sonbahar-parfumleri","8":"product_tag-kadin-parfumleri","10":"first","11":"instock","12":"shipping-taxable","13":"purchasable","14":"product-type-variable","15":"has-default-attributes"},"ct_brands":[],"_links":{"self":[{"href":"https:\/\/sarabperfumes.com\/tr\/wp-json\/wp\/v2\/product\/7764","targetHints":{"allow":["GET"]}}],"collection":[{"href":"https:\/\/sarabperfumes.com\/tr\/wp-json\/wp\/v2\/product"}],"about":[{"href":"https:\/\/sarabperfumes.com\/tr\/wp-json\/wp\/v2\/types\/product"}],"replies":[{"embeddable":true,"href":"https:\/\/sarabperfumes.com\/tr\/wp-json\/wp\/v2\/comments?post=7764"}],"wp:featuredmedia":[{"embeddable":true,"href":"https:\/\/sarabperfumes.com\/tr\/wp-json\/wp\/v2\/media\/4990"}],"wp:attachment":[{"href":"https:\/\/sarabperfumes.com\/tr\/wp-json\/wp\/v2\/media?parent=7764"}],"wp:term":[{"taxonomy":"product_brand","embeddable":true,"href":"https:\/\/sarabperfumes.com\/tr\/wp-json\/wp\/v2\/product_brand?post=7764"},{"taxonomy":"product_cat","embeddable":true,"href":"https:\/\/sarabperfumes.com\/tr\/wp-json\/wp\/v2\/product_cat?post=7764"},{"taxonomy":"product_tag","embeddable":true,"href":"https:\/\/sarabperfumes.com\/tr\/wp-json\/wp\/v2\/product_tag?post=7764"}],"curies":[{"name":"wp","href":"https:\/\/api.w.org\/{rel}","templated":true}]}}