{"id":7750,"date":"2025-01-21T19:01:48","date_gmt":"2025-01-21T16:01:48","guid":{"rendered":"https:\/\/sarabperfumes.com\/product\/the-night-frederic-malle-uniseks-parfum\/"},"modified":"2026-02-16T18:54:43","modified_gmt":"2026-02-16T15:54:43","slug":"the-night-frederic-malle-uniseks-parfum","status":"publish","type":"product","link":"https:\/\/sarabperfumes.com\/tr\/urun\/the-night-frederic-malle-uniseks-parfum\/","title":{"rendered":"The Night Frederic Malle 318 uniseks"},"content":{"rendered":"","protected":false},"excerpt":{"rendered":"<ul>\n<li><strong>The Night Frederic Malle<\/strong><\/li>\n<li><strong>Kal\u0131c\u0131l\u0131k<\/strong>: Efsanevi, 12 saatten fazla<\/li>\n<li> Orijinale benzerlik :90%<\/li>\n<li><strong>Koku Ailesi<\/strong>: Oryantal Odunsu<\/li>\n<li><strong>Parf\u00fcm notalar\u0131<\/strong>: \u00dcst notalarda T\u00fcrk g\u00fcl\u00fc ve safran; kalp notas\u0131n\u0131 Hint agarwood (oud) olu\u015fturur; baz notalar\u0131nda ise amber, t\u00fcts\u00fc ve sandal a\u011fac\u0131 bulunur.<\/li>\n<li> <strong>Kullan\u0131m Zaman\u0131<\/strong>: Gece<\/li>\n<li><strong>Mevsim<\/strong>: Sonbahar k\u0131\u015f<\/li>\n<li>Yay\u0131n y\u0131l\u0131: 2014<\/li>\n<\/ul>\n","protected":false},"featured_media":5000,"comment_status":"open","ping_status":"closed","template":"","meta":{"_gspb_post_css":""},"product_brand":[],"product_cat":[52],"product_tag":[107,105,106,56,101],"class_list":{"0":"post-7750","1":"product","2":"type-product","3":"status-publish","4":"has-post-thumbnail","6":"product_cat-acik-parfumler","7":"product_tag-gece-kokulari","8":"product_tag-oryantal-parfumler","9":"product_tag-sonbahar-kis-kokulari","10":"product_tag-uniseks-parfumler","11":"product_tag-zenginler-parfumu","13":"first","14":"instock","15":"shipping-taxable","16":"purchasable","17":"product-type-variable","18":"has-default-attributes"},"ct_brands":[],"_links":{"self":[{"href":"https:\/\/sarabperfumes.com\/tr\/wp-json\/wp\/v2\/product\/7750","targetHints":{"allow":["GET"]}}],"collection":[{"href":"https:\/\/sarabperfumes.com\/tr\/wp-json\/wp\/v2\/product"}],"about":[{"href":"https:\/\/sarabperfumes.com\/tr\/wp-json\/wp\/v2\/types\/product"}],"replies":[{"embeddable":true,"href":"https:\/\/sarabperfumes.com\/tr\/wp-json\/wp\/v2\/comments?post=7750"}],"wp:featuredmedia":[{"embeddable":true,"href":"https:\/\/sarabperfumes.com\/tr\/wp-json\/wp\/v2\/media\/5000"}],"wp:attachment":[{"href":"https:\/\/sarabperfumes.com\/tr\/wp-json\/wp\/v2\/media?parent=7750"}],"wp:term":[{"taxonomy":"product_brand","embeddable":true,"href":"https:\/\/sarabperfumes.com\/tr\/wp-json\/wp\/v2\/product_brand?post=7750"},{"taxonomy":"product_cat","embeddable":true,"href":"https:\/\/sarabperfumes.com\/tr\/wp-json\/wp\/v2\/product_cat?post=7750"},{"taxonomy":"product_tag","embeddable":true,"href":"https:\/\/sarabperfumes.com\/tr\/wp-json\/wp\/v2\/product_tag?post=7750"}],"curies":[{"name":"wp","href":"https:\/\/api.w.org\/{rel}","templated":true}]}}