{"id":7743,"date":"2025-01-21T19:24:14","date_gmt":"2025-01-21T16:24:14","guid":{"rendered":"https:\/\/sarabperfumes.com\/product\/cedrat-boise-mancera-uniseks-parfum\/"},"modified":"2026-02-16T18:46:56","modified_gmt":"2026-02-16T15:46:56","slug":"cedrat-boise-mancera-uniseks-parfum","status":"publish","type":"product","link":"https:\/\/sarabperfumes.com\/tr\/urun\/cedrat-boise-mancera-uniseks-parfum\/","title":{"rendered":"Cedrat Boise Mancera 270 uniseks"},"content":{"rendered":"","protected":false},"excerpt":{"rendered":"<ul>\n<li><strong>Cedrat Boise Mancera<\/strong><\/li>\n<li><strong>kal\u0131c\u0131l\u0131k<\/strong>: \u0130yi 6 ila 8 saat<\/li>\n<li> Orijinale benzerlik :90%<\/li>\n<li><strong>Koku Ailesi<\/strong>:Aromatik narenciye<\/li>\n<li><strong>Parf\u00fcm notalar\u0131<\/strong>: \u00dcst notalarda Sicilya limonu, siyah frenk \u00fcz\u00fcm\u00fc, bergamot ve baharat aromas\u0131; kalp notalar\u0131nda meyve notalar\u0131, pa\u00e7uli yapraklar\u0131 ve su yasemini; baz notalar\u0131nda ise sedir a\u011fac\u0131, deri, sandal a\u011fac\u0131, vanilya, beyaz misk ve yosun bulunur.<\/li>\n<li> <strong>Kullan\u0131m zaman\u0131:<\/strong> g\u00fcnl\u00fck<\/li>\n<li><strong>sezon: <\/strong>\u0130lkbahar yaz sonbahar<\/li>\n<li><strong>\u0633\u0646\u0629 \u0627\u0644\u0625\u0635\u062f\u0627\u0631<\/strong>: 2011<\/li>\n<\/ul>\n","protected":false},"featured_media":5005,"comment_status":"open","ping_status":"closed","template":"","meta":{"_gspb_post_css":""},"product_brand":[],"product_cat":[52],"product_tag":[110,177,56],"class_list":{"0":"post-7743","1":"product","2":"type-product","3":"status-publish","4":"has-post-thumbnail","6":"product_cat-acik-parfumler","7":"product_tag-gunluk-kokulari","8":"product_tag-ilkbahar-ve-sonbahar-parfumleri","9":"product_tag-uniseks-parfumler","11":"first","12":"instock","13":"shipping-taxable","14":"purchasable","15":"product-type-variable","16":"has-default-attributes"},"ct_brands":[],"_links":{"self":[{"href":"https:\/\/sarabperfumes.com\/tr\/wp-json\/wp\/v2\/product\/7743","targetHints":{"allow":["GET"]}}],"collection":[{"href":"https:\/\/sarabperfumes.com\/tr\/wp-json\/wp\/v2\/product"}],"about":[{"href":"https:\/\/sarabperfumes.com\/tr\/wp-json\/wp\/v2\/types\/product"}],"replies":[{"embeddable":true,"href":"https:\/\/sarabperfumes.com\/tr\/wp-json\/wp\/v2\/comments?post=7743"}],"wp:featuredmedia":[{"embeddable":true,"href":"https:\/\/sarabperfumes.com\/tr\/wp-json\/wp\/v2\/media\/5005"}],"wp:attachment":[{"href":"https:\/\/sarabperfumes.com\/tr\/wp-json\/wp\/v2\/media?parent=7743"}],"wp:term":[{"taxonomy":"product_brand","embeddable":true,"href":"https:\/\/sarabperfumes.com\/tr\/wp-json\/wp\/v2\/product_brand?post=7743"},{"taxonomy":"product_cat","embeddable":true,"href":"https:\/\/sarabperfumes.com\/tr\/wp-json\/wp\/v2\/product_cat?post=7743"},{"taxonomy":"product_tag","embeddable":true,"href":"https:\/\/sarabperfumes.com\/tr\/wp-json\/wp\/v2\/product_tag?post=7743"}],"curies":[{"name":"wp","href":"https:\/\/api.w.org\/{rel}","templated":true}]}}