{"id":7729,"date":"2025-01-21T19:53:00","date_gmt":"2025-01-21T16:53:00","guid":{"rendered":"https:\/\/sarabperfumes.com\/product\/interlude-man-amouage-erkek-parfum\/"},"modified":"2026-02-16T18:40:33","modified_gmt":"2026-02-16T15:40:33","slug":"interlude-man-amouage-erkek-parfum","status":"publish","type":"product","link":"https:\/\/sarabperfumes.com\/tr\/urun\/interlude-man-amouage-erkek-parfum\/","title":{"rendered":"Interlude Amouage 280 Erkek"},"content":{"rendered":"","protected":false},"excerpt":{"rendered":"<ul>\n<li><strong>Interlude Man Amouage<\/strong><\/li>\n<li><strong>kal\u0131c\u0131l\u0131k<\/strong>: \u0130yi 6 ila 8 saat<\/li>\n<li> Orijinale benzerlik :90%<\/li>\n<li><strong>Koku Ailesi<\/strong>: Oryantal Odunsu<\/li>\n<li><strong>Koku Notalar\u0131<\/strong>: \u00dcst Notalar: Kekik, Biber ve Bergamot; Kalp Notalar\u0131: T\u00fcts\u00fc, Opoponax, Amber ve Labdanum; Dip Notalar: Ud, Deri, Sandal A\u011fac\u0131 ve Pa\u00e7uli.<\/li>\n<li> <strong>Kullan\u0131m Zaman\u0131<\/strong>: Gece<\/li>\n<li><strong>sezon: <\/strong>k\u0131\u015f sonbahar<\/li>\n<li><strong>\u00c7\u0131k\u0131\u015f Y\u0131l\u0131<\/strong>: 2012<\/li>\n<\/ul>\n","protected":false},"featured_media":5015,"comment_status":"open","ping_status":"closed","template":"","meta":{"_gspb_post_css":""},"product_brand":[],"product_cat":[52],"product_tag":[55,172,107,105,106],"class_list":{"0":"post-7729","1":"product","2":"type-product","3":"status-publish","4":"has-post-thumbnail","6":"product_cat-acik-parfumler","7":"product_tag-erkek-parfumleri","8":"product_tag-erkekler-icin-kis-parfumleri","9":"product_tag-gece-kokulari","10":"product_tag-oryantal-parfumler","11":"product_tag-sonbahar-kis-kokulari","13":"first","14":"instock","15":"shipping-taxable","16":"purchasable","17":"product-type-variable","18":"has-default-attributes"},"ct_brands":[],"_links":{"self":[{"href":"https:\/\/sarabperfumes.com\/tr\/wp-json\/wp\/v2\/product\/7729","targetHints":{"allow":["GET"]}}],"collection":[{"href":"https:\/\/sarabperfumes.com\/tr\/wp-json\/wp\/v2\/product"}],"about":[{"href":"https:\/\/sarabperfumes.com\/tr\/wp-json\/wp\/v2\/types\/product"}],"replies":[{"embeddable":true,"href":"https:\/\/sarabperfumes.com\/tr\/wp-json\/wp\/v2\/comments?post=7729"}],"wp:featuredmedia":[{"embeddable":true,"href":"https:\/\/sarabperfumes.com\/tr\/wp-json\/wp\/v2\/media\/5015"}],"wp:attachment":[{"href":"https:\/\/sarabperfumes.com\/tr\/wp-json\/wp\/v2\/media?parent=7729"}],"wp:term":[{"taxonomy":"product_brand","embeddable":true,"href":"https:\/\/sarabperfumes.com\/tr\/wp-json\/wp\/v2\/product_brand?post=7729"},{"taxonomy":"product_cat","embeddable":true,"href":"https:\/\/sarabperfumes.com\/tr\/wp-json\/wp\/v2\/product_cat?post=7729"},{"taxonomy":"product_tag","embeddable":true,"href":"https:\/\/sarabperfumes.com\/tr\/wp-json\/wp\/v2\/product_tag?post=7729"}],"curies":[{"name":"wp","href":"https:\/\/api.w.org\/{rel}","templated":true}]}}