{"id":7701,"date":"2025-04-19T14:20:12","date_gmt":"2025-04-19T11:20:12","guid":{"rendered":"https:\/\/sarabperfumes.com\/product\/althair-parfums-de-marly-erkek-parfum\/"},"modified":"2026-01-19T02:07:31","modified_gmt":"2026-01-18T23:07:31","slug":"althair-parfums-de-marly-erkek-parfum","status":"publish","type":"product","link":"https:\/\/sarabperfumes.com\/tr\/urun\/althair-parfums-de-marly-erkek-parfum\/","title":{"rendered":"Altha\u00efr Parfums de Marly erkek parf\u00fcm"},"content":{"rendered":"","protected":false},"excerpt":{"rendered":"<ul>\n<li>Altha\u00efr Parfums de Marly<\/li>\n<li><strong>kal\u0131c\u0131l\u0131k<\/strong>: \u0130yi 6 ila 8 saat<\/li>\n<li> <strong>Orijinale benzerlik :<\/strong>90%<\/li>\n<li><strong>Koku Ailesi:<\/strong> Oryantal vanilya<\/li>\n<li><strong>Koku bile\u015fenleri:<\/strong> \u00dcst notalarda tar\u00e7\u0131n, kakule, portakal \u00e7i\u00e7e\u011fi ve bergamot; Kokunun kalbi Bourbon vanilya ve elemi; Temel notalarda ise pralin, misk, ambroksan, guaiac a\u011fac\u0131, tonka fasulyesi ve pralin yer al\u0131yor.<\/li>\n<li> <strong>Kullan\u0131m zaman\u0131: <\/strong>gecelik<\/li>\n<li><strong>sezon: <\/strong>k\u0131\u015f sonbahar<\/li>\n<li><strong>\u00e7\u0131k\u0131\u015f y\u0131l\u0131: <\/strong>2023<\/li>\n<\/ul>\n","protected":false},"featured_media":5435,"comment_status":"open","ping_status":"closed","template":"","meta":{"_gspb_post_css":""},"product_brand":[],"product_cat":[52],"product_tag":[55,53],"class_list":{"0":"post-7701","1":"product","2":"type-product","3":"status-publish","4":"has-post-thumbnail","6":"product_cat-acik-parfumler","7":"product_tag-erkek-parfumleri","8":"product_tag-kampanyalar-ve-indirimler","10":"first","11":"instock","12":"shipping-taxable","13":"purchasable","14":"product-type-variable","15":"has-default-attributes"},"ct_brands":[],"_links":{"self":[{"href":"https:\/\/sarabperfumes.com\/tr\/wp-json\/wp\/v2\/product\/7701","targetHints":{"allow":["GET"]}}],"collection":[{"href":"https:\/\/sarabperfumes.com\/tr\/wp-json\/wp\/v2\/product"}],"about":[{"href":"https:\/\/sarabperfumes.com\/tr\/wp-json\/wp\/v2\/types\/product"}],"replies":[{"embeddable":true,"href":"https:\/\/sarabperfumes.com\/tr\/wp-json\/wp\/v2\/comments?post=7701"}],"wp:featuredmedia":[{"embeddable":true,"href":"https:\/\/sarabperfumes.com\/tr\/wp-json\/wp\/v2\/media\/5435"}],"wp:attachment":[{"href":"https:\/\/sarabperfumes.com\/tr\/wp-json\/wp\/v2\/media?parent=7701"}],"wp:term":[{"taxonomy":"product_brand","embeddable":true,"href":"https:\/\/sarabperfumes.com\/tr\/wp-json\/wp\/v2\/product_brand?post=7701"},{"taxonomy":"product_cat","embeddable":true,"href":"https:\/\/sarabperfumes.com\/tr\/wp-json\/wp\/v2\/product_cat?post=7701"},{"taxonomy":"product_tag","embeddable":true,"href":"https:\/\/sarabperfumes.com\/tr\/wp-json\/wp\/v2\/product_tag?post=7701"}],"curies":[{"name":"wp","href":"https:\/\/api.w.org\/{rel}","templated":true}]}}