{"id":7680,"date":"2025-05-12T14:52:17","date_gmt":"2025-05-12T11:52:17","guid":{"rendered":"https:\/\/sarabperfumes.com\/product\/layton-parfums-de-marly-uniseks-parfum\/"},"modified":"2026-05-08T11:16:19","modified_gmt":"2026-05-08T08:16:19","slug":"layton-parfums-de-marly-uniseks-parfum","status":"publish","type":"product","link":"https:\/\/sarabperfumes.com\/tr\/urun\/layton-parfums-de-marly-uniseks-parfum\/","title":{"rendered":"Layton Parfums de Marly \u00dcniseks parf\u00fcm"},"content":{"rendered":"","protected":false},"excerpt":{"rendered":"<ul>\n<li><strong>Layton Parfums de Marly<\/strong><\/li>\n<li><strong>kal\u0131c\u0131l\u0131k<\/strong>: \u0130yi 6 ila 8 saat<\/li>\n<li> <strong>Orijinale benzerlik y\u00fczdesi:<\/strong> %80<\/li>\n<li><strong>Koku Ailesi:<\/strong>Oryantal \u00e7i\u00e7ek<\/li>\n<li><strong>Koku bile\u015fenleri<\/strong>: \u00dcst notalarda elma, lavanta, bergamot ve mandalina; Kokunun kalbi sardunya, menek\u015fe ve yasemin; Alt notalarda ise vanilya, kakule, sandal a\u011fac\u0131, biber, guaiac a\u011fac\u0131 ve pa\u00e7uli yer al\u0131yor.<\/li>\n<li> <strong>Kullan\u0131m zaman\u0131:<\/strong> her zaman<\/li>\n<li><strong>sezon:<\/strong> \u0130lkbahar, Sonbahar, K\u0131\u015f<\/li>\n<li><strong>\u00e7\u0131k\u0131\u015f y\u0131l\u0131: <\/strong>2016<\/li>\n<\/ul>\n","protected":false},"featured_media":7567,"comment_status":"open","ping_status":"closed","template":"","meta":{"_gspb_post_css":""},"product_brand":[],"product_cat":[52],"product_tag":[107,110,106,56],"class_list":{"0":"post-7680","1":"product","2":"type-product","3":"status-publish","4":"has-post-thumbnail","6":"product_cat-acik-parfumler","7":"product_tag-gece-kokulari","8":"product_tag-gunluk-kokulari","9":"product_tag-sonbahar-kis-kokulari","10":"product_tag-uniseks-parfumler","12":"first","13":"outofstock","14":"shipping-taxable","15":"purchasable","16":"product-type-variable","17":"has-default-attributes"},"ct_brands":[],"_links":{"self":[{"href":"https:\/\/sarabperfumes.com\/tr\/wp-json\/wp\/v2\/product\/7680","targetHints":{"allow":["GET"]}}],"collection":[{"href":"https:\/\/sarabperfumes.com\/tr\/wp-json\/wp\/v2\/product"}],"about":[{"href":"https:\/\/sarabperfumes.com\/tr\/wp-json\/wp\/v2\/types\/product"}],"replies":[{"embeddable":true,"href":"https:\/\/sarabperfumes.com\/tr\/wp-json\/wp\/v2\/comments?post=7680"}],"wp:featuredmedia":[{"embeddable":true,"href":"https:\/\/sarabperfumes.com\/tr\/wp-json\/wp\/v2\/media\/7567"}],"wp:attachment":[{"href":"https:\/\/sarabperfumes.com\/tr\/wp-json\/wp\/v2\/media?parent=7680"}],"wp:term":[{"taxonomy":"product_brand","embeddable":true,"href":"https:\/\/sarabperfumes.com\/tr\/wp-json\/wp\/v2\/product_brand?post=7680"},{"taxonomy":"product_cat","embeddable":true,"href":"https:\/\/sarabperfumes.com\/tr\/wp-json\/wp\/v2\/product_cat?post=7680"},{"taxonomy":"product_tag","embeddable":true,"href":"https:\/\/sarabperfumes.com\/tr\/wp-json\/wp\/v2\/product_tag?post=7680"}],"curies":[{"name":"wp","href":"https:\/\/api.w.org\/{rel}","templated":true}]}}