{"id":7669,"date":"2025-05-19T16:46:35","date_gmt":"2025-05-19T13:46:35","guid":{"rendered":"https:\/\/sarabperfumes.com\/product\/her-blossom-kadin-parfum-100-mledp\/"},"modified":"2025-05-19T16:46:35","modified_gmt":"2025-05-19T13:46:35","slug":"her-blossom-kadin-parfum-100-mledp","status":"publish","type":"product","link":"https:\/\/sarabperfumes.com\/tr\/urun\/her-blossom-kadin-parfum-100-mledp\/","title":{"rendered":"Her Blossom kad\u0131n parf\u00fcm (100 ml)(edp)"},"content":{"rendered":"","protected":false},"excerpt":{"rendered":"<p><strong>Bu parf\u00fcm\u00fcn ilham ald\u0131\u011f\u0131 koku<\/strong><\/p>\n<ul>\n<li><strong>Burberry Her Blossom<\/strong><\/li>\n<li><strong>kal\u0131c\u0131l\u0131k<\/strong>: \u0130yi 6 ila 8 saat<\/li>\n<li><strong>Koku Ailesi:<\/strong> \u00e7i\u00e7eksi meyveli<\/li>\n<li> <strong>Parf\u00fcm i\u00e7erikleri :<\/strong> \u00dcst notalar: Mandalina ve pembe biber; orta notalar: \u015fakay\u0131k ve erik \u00e7i\u00e7e\u011fi; Alt notalar: misk ve sandal a\u011fac\u0131<\/li>\n<li><strong>Kullan\u0131m zaman\u0131:<\/strong> g\u00fcnl\u00fck<\/li>\n<li><strong>sezon:<\/strong> Yaz Bahar<\/li>\n<li> <strong>\u00e7\u0131k\u0131\u015f y\u0131l\u0131<\/strong>: 2025<\/li>\n<\/ul>\n","protected":false},"featured_media":7607,"comment_status":"closed","ping_status":"closed","template":"","meta":{"_gspb_post_css":""},"product_brand":[],"product_cat":[49],"product_tag":[57,174,173,140,175],"class_list":{"0":"post-7669","1":"product","2":"type-product","3":"status-publish","4":"has-post-thumbnail","6":"product_cat-hazir-parfumler","7":"product_tag-kadin-parfumleri","8":"product_tag-kadinlar-icin-yaz-ve-ilkbahar-parfumleri","9":"product_tag-meyveli-parfumler","10":"product_tag-sarab-ozel-parfumler","11":"product_tag-yumusak-parfumler","13":"first","14":"instock","15":"shipping-taxable","16":"purchasable","17":"product-type-simple"},"ct_brands":[],"_links":{"self":[{"href":"https:\/\/sarabperfumes.com\/tr\/wp-json\/wp\/v2\/product\/7669","targetHints":{"allow":["GET"]}}],"collection":[{"href":"https:\/\/sarabperfumes.com\/tr\/wp-json\/wp\/v2\/product"}],"about":[{"href":"https:\/\/sarabperfumes.com\/tr\/wp-json\/wp\/v2\/types\/product"}],"replies":[{"embeddable":true,"href":"https:\/\/sarabperfumes.com\/tr\/wp-json\/wp\/v2\/comments?post=7669"}],"wp:featuredmedia":[{"embeddable":true,"href":"https:\/\/sarabperfumes.com\/tr\/wp-json\/wp\/v2\/media\/7607"}],"wp:attachment":[{"href":"https:\/\/sarabperfumes.com\/tr\/wp-json\/wp\/v2\/media?parent=7669"}],"wp:term":[{"taxonomy":"product_brand","embeddable":true,"href":"https:\/\/sarabperfumes.com\/tr\/wp-json\/wp\/v2\/product_brand?post=7669"},{"taxonomy":"product_cat","embeddable":true,"href":"https:\/\/sarabperfumes.com\/tr\/wp-json\/wp\/v2\/product_cat?post=7669"},{"taxonomy":"product_tag","embeddable":true,"href":"https:\/\/sarabperfumes.com\/tr\/wp-json\/wp\/v2\/product_tag?post=7669"}],"curies":[{"name":"wp","href":"https:\/\/api.w.org\/{rel}","templated":true}]}}