{"id":7668,"date":"2025-05-19T16:53:04","date_gmt":"2025-05-19T13:53:04","guid":{"rendered":"https:\/\/sarabperfumes.com\/product\/erba-pura-uniseks-parfum-100-mledp\/"},"modified":"2025-10-13T02:11:34","modified_gmt":"2025-10-12T23:11:34","slug":"erba-pura-uniseks-parfum-100-mledp","status":"publish","type":"product","link":"https:\/\/sarabperfumes.com\/tr\/urun\/erba-pura-uniseks-parfum-100-mledp\/","title":{"rendered":"erba pura \u00dcniseks parf\u00fcm (100 ml)(edp)"},"content":{"rendered":"","protected":false},"excerpt":{"rendered":"<p><strong>Bu parf\u00fcm\u00fcn ilham ald\u0131\u011f\u0131 koku<\/strong><\/p>\n<ul>\n<li><strong>Erba Pura Sospiro Perfumes<\/strong><\/li>\n<li><strong>kal\u0131c\u0131l\u0131k : <\/strong>\u015eahane 12 saat daha fazla<\/li>\n<li><strong>Koku Ailesi: <\/strong>oryantal<\/li>\n<li><strong>Parf\u00fcm i\u00e7erikleri :<\/strong> \u00dcst notalar: Portakal, bergamot ve limon; Kalp: meyveler; Alt notalar : beyaz misk, amber ve Madagaskar vanilyas\u0131.<\/li>\n<li><strong>Kullan\u0131m zaman\u0131:<\/strong> Her zaman<\/li>\n<li><strong>sezon: <\/strong>T\u00fcm sezonlar<\/li>\n<li><strong>\u00e7\u0131k\u0131\u015f y\u0131l\u0131<\/strong>: 2025<\/li>\n<li>\n<\/li>\n<\/ul>\n","protected":false},"featured_media":7618,"comment_status":"closed","ping_status":"closed","template":"","meta":{"_gspb_post_css":""},"product_brand":[],"product_cat":[49],"product_tag":[171,108,140,109,56],"class_list":{"0":"post-7668","1":"product","2":"type-product","3":"status-publish","4":"has-post-thumbnail","6":"product_cat-hazir-parfumler","7":"product_tag-benzersiz-parfumler","8":"product_tag-sahane-kalicilik","9":"product_tag-sarab-ozel-parfumler","10":"product_tag-tum-sezonlara-parfumler","11":"product_tag-uniseks-parfumler","13":"first","14":"instock","15":"shipping-taxable","16":"purchasable","17":"product-type-simple"},"ct_brands":[],"_links":{"self":[{"href":"https:\/\/sarabperfumes.com\/tr\/wp-json\/wp\/v2\/product\/7668","targetHints":{"allow":["GET"]}}],"collection":[{"href":"https:\/\/sarabperfumes.com\/tr\/wp-json\/wp\/v2\/product"}],"about":[{"href":"https:\/\/sarabperfumes.com\/tr\/wp-json\/wp\/v2\/types\/product"}],"replies":[{"embeddable":true,"href":"https:\/\/sarabperfumes.com\/tr\/wp-json\/wp\/v2\/comments?post=7668"}],"wp:featuredmedia":[{"embeddable":true,"href":"https:\/\/sarabperfumes.com\/tr\/wp-json\/wp\/v2\/media\/7618"}],"wp:attachment":[{"href":"https:\/\/sarabperfumes.com\/tr\/wp-json\/wp\/v2\/media?parent=7668"}],"wp:term":[{"taxonomy":"product_brand","embeddable":true,"href":"https:\/\/sarabperfumes.com\/tr\/wp-json\/wp\/v2\/product_brand?post=7668"},{"taxonomy":"product_cat","embeddable":true,"href":"https:\/\/sarabperfumes.com\/tr\/wp-json\/wp\/v2\/product_cat?post=7668"},{"taxonomy":"product_tag","embeddable":true,"href":"https:\/\/sarabperfumes.com\/tr\/wp-json\/wp\/v2\/product_tag?post=7668"}],"curies":[{"name":"wp","href":"https:\/\/api.w.org\/{rel}","templated":true}]}}