{"id":7654,"date":"2025-05-19T17:17:26","date_gmt":"2025-05-19T14:17:26","guid":{"rendered":"https:\/\/sarabperfumes.com\/?post_type=product&#038;p=7654"},"modified":"2025-05-19T18:08:44","modified_gmt":"2025-05-19T15:08:44","slug":"gibran-erkek-parfum-100-ml-%d9%86%d8%b3%d8%ae%d8%a9-%d9%86%d8%b3%d8%ae%d8%a9","status":"publish","type":"product","link":"https:\/\/sarabperfumes.com\/tr\/urun\/gibran-erkek-parfum-100-ml-%d9%86%d8%b3%d8%ae%d8%a9-%d9%86%d8%b3%d8%ae%d8%a9\/","title":{"rendered":"sava\u015f erkek parf\u00fcm (100 ml)(edp)"},"content":{"rendered":"<p>Bu koku, Do\u011fu&#8217;nun incelik ve g\u00f6rkemini sunar ve cesaret ve heyecan tarz\u0131n\u0131 yans\u0131t\u0131r. \u00c7i\u00e7ek ve meyve tonlar\u0131n\u0131 s\u0131cak karamel ve sandal a\u011fac\u0131 dokunu\u015fuyla harmanlayarak \u00f6zel g\u00fcnleriniz i\u00e7in m\u00fckemmel hale getiriyor.   <\/p>\n","protected":false},"excerpt":{"rendered":"<p><strong>Bu parf\u00fcm\u00fcn ilham ald\u0131\u011f\u0131 koku <\/strong><\/p>\n<ul>\n<li><strong>Sauvage Dior<\/strong><\/li>\n<li><strong>kal\u0131c\u0131l\u0131k<\/strong>: \u0130yi 6 ila 8 saat<\/li>\n<li> <strong>Koku Ailesi:<\/strong> Aromatik Foug\u00e8re<\/li>\n<li> <strong>\u00dcst notalar: <\/strong> \u00dcst notalar: Calabria bergamotu ve biberi; kalp: Sichuan biberi, lavanta, pembe biber, g\u00fcve otu, pa\u00e7uli, sardunya ve elemi; Alt notalar: Ambroksan, sedir a\u011fac\u0131 ve labdanum.<\/li>\n<li><strong>Kullan\u0131m zaman\u0131:<\/strong> T\u00fcm zamanlar<\/li>\n<li><strong>sezon:<\/strong> T\u00fcm sezonlar<\/li>\n<li><strong>\u00e7\u0131k\u0131\u015f y\u0131l\u0131: <\/strong> 2025<\/li>\n<li>\n<\/li>\n<\/ul>\n","protected":false},"featured_media":7656,"comment_status":"open","ping_status":"closed","template":"","meta":{"_gspb_post_css":""},"product_brand":[],"product_cat":[49],"product_tag":[171,98,55,140,109],"class_list":{"0":"post-7654","1":"product","2":"type-product","3":"status-publish","4":"has-post-thumbnail","6":"product_cat-hazir-parfumler","7":"product_tag-benzersiz-parfumler","8":"product_tag-en-cok-satan","9":"product_tag-erkek-parfumleri","10":"product_tag-sarab-ozel-parfumler","11":"product_tag-tum-sezonlara-parfumler","13":"first","14":"instock","15":"shipping-taxable","16":"purchasable","17":"product-type-simple"},"ct_brands":[],"_links":{"self":[{"href":"https:\/\/sarabperfumes.com\/tr\/wp-json\/wp\/v2\/product\/7654","targetHints":{"allow":["GET"]}}],"collection":[{"href":"https:\/\/sarabperfumes.com\/tr\/wp-json\/wp\/v2\/product"}],"about":[{"href":"https:\/\/sarabperfumes.com\/tr\/wp-json\/wp\/v2\/types\/product"}],"replies":[{"embeddable":true,"href":"https:\/\/sarabperfumes.com\/tr\/wp-json\/wp\/v2\/comments?post=7654"}],"wp:featuredmedia":[{"embeddable":true,"href":"https:\/\/sarabperfumes.com\/tr\/wp-json\/wp\/v2\/media\/7656"}],"wp:attachment":[{"href":"https:\/\/sarabperfumes.com\/tr\/wp-json\/wp\/v2\/media?parent=7654"}],"wp:term":[{"taxonomy":"product_brand","embeddable":true,"href":"https:\/\/sarabperfumes.com\/tr\/wp-json\/wp\/v2\/product_brand?post=7654"},{"taxonomy":"product_cat","embeddable":true,"href":"https:\/\/sarabperfumes.com\/tr\/wp-json\/wp\/v2\/product_cat?post=7654"},{"taxonomy":"product_tag","embeddable":true,"href":"https:\/\/sarabperfumes.com\/tr\/wp-json\/wp\/v2\/product_tag?post=7654"}],"curies":[{"name":"wp","href":"https:\/\/api.w.org\/{rel}","templated":true}]}}