{"id":7640,"date":"2025-05-19T17:10:33","date_gmt":"2025-05-19T14:10:33","guid":{"rendered":"https:\/\/sarabperfumes.com\/?post_type=product&#038;p=7640"},"modified":"2025-05-25T16:51:27","modified_gmt":"2025-05-25T13:51:27","slug":"gibran-erkek-parfum-100-ml-%d9%86%d8%b3%d8%ae%d8%a9","status":"publish","type":"product","link":"https:\/\/sarabperfumes.com\/tr\/urun\/gibran-erkek-parfum-100-ml-%d9%86%d8%b3%d8%ae%d8%a9\/","title":{"rendered":"you strong erkek parf\u00fcm 100 ml"},"content":{"rendered":"<p>Bu koku, Do\u011fu&#8217;nun incelik ve g\u00f6rkemini sunar ve cesaret ve heyecan tarz\u0131n\u0131 yans\u0131t\u0131r. \u00c7i\u00e7ek ve meyve tonlar\u0131n\u0131 s\u0131cak karamel ve sandal a\u011fac\u0131 dokunu\u015fuyla harmanlayarak \u00f6zel g\u00fcnleriniz i\u00e7in m\u00fckemmel hale getiriyor.   <\/p>\n","protected":false},"excerpt":{"rendered":"<p><strong>Bu parf\u00fcm\u00fcn ilham ald\u0131\u011f\u0131 koku <\/strong><\/p>\n<ul>\n<li><strong>Emporio Armani Stronger With You Intensely<\/strong><\/li>\n<li><strong>kal\u0131c\u0131l\u0131k<\/strong>: \u0130yi 6 ila 8 saat<\/li>\n<li><strong>Koku Ailesi:<\/strong> Oryantal Fougere<\/li>\n<li> <strong>Parf\u00fcm i\u00e7erikleri :<\/strong> \u00dcst notalar: pembe biber, ard\u0131\u00e7 ve menek\u015fe; orta notalar: \u015fekerleme, tar\u00e7\u0131n, lavanta ve ada\u00e7ay\u0131; Alt notalar : vanilya, tonka , amber ve s\u00fcet.<\/li>\n<li><strong>Kullan\u0131m zaman\u0131:<\/strong> gecelik<\/li>\n<li><strong>sezon: <\/strong>k\u0131\u015f sonbahar<\/li>\n<li> <strong>\u00e7\u0131k\u0131\u015f y\u0131l\u0131<\/strong>: 2025<\/li>\n<\/ul>\n","protected":false},"featured_media":7642,"comment_status":"open","ping_status":"closed","template":"","meta":{"_gspb_post_css":""},"product_brand":[],"product_cat":[49],"product_tag":[171,98,172,140],"class_list":{"0":"post-7640","1":"product","2":"type-product","3":"status-publish","4":"has-post-thumbnail","6":"product_cat-hazir-parfumler","7":"product_tag-benzersiz-parfumler","8":"product_tag-en-cok-satan","9":"product_tag-erkekler-icin-kis-parfumleri","10":"product_tag-sarab-ozel-parfumler","12":"first","13":"instock","14":"shipping-taxable","15":"purchasable","16":"product-type-simple"},"ct_brands":[],"_links":{"self":[{"href":"https:\/\/sarabperfumes.com\/tr\/wp-json\/wp\/v2\/product\/7640","targetHints":{"allow":["GET"]}}],"collection":[{"href":"https:\/\/sarabperfumes.com\/tr\/wp-json\/wp\/v2\/product"}],"about":[{"href":"https:\/\/sarabperfumes.com\/tr\/wp-json\/wp\/v2\/types\/product"}],"replies":[{"embeddable":true,"href":"https:\/\/sarabperfumes.com\/tr\/wp-json\/wp\/v2\/comments?post=7640"}],"wp:featuredmedia":[{"embeddable":true,"href":"https:\/\/sarabperfumes.com\/tr\/wp-json\/wp\/v2\/media\/7642"}],"wp:attachment":[{"href":"https:\/\/sarabperfumes.com\/tr\/wp-json\/wp\/v2\/media?parent=7640"}],"wp:term":[{"taxonomy":"product_brand","embeddable":true,"href":"https:\/\/sarabperfumes.com\/tr\/wp-json\/wp\/v2\/product_brand?post=7640"},{"taxonomy":"product_cat","embeddable":true,"href":"https:\/\/sarabperfumes.com\/tr\/wp-json\/wp\/v2\/product_cat?post=7640"},{"taxonomy":"product_tag","embeddable":true,"href":"https:\/\/sarabperfumes.com\/tr\/wp-json\/wp\/v2\/product_tag?post=7640"}],"curies":[{"name":"wp","href":"https:\/\/api.w.org\/{rel}","templated":true}]}}