{"id":4044,"date":"2024-02-17T16:42:14","date_gmt":"2024-02-17T13:42:14","guid":{"rendered":"https:\/\/sarabperfumes.com\/product\/royal-musk-uniseks-parfum-50-ml\/"},"modified":"2024-02-17T16:42:14","modified_gmt":"2024-02-17T13:42:14","slug":"royal-musk-uniseks-parfum-50-ml","status":"publish","type":"product","link":"https:\/\/sarabperfumes.com\/tr\/urun\/royal-musk-uniseks-parfum-50-ml\/","title":{"rendered":"Royal Musk \u00dcniseks parf\u00fcm (50 ml)"},"content":{"rendered":"<p>Bu koku, yumu\u015fak beyaz \u00e7i\u00e7ekler ile ud ve misk dokunu\u015flar\u0131n\u0131n bir kar\u0131\u015f\u0131m\u0131n\u0131 i\u00e7erir. Levant&#8217;\u0131n modern ve canl\u0131 ruhunu yans\u0131tarak m\u00fckemmellik arayanlar i\u00e7in ideal bir se\u00e7imdir. Unutulmaz bir izlenim b\u0131rakan, her zaman i\u00e7in uygun, benzersiz, uzun \u00f6m\u00fcrl\u00fc bir form\u00fcl.    <\/p>\n","protected":false},"excerpt":{"rendered":"<ul>\n<li><strong>Royal Musk By Sarab Perfumes Eau De Parfum<\/strong><\/li>\n<li><strong>Koku Ailesi:<\/strong> oryantal \u00e7i\u00e7eksi misk<\/li>\n<li> <strong>Parf\u00fcm i\u00e7erikleri :<\/strong> \u00dcst notalar: Ud ve beyaz \u00e7i\u00e7ekler; Kalp: tonka fasulyesi; Alt notalar : misk.<\/li>\n<li><strong>Kullan\u0131m zaman\u0131:<\/strong> g\u00fcnl\u00fck<\/li>\n<li><strong>sezon: <\/strong>T\u00fcm sezonlar<\/li>\n<li> <strong>\u00e7\u0131k\u0131\u015f y\u0131l\u0131:<\/strong> 2023<\/li>\n<\/ul>\n","protected":false},"featured_media":1385,"comment_status":"open","ping_status":"closed","template":"","meta":{"_gspb_post_css":""},"product_brand":[],"product_cat":[49],"product_tag":[171,111,140,56],"class_list":{"0":"post-4044","1":"product","2":"type-product","3":"status-publish","4":"has-post-thumbnail","6":"product_cat-hazir-parfumler","7":"product_tag-benzersiz-parfumler","8":"product_tag-cok-kalici","9":"product_tag-sarab-ozel-parfumler","10":"product_tag-uniseks-parfumler","12":"first","13":"instock","14":"shipping-taxable","15":"purchasable","16":"product-type-simple"},"ct_brands":[],"_links":{"self":[{"href":"https:\/\/sarabperfumes.com\/tr\/wp-json\/wp\/v2\/product\/4044","targetHints":{"allow":["GET"]}}],"collection":[{"href":"https:\/\/sarabperfumes.com\/tr\/wp-json\/wp\/v2\/product"}],"about":[{"href":"https:\/\/sarabperfumes.com\/tr\/wp-json\/wp\/v2\/types\/product"}],"replies":[{"embeddable":true,"href":"https:\/\/sarabperfumes.com\/tr\/wp-json\/wp\/v2\/comments?post=4044"}],"wp:featuredmedia":[{"embeddable":true,"href":"https:\/\/sarabperfumes.com\/tr\/wp-json\/wp\/v2\/media\/1385"}],"wp:attachment":[{"href":"https:\/\/sarabperfumes.com\/tr\/wp-json\/wp\/v2\/media?parent=4044"}],"wp:term":[{"taxonomy":"product_brand","embeddable":true,"href":"https:\/\/sarabperfumes.com\/tr\/wp-json\/wp\/v2\/product_brand?post=4044"},{"taxonomy":"product_cat","embeddable":true,"href":"https:\/\/sarabperfumes.com\/tr\/wp-json\/wp\/v2\/product_cat?post=4044"},{"taxonomy":"product_tag","embeddable":true,"href":"https:\/\/sarabperfumes.com\/tr\/wp-json\/wp\/v2\/product_tag?post=4044"}],"curies":[{"name":"wp","href":"https:\/\/api.w.org\/{rel}","templated":true}]}}