{"id":4043,"date":"2024-03-19T15:21:42","date_gmt":"2024-03-19T12:21:42","guid":{"rendered":"https:\/\/sarabperfumes.com\/product\/la-rosey-kadin-parfumu-50-ml\/"},"modified":"2024-03-19T15:21:42","modified_gmt":"2024-03-19T12:21:42","slug":"la-rosey-kadin-parfumu-50-ml","status":"publish","type":"product","link":"https:\/\/sarabperfumes.com\/tr\/urun\/la-rosey-kadin-parfumu-50-ml\/","title":{"rendered":"la rosey kad\u0131n parf\u00fcm\u00fc (50 ml)"},"content":{"rendered":"<p><span style=\"font-weight: 400;\">Bu koku, k\u0131rm\u0131z\u0131 g\u00fcller ve pembe biberden olu\u015fan bir a\u00e7\u0131l\u0131\u015f ve T\u00fcrk g\u00fcl\u00fc ve ahududu \u00e7i\u00e7e\u011finden olu\u015fan kokunun bir kalbi ile ger\u00e7ek kad\u0131nl\u0131\u011f\u0131n anlam ve de\u011ferlerini \u00f6zetleyen narin ve yumu\u015fak bile\u015fenlerin bir kar\u0131\u015f\u0131m\u0131na sahiptir. Kokunun tamam\u0131 saz ve amberden olu\u015fuyor. L\u00fcks ve modernli\u011fin \u00f6z\u00fcn\u00fc yans\u0131tan zarif ve kad\u0131ns\u0131 bir koku. G\u00fcnl\u00fck kullan\u0131m ve \u00f6zel g\u00fcnleriniz i\u00e7in m\u00fckemmel.<\/span><\/p>\n","protected":false},"excerpt":{"rendered":"<ul>\n<li><strong>la rosey by sarab perfumes eau de parfum<\/strong><\/li>\n<li><strong>Koku Ailesi:<\/strong>Oryantal ac\u0131<\/li>\n<li> <strong>Parf\u00fcm i\u00e7erikleri : <\/strong>\u00dcst notalar: K\u0131rm\u0131z\u0131 g\u00fcller ve pembe biber; Kalp: T\u00fcrk g\u00fcl\u00fc ve ahududu \u00e7i\u00e7e\u011fi; Alt notalar notalar saz ve amberdir.<\/li>\n<li><strong>Kullan\u0131m zaman\u0131:<\/strong> Her zaman<\/li>\n<li><strong>sezon: <\/strong>T\u00fcm sezonlar<\/li>\n<li> <strong>\u00e7\u0131k\u0131\u015f y\u0131l\u0131: <\/strong>2024<\/li>\n<\/ul>\n","protected":false},"featured_media":1988,"comment_status":"closed","ping_status":"closed","template":"","meta":{"_gspb_post_css":""},"product_brand":[],"product_cat":[49],"product_tag":[171,57,109,175],"class_list":{"0":"post-4043","1":"product","2":"type-product","3":"status-publish","4":"has-post-thumbnail","6":"product_cat-hazir-parfumler","7":"product_tag-benzersiz-parfumler","8":"product_tag-kadin-parfumleri","9":"product_tag-tum-sezonlara-parfumler","10":"product_tag-yumusak-parfumler","12":"first","13":"instock","14":"sale","15":"shipping-taxable","16":"purchasable","17":"product-type-simple"},"ct_brands":[],"_links":{"self":[{"href":"https:\/\/sarabperfumes.com\/tr\/wp-json\/wp\/v2\/product\/4043","targetHints":{"allow":["GET"]}}],"collection":[{"href":"https:\/\/sarabperfumes.com\/tr\/wp-json\/wp\/v2\/product"}],"about":[{"href":"https:\/\/sarabperfumes.com\/tr\/wp-json\/wp\/v2\/types\/product"}],"replies":[{"embeddable":true,"href":"https:\/\/sarabperfumes.com\/tr\/wp-json\/wp\/v2\/comments?post=4043"}],"wp:featuredmedia":[{"embeddable":true,"href":"https:\/\/sarabperfumes.com\/tr\/wp-json\/wp\/v2\/media\/1988"}],"wp:attachment":[{"href":"https:\/\/sarabperfumes.com\/tr\/wp-json\/wp\/v2\/media?parent=4043"}],"wp:term":[{"taxonomy":"product_brand","embeddable":true,"href":"https:\/\/sarabperfumes.com\/tr\/wp-json\/wp\/v2\/product_brand?post=4043"},{"taxonomy":"product_cat","embeddable":true,"href":"https:\/\/sarabperfumes.com\/tr\/wp-json\/wp\/v2\/product_cat?post=4043"},{"taxonomy":"product_tag","embeddable":true,"href":"https:\/\/sarabperfumes.com\/tr\/wp-json\/wp\/v2\/product_tag?post=4043"}],"curies":[{"name":"wp","href":"https:\/\/api.w.org\/{rel}","templated":true}]}}