{"id":3692,"date":"2024-07-22T16:23:05","date_gmt":"2024-07-22T13:23:05","guid":{"rendered":"https:\/\/sarabperfumes.com\/product\/opulent-musk-lattafa-kadin-parfum-100-ml\/"},"modified":"2024-07-22T16:23:05","modified_gmt":"2024-07-22T13:23:05","slug":"opulent-musk-lattafa-kadin-parfum-100-ml","status":"publish","type":"product","link":"https:\/\/sarabperfumes.com\/tr\/urun\/opulent-musk-lattafa-kadin-parfum-100-ml\/","title":{"rendered":"Opulent Musk Lattafa kad\u0131n parf\u00fcm (100 ml)"},"content":{"rendered":"<p>Opulent Musk kendine \u00f6zg\u00fc oryantal Arap parf\u00fcmleri yaratma konusundaki yeterlili\u011fini kan\u0131tlam\u0131\u015f ve hafife al\u0131namayacak kadar y\u00fcksek sat\u0131\u015f ve \u015f\u00f6hret elde eden Arap \u015firketi Lattafa&#8217;dan. G\u00fcn\u00fcn\u00fcze tam bir aktivite ile ba\u015flaman\u0131z i\u00e7in canl\u0131l\u0131k dolu \u00f6zel bir tat veren li\u00e7i ve taze \u015feftali kombinasyonunun yan\u0131 s\u0131ra, g\u00fcn\u00fcn\u00fcz\u00fc lezzetli meyvelerin aromas\u0131yla dolduran \u00e7ok canland\u0131r\u0131c\u0131 aromatik bir kombinasyon. Geleneksel rutini k\u0131rma konusunda tutkulu olan \u00f6zg\u00fcr ruh i\u00e7in \u00f6zel olarak tasarland\u0131.<\/p>\n","protected":false},"excerpt":{"rendered":"<ul>\n<li>\n<h1 class=\"text-center medium-text-left\">Opulent Musk Lattafa Perfumes<\/h1>\n<\/li>\n<li><strong>Koku konsantrasyonu: <\/strong>Eau de Parfum<\/li>\n<li> <strong>Boyut: <\/strong>100 ml<\/li>\n<li><strong>Koku Ailesi: <\/strong>oryantal<\/li>\n<li> <strong>Parf\u00fcm i\u00e7erikleri : <\/strong>\u00dcst notalar: Beyaz misk, safran ve limon; Kalp: beyaz \u00e7i\u00e7ekler ve yasemin; Alt notalar : beyaz misk, sedir a\u011fac\u0131, amber, re\u00e7ineler ve k\u00f6knar tutkal\u0131.<\/li>\n<li><strong>Kullan\u0131m zaman\u0131:<\/strong> her zaman<\/li>\n<li><strong>sezon:<\/strong> t\u00fcm sezonlar<\/li>\n<li> <strong> \u00e7\u0131k\u0131\u015f y\u0131l\u0131<\/strong>: 2019<\/li>\n<\/ul>\n","protected":false},"featured_media":2863,"comment_status":"closed","ping_status":"closed","template":"","meta":{"_gspb_post_css":""},"product_brand":[],"product_cat":[113],"product_tag":[114,115],"class_list":{"0":"post-3692","1":"product","2":"type-product","3":"status-publish","4":"has-post-thumbnail","6":"product_cat-arap-sirketlerinin-parfumleri","7":"product_tag-arap-sirketlerinin-parfumleri","8":"product_tag-lattafa","10":"first","11":"outofstock","12":"shipping-taxable","13":"purchasable","14":"product-type-simple"},"ct_brands":[],"_links":{"self":[{"href":"https:\/\/sarabperfumes.com\/tr\/wp-json\/wp\/v2\/product\/3692","targetHints":{"allow":["GET"]}}],"collection":[{"href":"https:\/\/sarabperfumes.com\/tr\/wp-json\/wp\/v2\/product"}],"about":[{"href":"https:\/\/sarabperfumes.com\/tr\/wp-json\/wp\/v2\/types\/product"}],"replies":[{"embeddable":true,"href":"https:\/\/sarabperfumes.com\/tr\/wp-json\/wp\/v2\/comments?post=3692"}],"wp:featuredmedia":[{"embeddable":true,"href":"https:\/\/sarabperfumes.com\/tr\/wp-json\/wp\/v2\/media\/2863"}],"wp:attachment":[{"href":"https:\/\/sarabperfumes.com\/tr\/wp-json\/wp\/v2\/media?parent=3692"}],"wp:term":[{"taxonomy":"product_brand","embeddable":true,"href":"https:\/\/sarabperfumes.com\/tr\/wp-json\/wp\/v2\/product_brand?post=3692"},{"taxonomy":"product_cat","embeddable":true,"href":"https:\/\/sarabperfumes.com\/tr\/wp-json\/wp\/v2\/product_cat?post=3692"},{"taxonomy":"product_tag","embeddable":true,"href":"https:\/\/sarabperfumes.com\/tr\/wp-json\/wp\/v2\/product_tag?post=3692"}],"curies":[{"name":"wp","href":"https:\/\/api.w.org\/{rel}","templated":true}]}}