{"id":3691,"date":"2024-07-22T17:25:42","date_gmt":"2024-07-22T14:25:42","guid":{"rendered":"https:\/\/sarabperfumes.com\/product\/ejaazi-lattafa-erkek-parfum-100-ml\/"},"modified":"2024-07-22T17:25:42","modified_gmt":"2024-07-22T14:25:42","slug":"ejaazi-lattafa-erkek-parfum-100-ml","status":"publish","type":"product","link":"https:\/\/sarabperfumes.com\/tr\/urun\/ejaazi-lattafa-erkek-parfum-100-ml\/","title":{"rendered":"Ejaazi Lattafa erkek parf\u00fcm (100 ml)"},"content":{"rendered":"<p>Ejaazi kendine \u00f6zg\u00fc oryantal Arap parf\u00fcmleri yaratmada de\u011ferini kan\u0131tlam\u0131\u015f ve hafife al\u0131namayacak kadar y\u00fcksek sat\u0131\u015f ve \u015f\u00f6hret elde eden Arap \u015firketi Lattafa&#8217;dan. Erkekler i\u00e7in b\u00fcy\u00fcleyici oryantal bir koku, s\u0131cak ve ate\u015fli, ayn\u0131 zamanda kadifemsi ve yumu\u015fak. Safran ve karabiber ile lavanta ve ada\u00e7ay\u0131 aras\u0131ndaki net kontrast, ki\u015fili\u011finizin g\u00fcc\u00fcn\u00fc somutla\u015ft\u0131r\u0131r ve g\u00f6r\u00fcn\u00fcm\u00fcn\u00fcz\u00fc saran \u00e7eli\u015fkili ama \u00e7ok dengeli bir koku. Uzun saatler s\u00fcren \u015f\u0131kl\u0131k ve \u00f6zel \u00e7ekicilik dokunu\u015flar\u0131.<\/p>\n","protected":false},"excerpt":{"rendered":"<ul>\n<li>\n<h1 class=\"text-center medium-text-left\">Ejaazi Lattafa Perfumes<\/h1>\n<\/li>\n<li><strong>Koku konsantrasyonu: <\/strong>Eau de Parfum<\/li>\n<li> <strong>Boyut: <\/strong>100 ml<\/li>\n<li><strong>Koku Ailesi: <\/strong>oryantal<\/li>\n<li> <strong>Parf\u00fcm i\u00e7erikleri :<\/strong> \u00dcst notalar: Narenciye, lavanta, kakule, portakal ve mersin; Kalp: biber, pa\u00e7uli, vadi zamba\u011f\u0131 ve tar\u00e7\u0131n yapraklar\u0131; Alt notalar : ambroksan, orman, amber, sedir a\u011fac\u0131, me\u015fe yosunu ve g\u00fcve otu.<\/li>\n<li><strong>Kullan\u0131m zaman\u0131:<\/strong> her zaman<\/li>\n<li><strong>sezon: <\/strong>T\u00fcm sezonlar<\/li>\n<li> <strong>\u00e7\u0131k\u0131\u015f y\u0131l\u0131:<\/strong> 2018<\/li>\n<\/ul>\n","protected":false},"featured_media":2884,"comment_status":"closed","ping_status":"closed","template":"","meta":{"_gspb_post_css":""},"product_brand":[],"product_cat":[113],"product_tag":[114,115],"class_list":{"0":"post-3691","1":"product","2":"type-product","3":"status-publish","4":"has-post-thumbnail","6":"product_cat-arap-sirketlerinin-parfumleri","7":"product_tag-arap-sirketlerinin-parfumleri","8":"product_tag-lattafa","10":"first","11":"outofstock","12":"shipping-taxable","13":"purchasable","14":"product-type-simple"},"ct_brands":[],"_links":{"self":[{"href":"https:\/\/sarabperfumes.com\/tr\/wp-json\/wp\/v2\/product\/3691","targetHints":{"allow":["GET"]}}],"collection":[{"href":"https:\/\/sarabperfumes.com\/tr\/wp-json\/wp\/v2\/product"}],"about":[{"href":"https:\/\/sarabperfumes.com\/tr\/wp-json\/wp\/v2\/types\/product"}],"replies":[{"embeddable":true,"href":"https:\/\/sarabperfumes.com\/tr\/wp-json\/wp\/v2\/comments?post=3691"}],"wp:featuredmedia":[{"embeddable":true,"href":"https:\/\/sarabperfumes.com\/tr\/wp-json\/wp\/v2\/media\/2884"}],"wp:attachment":[{"href":"https:\/\/sarabperfumes.com\/tr\/wp-json\/wp\/v2\/media?parent=3691"}],"wp:term":[{"taxonomy":"product_brand","embeddable":true,"href":"https:\/\/sarabperfumes.com\/tr\/wp-json\/wp\/v2\/product_brand?post=3691"},{"taxonomy":"product_cat","embeddable":true,"href":"https:\/\/sarabperfumes.com\/tr\/wp-json\/wp\/v2\/product_cat?post=3691"},{"taxonomy":"product_tag","embeddable":true,"href":"https:\/\/sarabperfumes.com\/tr\/wp-json\/wp\/v2\/product_tag?post=3691"}],"curies":[{"name":"wp","href":"https:\/\/api.w.org\/{rel}","templated":true}]}}