{"id":3690,"date":"2024-07-22T18:24:40","date_gmt":"2024-07-22T15:24:40","guid":{"rendered":"https:\/\/sarabperfumes.com\/product\/raed-luxe-lattafa-erkek-parfum-100-ml\/"},"modified":"2024-07-22T18:24:40","modified_gmt":"2024-07-22T15:24:40","slug":"raed-luxe-lattafa-erkek-parfum-100-ml","status":"publish","type":"product","link":"https:\/\/sarabperfumes.com\/tr\/urun\/raed-luxe-lattafa-erkek-parfum-100-ml\/","title":{"rendered":"Ra&#8217;ed Luxe Lattafa erkek parf\u00fcm (100 ml)"},"content":{"rendered":"<p>Ra&#8217;ed Luxe kendine \u00f6zg\u00fc oryantal Arap parf\u00fcmleri yaratmada de\u011ferini kan\u0131tlam\u0131\u015f ve hafife al\u0131namayacak kadar y\u00fcksek sat\u0131\u015f ve \u015f\u00f6hret elde eden Arap \u015firketi Lattafa&#8217;dan. Erkeklere her durumda yak\u0131\u015fan profesyonel bir koku tasar\u0131m\u0131. Ard\u0131\u00e7 kokular\u0131, ananas ve yasemin ile ba\u015flayarak kokunuzu \u00e7ekici k\u0131lar. Parf\u00fcm\u00fcn kalbi, ilk ba\u015fta lavanta aromas\u0131n\u0131 tar\u00e7\u0131n\u0131n s\u0131cakl\u0131\u011f\u0131yla yayar ve bu da dokunu\u015f katar. Kar\u015f\u0131 konulmaz s\u0131cakl\u0131\u011f\u0131n kokusu, g\u00fcve otu ve vanilyan\u0131n lezzetli \u00e7ileklerle harmanlanmas\u0131yla dikkat \u00e7eken bir koku sunar. Yo\u011fun g\u00fcnlerinizde ve \u00f6zel ak\u015famlar\u0131n\u0131zda kokusu uzun saatler boyunca kal\u0131c\u0131d\u0131r.<\/p>\n","protected":false},"excerpt":{"rendered":"<ul>\n<li>\n<h1 class=\"text-center medium-text-left\">Ra&#8217;ed Luxe Lattafa Perfumes<\/h1>\n<\/li>\n<li><strong>Koku konsantrasyonu: <\/strong>Eau de Parfum<\/li>\n<li> <strong>Boyut: <\/strong>100 ml<\/li>\n<li><strong>Koku Ailesi:<\/strong>Oryantal ac\u0131<\/li>\n<li> <strong>Parf\u00fcm i\u00e7erikleri : <\/strong>\u00dcst notalar: Ard\u0131\u00e7, karpuz, ananas, yasemin, ipek \u00e7i\u00e7e\u011fi ve pembe biber; Kalp: lavanta, bitkisel notalar, ada\u00e7ay\u0131 ve tar\u00e7\u0131n; Alt notalar : buz, \u00e7ilek, amber, vetiver, misk, vanilya, sandal a\u011fac\u0131, tonka ve kestane.<\/li>\n<li><strong>Kullan\u0131m zaman\u0131:<\/strong> her zaman<\/li>\n<li><strong>sezon: <\/strong>\u0130lkbahar yaz sonbahar<\/li>\n<li> <strong> \u00e7\u0131k\u0131\u015f y\u0131l\u0131<\/strong>: 2019<\/li>\n<\/ul>\n","protected":false},"featured_media":2900,"comment_status":"closed","ping_status":"closed","template":"","meta":{"_gspb_post_css":""},"product_brand":[],"product_cat":[113],"product_tag":[114,115],"class_list":{"0":"post-3690","1":"product","2":"type-product","3":"status-publish","4":"has-post-thumbnail","6":"product_cat-arap-sirketlerinin-parfumleri","7":"product_tag-arap-sirketlerinin-parfumleri","8":"product_tag-lattafa","10":"first","11":"outofstock","12":"shipping-taxable","13":"purchasable","14":"product-type-simple"},"ct_brands":[],"_links":{"self":[{"href":"https:\/\/sarabperfumes.com\/tr\/wp-json\/wp\/v2\/product\/3690","targetHints":{"allow":["GET"]}}],"collection":[{"href":"https:\/\/sarabperfumes.com\/tr\/wp-json\/wp\/v2\/product"}],"about":[{"href":"https:\/\/sarabperfumes.com\/tr\/wp-json\/wp\/v2\/types\/product"}],"replies":[{"embeddable":true,"href":"https:\/\/sarabperfumes.com\/tr\/wp-json\/wp\/v2\/comments?post=3690"}],"wp:featuredmedia":[{"embeddable":true,"href":"https:\/\/sarabperfumes.com\/tr\/wp-json\/wp\/v2\/media\/2900"}],"wp:attachment":[{"href":"https:\/\/sarabperfumes.com\/tr\/wp-json\/wp\/v2\/media?parent=3690"}],"wp:term":[{"taxonomy":"product_brand","embeddable":true,"href":"https:\/\/sarabperfumes.com\/tr\/wp-json\/wp\/v2\/product_brand?post=3690"},{"taxonomy":"product_cat","embeddable":true,"href":"https:\/\/sarabperfumes.com\/tr\/wp-json\/wp\/v2\/product_cat?post=3690"},{"taxonomy":"product_tag","embeddable":true,"href":"https:\/\/sarabperfumes.com\/tr\/wp-json\/wp\/v2\/product_tag?post=3690"}],"curies":[{"name":"wp","href":"https:\/\/api.w.org\/{rel}","templated":true}]}}