{"id":3689,"date":"2024-08-01T15:04:59","date_gmt":"2024-08-01T12:04:59","guid":{"rendered":"https:\/\/sarabperfumes.com\/product\/faqat-lil-rijal-rasasi-erkek-parfum-50-ml\/"},"modified":"2024-08-01T15:04:59","modified_gmt":"2024-08-01T12:04:59","slug":"faqat-lil-rijal-rasasi-erkek-parfum-50-ml","status":"publish","type":"product","link":"https:\/\/sarabperfumes.com\/tr\/urun\/faqat-lil-rijal-rasasi-erkek-parfum-50-ml\/","title":{"rendered":"Faqat Lil Rijal Rasasi erkek parf\u00fcm (50 ml)"},"content":{"rendered":"<p>Faqat Lil Rijal Takdiri ve g\u00f6r\u00fcn\u00fcm\u00fc seven \u00e7ekici bir erke\u011fin kokusu olup, ruhu memnun eden aromatik bir aura yaratan canland\u0131r\u0131c\u0131 odunsu ve narenciye katmanlar\u0131yla karakterize edilir. Koku, baharatl\u0131 kakule notalar\u0131yla kar\u0131\u015ft\u0131r\u0131lm\u0131\u015f ferahlat\u0131c\u0131 bergamot ve sofistike safrandan elde edilen yumu\u015fak deri notalar\u0131yla a\u00e7\u0131l\u0131yor. Temelde hayvan miskiyle sar\u0131lm\u0131\u015f s\u0131cak, d\u00fcnyevi sandal a\u011fac\u0131 notalar\u0131 bulunur.<\/p>\n","protected":false},"excerpt":{"rendered":"<ul>\n<li>\n<h1 class=\"text-center medium-text-left\">Faqat Lil Rijal Rasasi<\/h1>\n<\/li>\n<li><strong>Koku konsantrasyonu: <\/strong>Eau de Parfum<\/li>\n<li> <strong>Boyut: <\/strong>50ml<\/li>\n<li><strong>Koku Ailesi:<\/strong> oryantal odunsu\n<ul>\n<li> <strong>Parf\u00fcm i\u00e7erikleri :<\/strong> \u00dcst notalar: Ud, safran ve bergamot; Kalp: sardunya, yasemin, kakule ve sedir; Alt notalar : ud, deri, pa\u00e7uli, misk ve sandal a\u011fac\u0131.<\/li>\n<\/ul>\n<\/li>\n<li><strong>Kullan\u0131m zaman\u0131:<\/strong> her zaman<\/li>\n<li><strong>Sezon:<\/strong> k\u0131\u015f sonbahar\u0131<\/li>\n<li> <strong>\u00e7\u0131k\u0131\u015f y\u0131l\u0131: <\/strong>2018<\/li>\n<\/ul>\n","protected":false},"featured_media":2950,"comment_status":"closed","ping_status":"closed","template":"","meta":{"_gspb_post_css":""},"product_brand":[],"product_cat":[113],"product_tag":[114,92],"class_list":{"0":"post-3689","1":"product","2":"type-product","3":"status-publish","4":"has-post-thumbnail","6":"product_cat-arap-sirketlerinin-parfumleri","7":"product_tag-arap-sirketlerinin-parfumleri","8":"product_tag-rasasi","10":"first","11":"outofstock","12":"shipping-taxable","13":"purchasable","14":"product-type-simple"},"ct_brands":[],"_links":{"self":[{"href":"https:\/\/sarabperfumes.com\/tr\/wp-json\/wp\/v2\/product\/3689","targetHints":{"allow":["GET"]}}],"collection":[{"href":"https:\/\/sarabperfumes.com\/tr\/wp-json\/wp\/v2\/product"}],"about":[{"href":"https:\/\/sarabperfumes.com\/tr\/wp-json\/wp\/v2\/types\/product"}],"replies":[{"embeddable":true,"href":"https:\/\/sarabperfumes.com\/tr\/wp-json\/wp\/v2\/comments?post=3689"}],"wp:featuredmedia":[{"embeddable":true,"href":"https:\/\/sarabperfumes.com\/tr\/wp-json\/wp\/v2\/media\/2950"}],"wp:attachment":[{"href":"https:\/\/sarabperfumes.com\/tr\/wp-json\/wp\/v2\/media?parent=3689"}],"wp:term":[{"taxonomy":"product_brand","embeddable":true,"href":"https:\/\/sarabperfumes.com\/tr\/wp-json\/wp\/v2\/product_brand?post=3689"},{"taxonomy":"product_cat","embeddable":true,"href":"https:\/\/sarabperfumes.com\/tr\/wp-json\/wp\/v2\/product_cat?post=3689"},{"taxonomy":"product_tag","embeddable":true,"href":"https:\/\/sarabperfumes.com\/tr\/wp-json\/wp\/v2\/product_tag?post=3689"}],"curies":[{"name":"wp","href":"https:\/\/api.w.org\/{rel}","templated":true}]}}