{"id":3687,"date":"2024-07-22T17:59:11","date_gmt":"2024-07-22T14:59:11","guid":{"rendered":"https:\/\/sarabperfumes.com\/product\/oud-mood-lattafa-uniseks-parfum-100-ml\/"},"modified":"2024-07-22T17:59:11","modified_gmt":"2024-07-22T14:59:11","slug":"oud-mood-lattafa-uniseks-parfum-100-ml","status":"publish","type":"product","link":"https:\/\/sarabperfumes.com\/tr\/urun\/oud-mood-lattafa-uniseks-parfum-100-ml\/","title":{"rendered":"Oud Mood Lattafa \u00dcniseks parf\u00fcm (100 ml)"},"content":{"rendered":"<p>Oud Mood kendine \u00f6zg\u00fc oryantal Arap parf\u00fcmleri yaratma konusundaki yetkinli\u011fini kan\u0131tlam\u0131\u015f ve hafife al\u0131namayacak kadar y\u00fcksek sat\u0131\u015f ve \u015f\u00f6hret elde eden Arap \u015firketi Lattafa&#8217;dan. Yumu\u015fak \u00e7i\u00e7ek aromalar\u0131 ve Arap udunun zarif kokusu sayesinde size s\u0131cakl\u0131k ve rahatl\u0131k veren, ta\u015fk\u0131n a\u015fk ve tutku duygular\u0131n\u0131z\u0131 art\u0131ran s\u0131cak ve \u0131\u015f\u0131lt\u0131l\u0131 bir koku ve ayr\u0131ca harika bir koku ile kal\u0131c\u0131 olan g\u00fc\u00e7l\u00fc aromatik kokular grubu. g\u00fcnd\u00fcz ve gece boyunca istikrar.<\/p>\n","protected":false},"excerpt":{"rendered":"<ul>\n<li>\n<h1 class=\"text-center medium-text-left\">Oud Mood Lattafa Perfumes<\/h1>\n<\/li>\n<li><strong>Koku konsantrasyonu: <\/strong>Eau de Parfum<\/li>\n<li> <strong>Boyut: <\/strong>100 ml<\/li>\n<li><strong>Koku Ailesi: <\/strong>oryantal<\/li>\n<li> <strong>Parf\u00fcm i\u00e7erikleri : <\/strong>\u00dcst notalar: G\u00fcl, safran ve \u0130spanyol k\u0131rm\u0131z\u0131 biberi; Kalp: ud, karamel, \u00e7i\u00e7ek notalar\u0131 ve pa\u00e7uli; Alt notalar : ah\u015fap, re\u00e7ine, amber, t\u00fcts\u00fc ve misk.<\/li>\n<li><strong>Kullan\u0131m zaman\u0131:<\/strong> gecelik<\/li>\n<li><strong>sezon: <\/strong>k\u0131\u015f sonbahar<\/li>\n<li> <strong>\u00e7\u0131k\u0131\u015f y\u0131l\u0131: <\/strong>2018<\/li>\n<\/ul>\n","protected":false},"featured_media":2890,"comment_status":"closed","ping_status":"closed","template":"","meta":{"_gspb_post_css":""},"product_brand":[],"product_cat":[113],"product_tag":[114,115],"class_list":{"0":"post-3687","1":"product","2":"type-product","3":"status-publish","4":"has-post-thumbnail","6":"product_cat-arap-sirketlerinin-parfumleri","7":"product_tag-arap-sirketlerinin-parfumleri","8":"product_tag-lattafa","10":"first","11":"outofstock","12":"shipping-taxable","13":"purchasable","14":"product-type-simple"},"ct_brands":[],"_links":{"self":[{"href":"https:\/\/sarabperfumes.com\/tr\/wp-json\/wp\/v2\/product\/3687","targetHints":{"allow":["GET"]}}],"collection":[{"href":"https:\/\/sarabperfumes.com\/tr\/wp-json\/wp\/v2\/product"}],"about":[{"href":"https:\/\/sarabperfumes.com\/tr\/wp-json\/wp\/v2\/types\/product"}],"replies":[{"embeddable":true,"href":"https:\/\/sarabperfumes.com\/tr\/wp-json\/wp\/v2\/comments?post=3687"}],"wp:featuredmedia":[{"embeddable":true,"href":"https:\/\/sarabperfumes.com\/tr\/wp-json\/wp\/v2\/media\/2890"}],"wp:attachment":[{"href":"https:\/\/sarabperfumes.com\/tr\/wp-json\/wp\/v2\/media?parent=3687"}],"wp:term":[{"taxonomy":"product_brand","embeddable":true,"href":"https:\/\/sarabperfumes.com\/tr\/wp-json\/wp\/v2\/product_brand?post=3687"},{"taxonomy":"product_cat","embeddable":true,"href":"https:\/\/sarabperfumes.com\/tr\/wp-json\/wp\/v2\/product_cat?post=3687"},{"taxonomy":"product_tag","embeddable":true,"href":"https:\/\/sarabperfumes.com\/tr\/wp-json\/wp\/v2\/product_tag?post=3687"}],"curies":[{"name":"wp","href":"https:\/\/api.w.org\/{rel}","templated":true}]}}