{"id":3683,"date":"2024-08-01T15:46:10","date_gmt":"2024-08-01T12:46:10","guid":{"rendered":"https:\/\/sarabperfumes.com\/product\/ishq-al-shuyukh-gold-lattafa-uniseks-parfum-100-ml\/"},"modified":"2024-08-01T15:46:10","modified_gmt":"2024-08-01T12:46:10","slug":"ishq-al-shuyukh-gold-lattafa-uniseks-parfum-100-ml","status":"publish","type":"product","link":"https:\/\/sarabperfumes.com\/tr\/urun\/ishq-al-shuyukh-gold-lattafa-uniseks-parfum-100-ml\/","title":{"rendered":"Ishq Al Shuyukh Gold Lattafa \u00dcniseks parf\u00fcm (100 ml)"},"content":{"rendered":"<p>Ishq Al Shuyoukh Gold kendine \u00f6zg\u00fc oryantal Arap parf\u00fcmleri yaratmada de\u011ferini kan\u0131tlam\u0131\u015f ve hafife al\u0131namayacak kadar y\u00fcksek sat\u0131\u015f ve \u015f\u00f6hret elde eden Arap \u015firketi Lattafa&#8217;dan. Etraf\u0131n\u0131zdakiler aras\u0131nda daha zarif ve \u00e7ekici g\u00f6r\u00fcnmeniz i\u00e7in ihtiyac\u0131n\u0131z olan tek \u015fey l\u00fcks bir parf\u00fcm. Uzun s\u00fcre kal\u0131c\u0131 ve ayn\u0131 zamanda \u00e7ekici ve \u015fa\u015f\u0131rt\u0131c\u0131 bir \u015fekilde yay\u0131lan oryantal kokusuyla \u00f6ne \u00e7\u0131k\u0131yor. Sevdi\u011finiz birine en g\u00fczel hediye olmak veya kendinize keyifle vakit ge\u00e7irmek i\u00e7in tavsiye edebilirsiniz.<\/p>\n","protected":false},"excerpt":{"rendered":"<ul>\n<li>\n<h1 class=\"text-center medium-text-left\">Ishq Al Shuyukh Gold Lattafa Perfumes<\/h1>\n<\/li>\n<li><strong>Koku konsantrasyonu: <\/strong>Eau de Parfum<\/li>\n<li> <strong>Boyut: <\/strong>100 ml<\/li>\n<li><strong>Koku Ailesi: <\/strong>Oryantal vanilya<\/li>\n<li> <strong>Parf\u00fcm i\u00e7erikleri :<\/strong> \u00dcst notalar: Karamel ve safran; Kalp: s\u00fcet , deri ve tonka fasulyesi; Alt notalar: vanilya, amber ve misk.<\/li>\n<li><strong>Kullan\u0131m zaman\u0131:<\/strong> gecelik<\/li>\n<li><strong>Sezon: <\/strong>k\u0131\u015f ilkbahar sonbahar<\/li>\n<li> <strong>\u00e7\u0131k\u0131\u015f y\u0131l\u0131: <\/strong>2022<\/li>\n<\/ul>\n","protected":false},"featured_media":2957,"comment_status":"closed","ping_status":"closed","template":"","meta":{"_gspb_post_css":""},"product_brand":[],"product_cat":[113],"product_tag":[114,115],"class_list":{"0":"post-3683","1":"product","2":"type-product","3":"status-publish","4":"has-post-thumbnail","6":"product_cat-arap-sirketlerinin-parfumleri","7":"product_tag-arap-sirketlerinin-parfumleri","8":"product_tag-lattafa","10":"first","11":"outofstock","12":"shipping-taxable","13":"purchasable","14":"product-type-simple"},"ct_brands":[],"_links":{"self":[{"href":"https:\/\/sarabperfumes.com\/tr\/wp-json\/wp\/v2\/product\/3683","targetHints":{"allow":["GET"]}}],"collection":[{"href":"https:\/\/sarabperfumes.com\/tr\/wp-json\/wp\/v2\/product"}],"about":[{"href":"https:\/\/sarabperfumes.com\/tr\/wp-json\/wp\/v2\/types\/product"}],"replies":[{"embeddable":true,"href":"https:\/\/sarabperfumes.com\/tr\/wp-json\/wp\/v2\/comments?post=3683"}],"wp:featuredmedia":[{"embeddable":true,"href":"https:\/\/sarabperfumes.com\/tr\/wp-json\/wp\/v2\/media\/2957"}],"wp:attachment":[{"href":"https:\/\/sarabperfumes.com\/tr\/wp-json\/wp\/v2\/media?parent=3683"}],"wp:term":[{"taxonomy":"product_brand","embeddable":true,"href":"https:\/\/sarabperfumes.com\/tr\/wp-json\/wp\/v2\/product_brand?post=3683"},{"taxonomy":"product_cat","embeddable":true,"href":"https:\/\/sarabperfumes.com\/tr\/wp-json\/wp\/v2\/product_cat?post=3683"},{"taxonomy":"product_tag","embeddable":true,"href":"https:\/\/sarabperfumes.com\/tr\/wp-json\/wp\/v2\/product_tag?post=3683"}],"curies":[{"name":"wp","href":"https:\/\/api.w.org\/{rel}","templated":true}]}}