{"id":3682,"date":"2024-07-22T17:00:13","date_gmt":"2024-07-22T14:00:13","guid":{"rendered":"https:\/\/sarabperfumes.com\/product\/oud-mood-elixir-lattafa-uniseks-parfum-100-ml\/"},"modified":"2024-07-22T17:00:13","modified_gmt":"2024-07-22T14:00:13","slug":"oud-mood-elixir-lattafa-uniseks-parfum-100-ml","status":"publish","type":"product","link":"https:\/\/sarabperfumes.com\/tr\/urun\/oud-mood-elixir-lattafa-uniseks-parfum-100-ml\/","title":{"rendered":"Oud Mood Elixir Lattafa \u00dcniseks parf\u00fcm (100 ml)"},"content":{"rendered":"<p>Oud Mood Elixir kendine \u00f6zg\u00fc oryantal Arap parf\u00fcmleri yaratma konusundaki yeterlili\u011fini kan\u0131tlam\u0131\u015f ve hafife al\u0131namayacak kadar y\u00fcksek sat\u0131\u015f ve \u015f\u00f6hret elde eden Arap \u015firketi Lattafa&#8217;dan. Erkekler ve kad\u0131nlar i\u00e7in ideal olan l\u00fcks bir koku. \u00d6zellikle \u00f6zel g\u00fcnlerde. Koku, safran, hindistan cevizi ve tar\u00e7\u0131n kokular\u0131n\u0131n harika kar\u0131\u015f\u0131m\u0131yla a\u00e7\u0131l\u0131yor. Bu da dikkat \u00e7eken s\u0131cak bir ba\u015flang\u0131\u00e7 sa\u011fl\u0131yor. Kalbinde ud ile kar\u0131\u015ft\u0131r\u0131lm\u0131\u015f l\u00fcks sandal a\u011fac\u0131 kokular\u0131 bulunur. Bu da size istedi\u011finiz b\u00fcy\u00fcy\u00fc veren otantik bir oryantal dokunu\u015f kat\u0131yor. Amber ve vanilya kokular\u0131yla \u015f\u0131kl\u0131\u011f\u0131n\u0131z\u0131 ve \u00e7ekicili\u011finizi art\u0131r\u0131n. Parf\u00fcm\u00fcn kokusu son ana kadar sizinle birlikte sabit ve konsantre kalacakt\u0131r.<\/p>\n","protected":false},"excerpt":{"rendered":"<ul>\n<li>\n<h1 class=\"text-center medium-text-left\">Oud Mood Elixir Lattafa Perfumes<\/h1>\n<\/li>\n<li><strong>Koku konsantrasyonu: <\/strong>Eau de Parfum<\/li>\n<li> <strong>Boyut: <\/strong>100 ml<\/li>\n<li><strong>Koku Ailesi: <\/strong>oryantal<\/li>\n<li> <strong>Parf\u00fcm i\u00e7erikleri :<\/strong> \u00dcst notalar: Safran, hindistan cevizi ve tar\u00e7\u0131n; Kalp: ud, s\u00fcet ve sandal a\u011fac\u0131; Alt notalar : amber ve vanilya.<\/li>\n<li><strong>Kullan\u0131m zaman\u0131:<\/strong> gecelik<\/li>\n<li><strong>sezon: <\/strong>k\u0131\u015f sonbahar<\/li>\n<li> <strong>\u00e7\u0131k\u0131\u015f y\u0131l\u0131: <\/strong>2020<\/li>\n<\/ul>\n","protected":false},"featured_media":2873,"comment_status":"closed","ping_status":"closed","template":"","meta":{"_gspb_post_css":""},"product_brand":[],"product_cat":[113],"product_tag":[114,115],"class_list":{"0":"post-3682","1":"product","2":"type-product","3":"status-publish","4":"has-post-thumbnail","6":"product_cat-arap-sirketlerinin-parfumleri","7":"product_tag-arap-sirketlerinin-parfumleri","8":"product_tag-lattafa","10":"first","11":"outofstock","12":"shipping-taxable","13":"purchasable","14":"product-type-simple"},"ct_brands":[],"_links":{"self":[{"href":"https:\/\/sarabperfumes.com\/tr\/wp-json\/wp\/v2\/product\/3682","targetHints":{"allow":["GET"]}}],"collection":[{"href":"https:\/\/sarabperfumes.com\/tr\/wp-json\/wp\/v2\/product"}],"about":[{"href":"https:\/\/sarabperfumes.com\/tr\/wp-json\/wp\/v2\/types\/product"}],"replies":[{"embeddable":true,"href":"https:\/\/sarabperfumes.com\/tr\/wp-json\/wp\/v2\/comments?post=3682"}],"wp:featuredmedia":[{"embeddable":true,"href":"https:\/\/sarabperfumes.com\/tr\/wp-json\/wp\/v2\/media\/2873"}],"wp:attachment":[{"href":"https:\/\/sarabperfumes.com\/tr\/wp-json\/wp\/v2\/media?parent=3682"}],"wp:term":[{"taxonomy":"product_brand","embeddable":true,"href":"https:\/\/sarabperfumes.com\/tr\/wp-json\/wp\/v2\/product_brand?post=3682"},{"taxonomy":"product_cat","embeddable":true,"href":"https:\/\/sarabperfumes.com\/tr\/wp-json\/wp\/v2\/product_cat?post=3682"},{"taxonomy":"product_tag","embeddable":true,"href":"https:\/\/sarabperfumes.com\/tr\/wp-json\/wp\/v2\/product_tag?post=3682"}],"curies":[{"name":"wp","href":"https:\/\/api.w.org\/{rel}","templated":true}]}}