{"id":3680,"date":"2024-07-22T15:45:31","date_gmt":"2024-07-22T12:45:31","guid":{"rendered":"https:\/\/sarabperfumes.com\/product\/ajwad-lattafa-uniseks-parfum-60-ml\/"},"modified":"2024-07-22T15:45:31","modified_gmt":"2024-07-22T12:45:31","slug":"ajwad-lattafa-uniseks-parfum-60-ml","status":"publish","type":"product","link":"https:\/\/sarabperfumes.com\/tr\/urun\/ajwad-lattafa-uniseks-parfum-60-ml\/","title":{"rendered":"Ajwad Lattafa \u00dcniseks parf\u00fcm (60 ml)"},"content":{"rendered":"<p>Ajwad kendine \u00f6zg\u00fc oryantal Arap parf\u00fcmleri yaratmada de\u011ferini kan\u0131tlam\u0131\u015f ve hafife al\u0131namayacak kadar y\u00fcksek sat\u0131\u015f ve \u015f\u00f6hret elde eden Arap \u015firketi Lattafa&#8217;dan. Yasemin ve g\u00fcl kokusuyla s\u00fcslenmi\u015f meyvelerin tatl\u0131l\u0131\u011f\u0131n\u0131n \u00f6zel birle\u015fimiyle sizler i\u00e7in ho\u015f an\u0131lar yaratan, narin bir duygu ve r\u00fcya gibi bir k\u0131\u015f atmosferi, y\u00fcksek zarafet ve enfes tada sahip kad\u0131n ve erkekler i\u00e7in ruhunuza canl\u0131 duygular a\u015f\u0131l\u0131yor. Onlar\u0131 zarafetin g\u00f6ky\u00fcz\u00fcne y\u00fckselten, vanilya ve kadifemsi misk kokusu yayan, kristal amber u\u00e7lar\u0131na ba\u011flanan bir parf\u00fcm.<\/p>\n","protected":false},"excerpt":{"rendered":"<ul>\n<li>\n<h1 class=\"text-center medium-text-left\">Ajwad Lattafa Perfumes<\/h1>\n<\/li>\n<li><strong>Koku konsantrasyonu: <\/strong>Eau de Parfum<\/li>\n<li> <strong>Boyut: <\/strong>60 ml<\/li>\n<li><strong>Koku Ailesi: <\/strong>oryantal<\/li>\n<li> <strong>Parf\u00fcm i\u00e7erikleri : <\/strong>\u00dcst notalar: meyveler; Kalp: g\u00fcl ve yasemin; Alt notalar : misk, vanilya, amber ve sedir a\u011fac\u0131.<\/li>\n<li><strong>Kullan\u0131m zaman\u0131:<\/strong> her zaman<\/li>\n<li><strong>Sezon: <\/strong>k\u0131\u015f ilkbahar sonbahar<\/li>\n<li> <strong>\u00e7\u0131k\u0131\u015f y\u0131l\u0131: <\/strong>2021<\/li>\n<\/ul>\n","protected":false},"featured_media":2858,"comment_status":"closed","ping_status":"closed","template":"","meta":{"_gspb_post_css":""},"product_brand":[],"product_cat":[113],"product_tag":[114,115],"class_list":{"0":"post-3680","1":"product","2":"type-product","3":"status-publish","4":"has-post-thumbnail","6":"product_cat-arap-sirketlerinin-parfumleri","7":"product_tag-arap-sirketlerinin-parfumleri","8":"product_tag-lattafa","10":"first","11":"outofstock","12":"shipping-taxable","13":"purchasable","14":"product-type-simple"},"ct_brands":[],"_links":{"self":[{"href":"https:\/\/sarabperfumes.com\/tr\/wp-json\/wp\/v2\/product\/3680","targetHints":{"allow":["GET"]}}],"collection":[{"href":"https:\/\/sarabperfumes.com\/tr\/wp-json\/wp\/v2\/product"}],"about":[{"href":"https:\/\/sarabperfumes.com\/tr\/wp-json\/wp\/v2\/types\/product"}],"replies":[{"embeddable":true,"href":"https:\/\/sarabperfumes.com\/tr\/wp-json\/wp\/v2\/comments?post=3680"}],"wp:featuredmedia":[{"embeddable":true,"href":"https:\/\/sarabperfumes.com\/tr\/wp-json\/wp\/v2\/media\/2858"}],"wp:attachment":[{"href":"https:\/\/sarabperfumes.com\/tr\/wp-json\/wp\/v2\/media?parent=3680"}],"wp:term":[{"taxonomy":"product_brand","embeddable":true,"href":"https:\/\/sarabperfumes.com\/tr\/wp-json\/wp\/v2\/product_brand?post=3680"},{"taxonomy":"product_cat","embeddable":true,"href":"https:\/\/sarabperfumes.com\/tr\/wp-json\/wp\/v2\/product_cat?post=3680"},{"taxonomy":"product_tag","embeddable":true,"href":"https:\/\/sarabperfumes.com\/tr\/wp-json\/wp\/v2\/product_tag?post=3680"}],"curies":[{"name":"wp","href":"https:\/\/api.w.org\/{rel}","templated":true}]}}