{"id":3673,"date":"2024-08-01T19:22:47","date_gmt":"2024-08-01T16:22:47","guid":{"rendered":"https:\/\/sarabperfumes.com\/product\/qaed-al-fursan-unlimited-lattafa-uniseks-parfum-90-ml\/"},"modified":"2024-10-30T15:14:35","modified_gmt":"2024-10-30T12:14:35","slug":"qaed-al-fursan-unlimited-lattafa-uniseks-parfum-90-ml","status":"publish","type":"product","link":"https:\/\/sarabperfumes.com\/tr\/urun\/qaed-al-fursan-unlimited-lattafa-uniseks-parfum-90-ml\/","title":{"rendered":"Qaed Al Fursan Unlimited Lattafa \u00dcniseks parf\u00fcm (90 ml)"},"content":{"rendered":"<p>Qaed Al Fursan Unlimited kendine \u00f6zg\u00fc oryantal Arap parf\u00fcmleri yaratma konusundaki yetkinli\u011fini kan\u0131tlam\u0131\u015f ve hafife al\u0131namayacak kadar y\u00fcksek sat\u0131\u015f ve \u015f\u00f6hret elde eden Arap \u015firketi Lattafa&#8217;dan. Bu harika koku, birka\u00e7 kokunun birbirine kar\u0131\u015ft\u0131r\u0131lmas\u0131n\u0131n heyecan verici bir kar\u0131\u015f\u0131m\u0131ndan olu\u015fur. Hindistan cevizi ile Avustralya limonunun kokusuyla ba\u015flar, Ortas\u0131nda yaseminli ylang kokusu var. Sonuncusu ise vanilya ve misk i\u00e7eren klasik odunsu koku.<\/p>\n","protected":false},"excerpt":{"rendered":"<ul>\n<li>\n<h1 class=\"text-center medium-text-left\">Qaed Al Fursan Unlimited Lattafa Perfumes<\/h1>\n<\/li>\n<li><strong>Koku konsantrasyonu: <\/strong>Eau de Parfum<\/li>\n<li> <strong>Boyut: <\/strong>90 ml<\/li>\n<li><strong>Koku Ailesi: <\/strong> oryantal Foug\u00e8re<\/li>\n<li> <strong> \u0645\u0643\u0648\u0646\u0627\u062a \u0627\u0644\u0639\u0637\u0631<\/strong>: \u0627\u0644\u0625\u0641\u062a\u062a\u0627\u062d\u064a\u0629 : \u062c\u0648\u0632 \u0627\u0644\u0647\u0646\u062f, \u0627\u0644\u062d\u0645\u0636\u064a\u0627\u062a \u0648 \u0627\u0644\u0623\u0646\u0627\u0646\u0627\u0633; \u0627\u0644\u0642\u0644\u0628 : \u0627\u0644\u0625\u064a\u0644\u0646\u063a, \u0627\u0644\u064a\u0627\u0633\u0645\u064a\u0646 \u0648 \u0627\u0644\u0641\u0631\u0627\u0646\u062c\u064a\u0628\u0627\u0646\u064a; \u0627\u0644\u0642\u0627\u0639\u062f\u0629 : \u0627\u0644\u0641\u0627\u0646\u064a\u0644\u064a\u0627, \u0627\u0644\u0645\u0633\u0643 \u0648 \u062e\u0634\u0628 \u0627\u0644\u0635\u0646\u062f\u0644.<\/li>\n<li><strong>Kullan\u0131m zaman\u0131:<\/strong> her zaman<\/li>\n<li><strong>sezon: <\/strong>ilkbahar sonbahar<\/li>\n<li> <strong>\u00e7\u0131k\u0131\u015f y\u0131l\u0131: <\/strong>2022<\/li>\n<\/ul>\n","protected":false},"featured_media":3006,"comment_status":"closed","ping_status":"closed","template":"","meta":{"_gspb_post_css":""},"product_brand":[],"product_cat":[113],"product_tag":[114,115],"class_list":{"0":"post-3673","1":"product","2":"type-product","3":"status-publish","4":"has-post-thumbnail","6":"product_cat-arap-sirketlerinin-parfumleri","7":"product_tag-arap-sirketlerinin-parfumleri","8":"product_tag-lattafa","10":"first","11":"outofstock","12":"shipping-taxable","13":"purchasable","14":"product-type-simple"},"ct_brands":[],"_links":{"self":[{"href":"https:\/\/sarabperfumes.com\/tr\/wp-json\/wp\/v2\/product\/3673","targetHints":{"allow":["GET"]}}],"collection":[{"href":"https:\/\/sarabperfumes.com\/tr\/wp-json\/wp\/v2\/product"}],"about":[{"href":"https:\/\/sarabperfumes.com\/tr\/wp-json\/wp\/v2\/types\/product"}],"replies":[{"embeddable":true,"href":"https:\/\/sarabperfumes.com\/tr\/wp-json\/wp\/v2\/comments?post=3673"}],"wp:featuredmedia":[{"embeddable":true,"href":"https:\/\/sarabperfumes.com\/tr\/wp-json\/wp\/v2\/media\/3006"}],"wp:attachment":[{"href":"https:\/\/sarabperfumes.com\/tr\/wp-json\/wp\/v2\/media?parent=3673"}],"wp:term":[{"taxonomy":"product_brand","embeddable":true,"href":"https:\/\/sarabperfumes.com\/tr\/wp-json\/wp\/v2\/product_brand?post=3673"},{"taxonomy":"product_cat","embeddable":true,"href":"https:\/\/sarabperfumes.com\/tr\/wp-json\/wp\/v2\/product_cat?post=3673"},{"taxonomy":"product_tag","embeddable":true,"href":"https:\/\/sarabperfumes.com\/tr\/wp-json\/wp\/v2\/product_tag?post=3673"}],"curies":[{"name":"wp","href":"https:\/\/api.w.org\/{rel}","templated":true}]}}