{"id":3665,"date":"2024-02-22T15:58:50","date_gmt":"2024-02-22T12:58:50","guid":{"rendered":"https:\/\/sarabperfumes.com\/product\/sheikh-al-shuyukh-lattafa-uniseks-parfum-55-ml\/"},"modified":"2026-02-23T16:26:58","modified_gmt":"2026-02-23T13:26:58","slug":"sheikh-al-shuyukh-lattafa-uniseks-parfum-55-ml","status":"publish","type":"product","link":"https:\/\/sarabperfumes.com\/tr\/urun\/sheikh-al-shuyukh-lattafa-uniseks-parfum-55-ml\/","title":{"rendered":"Lattafa Perfumes Sheikh Al Shuyukh 05 unisex parf\u00fcm"},"content":{"rendered":"<p>S\u0131cak ve tatl\u0131 bir koku ile karakterize edilen l\u00fcks oryantal bir koku. Bu da onu \u00f6zel g\u00fcnleriniz ve l\u00fcks ak\u015famlar\u0131n\u0131z i\u00e7in ideal bir koku haline getiriyor.<\/p>\n","protected":false},"excerpt":{"rendered":"<ul>\n<li><strong>Sheikh Al Shuyukh Lattafa Perfumes<\/strong><\/li>\n<li><strong>Kal\u0131c\u0131l\u0131k<\/strong>: Efsanevi, 12 saatten fazla<\/li>\n<li><strong>Orijinale benzerlik :<\/strong>90%<\/li>\n<li><strong>Koku Ailesi:<\/strong> oryantal odunsu<\/li>\n<li><strong>Parf\u00fcm i\u00e7erikleri : <\/strong>\u00dcst notalar: Ud ve sedir a\u011fac\u0131; Kalp: ada\u00e7ay\u0131, lavanta ve biberiye; Alt notalar : pa\u00e7uli ve g\u00fcve otu.\n<\/li>\n<li><strong>Kullan\u0131m zaman\u0131:<\/strong> Her zaman<\/li>\n<li><strong>Mevsim:<\/strong> \u0130lkbahar Sonbahar Yaz<\/li>\n<li><strong>\u00e7\u0131k\u0131\u015f y\u0131l\u0131<\/strong>: 2015<\/li>\n<\/ul>\n","protected":false},"featured_media":1499,"comment_status":"open","ping_status":"closed","template":"","meta":{"_gspb_post_css":""},"product_brand":[],"product_cat":[52],"product_tag":[171,105,108,56],"class_list":{"0":"post-3665","1":"product","2":"type-product","3":"status-publish","4":"has-post-thumbnail","6":"product_cat-acik-parfumler","7":"product_tag-benzersiz-parfumler","8":"product_tag-oryantal-parfumler","9":"product_tag-sahane-kalicilik","10":"product_tag-uniseks-parfumler","12":"first","13":"instock","14":"shipping-taxable","15":"purchasable","16":"product-type-variable","17":"has-default-attributes"},"ct_brands":[],"_links":{"self":[{"href":"https:\/\/sarabperfumes.com\/tr\/wp-json\/wp\/v2\/product\/3665","targetHints":{"allow":["GET"]}}],"collection":[{"href":"https:\/\/sarabperfumes.com\/tr\/wp-json\/wp\/v2\/product"}],"about":[{"href":"https:\/\/sarabperfumes.com\/tr\/wp-json\/wp\/v2\/types\/product"}],"replies":[{"embeddable":true,"href":"https:\/\/sarabperfumes.com\/tr\/wp-json\/wp\/v2\/comments?post=3665"}],"wp:featuredmedia":[{"embeddable":true,"href":"https:\/\/sarabperfumes.com\/tr\/wp-json\/wp\/v2\/media\/1499"}],"wp:attachment":[{"href":"https:\/\/sarabperfumes.com\/tr\/wp-json\/wp\/v2\/media?parent=3665"}],"wp:term":[{"taxonomy":"product_brand","embeddable":true,"href":"https:\/\/sarabperfumes.com\/tr\/wp-json\/wp\/v2\/product_brand?post=3665"},{"taxonomy":"product_cat","embeddable":true,"href":"https:\/\/sarabperfumes.com\/tr\/wp-json\/wp\/v2\/product_cat?post=3665"},{"taxonomy":"product_tag","embeddable":true,"href":"https:\/\/sarabperfumes.com\/tr\/wp-json\/wp\/v2\/product_tag?post=3665"}],"curies":[{"name":"wp","href":"https:\/\/api.w.org\/{rel}","templated":true}]}}