{"id":3662,"date":"2024-02-22T14:58:07","date_gmt":"2024-02-22T11:58:07","guid":{"rendered":"https:\/\/sarabperfumes.com\/product\/resala-arabian-oud-uniseks-parfum-55-ml\/"},"modified":"2026-02-23T16:31:09","modified_gmt":"2026-02-23T13:31:09","slug":"resala-arabian-oud-uniseks-parfum-55-ml","status":"publish","type":"product","link":"https:\/\/sarabperfumes.com\/tr\/urun\/resala-arabian-oud-uniseks-parfum-55-ml\/","title":{"rendered":"Arabian Oud Oud Al Resala 141 unisex parf\u00fcm\u00fc"},"content":{"rendered":"","protected":false},"excerpt":{"rendered":"<ul>\n<li><strong>Resala Arabian Oud<\/strong><\/li>\n<li><strong>kal\u0131c\u0131l\u0131k:<\/strong> \u00e7ok kal\u0131c\u0131 8 ila 10 saat<\/li>\n<li><strong>Orijinale benzerlik y\u00fczdesi:<\/strong> %100<\/li>\n<li><strong>Koku Ailesi:<\/strong> oryantal odunsu<\/li>\n<li><strong>Parf\u00fcm i\u00e7erikleri <\/strong>: \u00dcst notalar: Pralinli nadir ud a\u011fa\u00e7lar\u0131, Kalp: G\u00fcll\u00fc canland\u0131r\u0131c\u0131 vanilya; Alt notalar: Guaiac a\u011fac\u0131 i\u00e7eren Cubahu melisa re\u00e7inesi.<\/li>\n<li><strong>Kullan\u0131m zaman\u0131:<\/strong> Her zaman<\/li>\n<li><strong>sezon: <\/strong>k\u0131\u015f sonbahar<\/li>\n<li>\u00e7\u0131k\u0131\u015f y\u0131l\u0131: 2018<\/li>\n<li>\n<\/li>\n<\/ul>\n","protected":false},"featured_media":1482,"comment_status":"open","ping_status":"closed","template":"","meta":{"_gspb_post_css":""},"product_brand":[],"product_cat":[52],"product_tag":[105,108,189,106,56],"class_list":{"0":"post-3662","1":"product","2":"type-product","3":"status-publish","4":"has-post-thumbnail","6":"product_cat-acik-parfumler","7":"product_tag-oryantal-parfumler","8":"product_tag-sahane-kalicilik","9":"product_tag-sicak-parfumler","10":"product_tag-sonbahar-kis-kokulari","11":"product_tag-uniseks-parfumler","13":"first","14":"instock","15":"shipping-taxable","16":"purchasable","17":"product-type-variable","18":"has-default-attributes"},"ct_brands":[],"_links":{"self":[{"href":"https:\/\/sarabperfumes.com\/tr\/wp-json\/wp\/v2\/product\/3662","targetHints":{"allow":["GET"]}}],"collection":[{"href":"https:\/\/sarabperfumes.com\/tr\/wp-json\/wp\/v2\/product"}],"about":[{"href":"https:\/\/sarabperfumes.com\/tr\/wp-json\/wp\/v2\/types\/product"}],"replies":[{"embeddable":true,"href":"https:\/\/sarabperfumes.com\/tr\/wp-json\/wp\/v2\/comments?post=3662"}],"wp:featuredmedia":[{"embeddable":true,"href":"https:\/\/sarabperfumes.com\/tr\/wp-json\/wp\/v2\/media\/1482"}],"wp:attachment":[{"href":"https:\/\/sarabperfumes.com\/tr\/wp-json\/wp\/v2\/media?parent=3662"}],"wp:term":[{"taxonomy":"product_brand","embeddable":true,"href":"https:\/\/sarabperfumes.com\/tr\/wp-json\/wp\/v2\/product_brand?post=3662"},{"taxonomy":"product_cat","embeddable":true,"href":"https:\/\/sarabperfumes.com\/tr\/wp-json\/wp\/v2\/product_cat?post=3662"},{"taxonomy":"product_tag","embeddable":true,"href":"https:\/\/sarabperfumes.com\/tr\/wp-json\/wp\/v2\/product_tag?post=3662"}],"curies":[{"name":"wp","href":"https:\/\/api.w.org\/{rel}","templated":true}]}}