{"id":3659,"date":"2024-02-22T16:02:09","date_gmt":"2024-02-22T13:02:09","guid":{"rendered":"https:\/\/sarabperfumes.com\/product\/alsultan-oud-arabian-oud-uniseks-parfum-55-ml\/"},"modified":"2026-02-23T16:24:50","modified_gmt":"2026-02-23T13:24:50","slug":"alsultan-oud-arabian-oud-uniseks-parfum-55-ml","status":"publish","type":"product","link":"https:\/\/sarabperfumes.com\/tr\/urun\/alsultan-oud-arabian-oud-uniseks-parfum-55-ml\/","title":{"rendered":"Arabian Oud Oud Al Sultan 09 unisex parf\u00fcm"},"content":{"rendered":"<p>Koku, bergamotun canland\u0131r\u0131c\u0131 notalar\u0131yla ba\u015flar, sonra iris \u00e7i\u00e7e\u011finin yumu\u015fak kalbi frezya \u00e7i\u00e7e\u011finin tatl\u0131 kokusuyla kar\u0131\u015f\u0131r ve son olarak \u00f6zel olarak tasarlanm\u0131\u015f bir parf\u00fcm olan kadifemsi misk, sandal a\u011fac\u0131 ve s\u0131cak tonka fasulyesinden olu\u015fan de\u011ferli ve g\u00fc\u00e7l\u00fc temel. Zarif ve ferahlat\u0131c\u0131 kokusuyla g\u00fcnl\u00fck tercihiniz olun.<\/p>\n","protected":false},"excerpt":{"rendered":"<ul>\n<li><strong>ALSULTAN OUD ARABIAN OUD<\/strong><\/li>\n<li><strong>lkal\u0131c\u0131l\u0131k:<\/strong> zaif 3 ila 5 saat<\/li>\n<li><strong>Orijinale benzerlik :<\/strong> %70<\/li>\n<li>Koku Ailesi: oryantal<\/li>\n<li><strong>Parf\u00fcm i\u00e7erikleri : <\/strong>\u00dcst notalar:Taze meyveler, lavanta, narenciye; Kalp: K\u0131br\u0131s, pa\u00e7uli, sandal a\u011fac\u0131; Alt notalar : misk ve amber.<\/li>\n<li><strong>Kullan\u0131m zaman\u0131:<\/strong> gecelik<\/li>\n<li><strong>Sezon: <\/strong>k\u0131\u015f ilkbahar sonbahar<\/li>\n<li>\u00c7\u0131k\u0131\u015f y\u0131l\u0131: 2016<\/li>\n<\/ul>\n","protected":false},"featured_media":1504,"comment_status":"open","ping_status":"closed","template":"","meta":{"_gspb_post_css":""},"product_brand":[],"product_cat":[52],"product_tag":[107,105,106,56],"class_list":{"0":"post-3659","1":"product","2":"type-product","3":"status-publish","4":"has-post-thumbnail","6":"product_cat-acik-parfumler","7":"product_tag-gece-kokulari","8":"product_tag-oryantal-parfumler","9":"product_tag-sonbahar-kis-kokulari","10":"product_tag-uniseks-parfumler","12":"first","13":"instock","14":"shipping-taxable","15":"purchasable","16":"product-type-variable","17":"has-default-attributes"},"ct_brands":[],"_links":{"self":[{"href":"https:\/\/sarabperfumes.com\/tr\/wp-json\/wp\/v2\/product\/3659","targetHints":{"allow":["GET"]}}],"collection":[{"href":"https:\/\/sarabperfumes.com\/tr\/wp-json\/wp\/v2\/product"}],"about":[{"href":"https:\/\/sarabperfumes.com\/tr\/wp-json\/wp\/v2\/types\/product"}],"replies":[{"embeddable":true,"href":"https:\/\/sarabperfumes.com\/tr\/wp-json\/wp\/v2\/comments?post=3659"}],"wp:featuredmedia":[{"embeddable":true,"href":"https:\/\/sarabperfumes.com\/tr\/wp-json\/wp\/v2\/media\/1504"}],"wp:attachment":[{"href":"https:\/\/sarabperfumes.com\/tr\/wp-json\/wp\/v2\/media?parent=3659"}],"wp:term":[{"taxonomy":"product_brand","embeddable":true,"href":"https:\/\/sarabperfumes.com\/tr\/wp-json\/wp\/v2\/product_brand?post=3659"},{"taxonomy":"product_cat","embeddable":true,"href":"https:\/\/sarabperfumes.com\/tr\/wp-json\/wp\/v2\/product_cat?post=3659"},{"taxonomy":"product_tag","embeddable":true,"href":"https:\/\/sarabperfumes.com\/tr\/wp-json\/wp\/v2\/product_tag?post=3659"}],"curies":[{"name":"wp","href":"https:\/\/api.w.org\/{rel}","templated":true}]}}