{"id":3656,"date":"2024-02-08T00:04:31","date_gmt":"2024-02-07T21:04:31","guid":{"rendered":"https:\/\/sarabperfumes.com\/product\/sandal-wood-55-ml\/"},"modified":"2026-02-28T21:15:48","modified_gmt":"2026-02-28T18:15:48","slug":"sandal-wood-55-ml","status":"publish","type":"product","link":"https:\/\/sarabperfumes.com\/tr\/urun\/sandal-wood-55-ml\/","title":{"rendered":"sandal wood (55 ml)"},"content":{"rendered":"","protected":false},"excerpt":{"rendered":"<ul>\n<li><strong>sandalwood al wafia<\/strong><\/li>\n<li><strong>kal\u0131c\u0131l\u0131k<\/strong>: \u0130yi 6 ila 8 saat<\/li>\n<li><strong>Orijinale benzerlik y\u00fczdesi:<\/strong> %100<\/li>\n<li><strong>Koku Ailesi: <\/strong>oryantal odunsu<\/li>\n<li><strong>Parf\u00fcm i\u00e7erikleri <\/strong>: \u00dcst notalar: \u015eam g\u00fcl\u00fc, ahududu Kalp: toz halinde, sedir; Alt notalar : kehribar, sandal a\u011fac\u0131. <strong>Kullan\u0131m zaman\u0131:<\/strong> Her zaman<\/li>\n<li><strong>Sezon: <\/strong>k\u0131\u015f ilkbahar sonbahar<\/li>\n<li><strong>\u00e7\u0131k\u0131\u015f y\u0131l\u0131: <\/strong>2010<\/li>\n<\/ul>\n","protected":false},"featured_media":1191,"comment_status":"open","ping_status":"closed","template":"","meta":{"_gspb_post_css":""},"product_brand":[],"product_cat":[52],"product_tag":[55,191,105,106],"class_list":{"0":"post-3656","1":"product","2":"type-product","3":"status-publish","4":"has-post-thumbnail","6":"product_cat-acik-parfumler","7":"product_tag-erkek-parfumleri","8":"product_tag-odunsu-parfumler","9":"product_tag-oryantal-parfumler","10":"product_tag-sonbahar-kis-kokulari","12":"first","13":"instock","14":"shipping-taxable","15":"purchasable","16":"product-type-variable","17":"has-default-attributes"},"ct_brands":[],"_links":{"self":[{"href":"https:\/\/sarabperfumes.com\/tr\/wp-json\/wp\/v2\/product\/3656","targetHints":{"allow":["GET"]}}],"collection":[{"href":"https:\/\/sarabperfumes.com\/tr\/wp-json\/wp\/v2\/product"}],"about":[{"href":"https:\/\/sarabperfumes.com\/tr\/wp-json\/wp\/v2\/types\/product"}],"replies":[{"embeddable":true,"href":"https:\/\/sarabperfumes.com\/tr\/wp-json\/wp\/v2\/comments?post=3656"}],"wp:featuredmedia":[{"embeddable":true,"href":"https:\/\/sarabperfumes.com\/tr\/wp-json\/wp\/v2\/media\/1191"}],"wp:attachment":[{"href":"https:\/\/sarabperfumes.com\/tr\/wp-json\/wp\/v2\/media?parent=3656"}],"wp:term":[{"taxonomy":"product_brand","embeddable":true,"href":"https:\/\/sarabperfumes.com\/tr\/wp-json\/wp\/v2\/product_brand?post=3656"},{"taxonomy":"product_cat","embeddable":true,"href":"https:\/\/sarabperfumes.com\/tr\/wp-json\/wp\/v2\/product_cat?post=3656"},{"taxonomy":"product_tag","embeddable":true,"href":"https:\/\/sarabperfumes.com\/tr\/wp-json\/wp\/v2\/product_tag?post=3656"}],"curies":[{"name":"wp","href":"https:\/\/api.w.org\/{rel}","templated":true}]}}