{"id":3650,"date":"2024-02-06T17:13:49","date_gmt":"2024-02-06T14:13:49","guid":{"rendered":"https:\/\/sarabperfumes.com\/product\/musk-rose-arabian-oud-uniseks-parfum-55-ml\/"},"modified":"2024-02-06T17:13:49","modified_gmt":"2024-02-06T14:13:49","slug":"musk-rose-arabian-oud-uniseks-parfum-55-ml","status":"publish","type":"product","link":"https:\/\/sarabperfumes.com\/tr\/urun\/musk-rose-arabian-oud-uniseks-parfum-55-ml\/","title":{"rendered":"musk rose arabian oud \u00dcniseks parf\u00fcm (55 ml)"},"content":{"rendered":"<p>Bu farkl\u0131 koku, g\u00fcn boyu s\u00fcren \u00e7arp\u0131c\u0131 ve \u00e7ekici bir kokuya sahip, amber ve vanilya bazl\u0131, ortas\u0131nda g\u00fcl ve frezya bulunan elma ve misk giri\u015fiyle birlikte gelir.<\/p>\n","protected":false},"excerpt":{"rendered":"<ul>\n<li><strong>musk rose arabian oud<\/strong><\/li>\n<li><strong>kal\u0131c\u0131l\u0131k:<\/strong> \u00e7ok kal\u0131c\u0131 8 ila 10 saat<\/li>\n<li> <strong>Orijinale benzerlik :<\/strong>90%<\/li>\n<li><strong>Koku Ailesi: <\/strong>oryantal<\/li>\n<li> <strong>Parf\u00fcm i\u00e7erikleri : <\/strong>\u00dcst notalar: Misk ve elma; Kalp: g\u00fcl ve frezya; Alt notalar : amber ve vanilya<\/li>\n<li><strong>Kullan\u0131m zaman\u0131:<\/strong> g\u00fcnl\u00fck<\/li>\n<li><strong>sezon: <\/strong>ilkbahar sonbahar<\/li>\n<li> <strong>\u00e7\u0131k\u0131\u015f y\u0131l\u0131:<\/strong> 2016<\/li>\n<\/ul>\n","protected":false},"featured_media":1149,"comment_status":"open","ping_status":"closed","template":"","meta":{"_gspb_post_css":""},"product_brand":[],"product_cat":[52],"product_tag":[110,105,56],"class_list":{"0":"post-3650","1":"product","2":"type-product","3":"status-publish","4":"has-post-thumbnail","6":"product_cat-acik-parfumler","7":"product_tag-gunluk-kokulari","8":"product_tag-oryantal-parfumler","9":"product_tag-uniseks-parfumler","11":"first","12":"outofstock","13":"sale","14":"shipping-taxable","15":"purchasable","16":"product-type-variable","17":"has-default-attributes"},"ct_brands":[],"_links":{"self":[{"href":"https:\/\/sarabperfumes.com\/tr\/wp-json\/wp\/v2\/product\/3650","targetHints":{"allow":["GET"]}}],"collection":[{"href":"https:\/\/sarabperfumes.com\/tr\/wp-json\/wp\/v2\/product"}],"about":[{"href":"https:\/\/sarabperfumes.com\/tr\/wp-json\/wp\/v2\/types\/product"}],"replies":[{"embeddable":true,"href":"https:\/\/sarabperfumes.com\/tr\/wp-json\/wp\/v2\/comments?post=3650"}],"wp:featuredmedia":[{"embeddable":true,"href":"https:\/\/sarabperfumes.com\/tr\/wp-json\/wp\/v2\/media\/1149"}],"wp:attachment":[{"href":"https:\/\/sarabperfumes.com\/tr\/wp-json\/wp\/v2\/media?parent=3650"}],"wp:term":[{"taxonomy":"product_brand","embeddable":true,"href":"https:\/\/sarabperfumes.com\/tr\/wp-json\/wp\/v2\/product_brand?post=3650"},{"taxonomy":"product_cat","embeddable":true,"href":"https:\/\/sarabperfumes.com\/tr\/wp-json\/wp\/v2\/product_cat?post=3650"},{"taxonomy":"product_tag","embeddable":true,"href":"https:\/\/sarabperfumes.com\/tr\/wp-json\/wp\/v2\/product_tag?post=3650"}],"curies":[{"name":"wp","href":"https:\/\/api.w.org\/{rel}","templated":true}]}}