{"id":3641,"date":"2024-02-06T17:03:45","date_gmt":"2024-02-06T14:03:45","guid":{"rendered":"https:\/\/sarabperfumes.com\/product\/zahrat-al-khalij-uniseks-parfum-55-ml\/"},"modified":"2024-02-06T17:03:45","modified_gmt":"2024-02-06T14:03:45","slug":"zahrat-al-khalij-uniseks-parfum-55-ml","status":"publish","type":"product","link":"https:\/\/sarabperfumes.com\/tr\/urun\/zahrat-al-khalij-uniseks-parfum-55-ml\/","title":{"rendered":"Zahrat Al Khalij \u00dcniseks parf\u00fcm (55 ml)"},"content":{"rendered":"<p>Bu koku, l\u00fcks orkide damlalar\u0131yla kar\u0131\u015ft\u0131r\u0131lm\u0131\u015f \u00e7i\u00e7ek ve t\u00fcts\u00fc aromas\u0131yla karakterize edilir. Do\u011fu&#8217;nun g\u00fczelli\u011fine ve \u00f6zg\u00fcnl\u00fc\u011f\u00fcne dair e\u015fsiz bir izlenim veriyor. Her iki cinsiyete de yak\u0131\u015f\u0131yor Her zaman ve her yerde kullan\u0131labilir.<\/p>\n","protected":false},"excerpt":{"rendered":"<ul>\n<li><strong>Zahrat Al Khalij Abdul Samad Al Qurashi<\/strong><\/li>\n<li><strong>kal\u0131c\u0131l\u0131k<\/strong>: \u0130yi 6 ila 8 saat<\/li>\n<li> <strong>Orijinale benzerlik y\u00fczdesi:<\/strong> %100<\/li>\n<li><strong>Koku Ailesi:<\/strong> \u00e7i\u00e7eksi odunsu miskli<\/li>\n<li> <strong>Parf\u00fcm i\u00e7erikleri :<\/strong> \u00dcst notalar: Bitkisel ve g\u00fcl notalar\u0131; Kalp: sedir a\u011fac\u0131 ve misk; Alt notalar : sandal a\u011fac\u0131 ve amber.<\/li>\n<li><strong>Kullan\u0131m zaman\u0131:<\/strong> g\u00fcnl\u00fck<\/li>\n<li><strong>SEZON:<\/strong> T\u00fcm sezonlar<\/li>\n<li> <strong>\u00e7\u0131k\u0131\u015f y\u0131l\u0131:<\/strong> 1997<\/li>\n<\/ul>\n","protected":false},"featured_media":1148,"comment_status":"open","ping_status":"closed","template":"","meta":{"_gspb_post_css":""},"product_brand":[],"product_cat":[52],"product_tag":[110,109,56],"class_list":{"0":"post-3641","1":"product","2":"type-product","3":"status-publish","4":"has-post-thumbnail","6":"product_cat-acik-parfumler","7":"product_tag-gunluk-kokulari","8":"product_tag-tum-sezonlara-parfumler","9":"product_tag-uniseks-parfumler","11":"first","12":"instock","13":"shipping-taxable","14":"purchasable","15":"product-type-variable","16":"has-default-attributes"},"ct_brands":[],"_links":{"self":[{"href":"https:\/\/sarabperfumes.com\/tr\/wp-json\/wp\/v2\/product\/3641","targetHints":{"allow":["GET"]}}],"collection":[{"href":"https:\/\/sarabperfumes.com\/tr\/wp-json\/wp\/v2\/product"}],"about":[{"href":"https:\/\/sarabperfumes.com\/tr\/wp-json\/wp\/v2\/types\/product"}],"replies":[{"embeddable":true,"href":"https:\/\/sarabperfumes.com\/tr\/wp-json\/wp\/v2\/comments?post=3641"}],"wp:featuredmedia":[{"embeddable":true,"href":"https:\/\/sarabperfumes.com\/tr\/wp-json\/wp\/v2\/media\/1148"}],"wp:attachment":[{"href":"https:\/\/sarabperfumes.com\/tr\/wp-json\/wp\/v2\/media?parent=3641"}],"wp:term":[{"taxonomy":"product_brand","embeddable":true,"href":"https:\/\/sarabperfumes.com\/tr\/wp-json\/wp\/v2\/product_brand?post=3641"},{"taxonomy":"product_cat","embeddable":true,"href":"https:\/\/sarabperfumes.com\/tr\/wp-json\/wp\/v2\/product_cat?post=3641"},{"taxonomy":"product_tag","embeddable":true,"href":"https:\/\/sarabperfumes.com\/tr\/wp-json\/wp\/v2\/product_tag?post=3641"}],"curies":[{"name":"wp","href":"https:\/\/api.w.org\/{rel}","templated":true}]}}