{"id":3635,"date":"2024-02-22T16:06:24","date_gmt":"2024-02-22T13:06:24","guid":{"rendered":"https:\/\/sarabperfumes.com\/product\/abyat-arabian-oud-uniseks-parfum-55-ml\/"},"modified":"2026-02-23T16:22:26","modified_gmt":"2026-02-23T13:22:26","slug":"abyat-arabian-oud-uniseks-parfum-55-ml","status":"publish","type":"product","link":"https:\/\/sarabperfumes.com\/tr\/urun\/abyat-arabian-oud-uniseks-parfum-55-ml\/","title":{"rendered":"Arabian Oud Oud Abyat 13 unisex parf\u00fcm"},"content":{"rendered":"<p>En harika ve g\u00fczel s\u00f6zler bir araya geldi\u011finde etraf\u0131n\u0131zdaki herkesi b\u00fcy\u00fck \u00f6l\u00e7\u00fcde etkileyen dizeler olu\u015ftururlar. Safran, vadi zamba\u011f\u0131 ve g\u00fcl, karanfil ve yaseminin, ud, misk ve amberden olu\u015fan oryantal bir temel ile yank\u0131lanan kar\u0131\u015f\u0131m\u0131 .<\/p>\n","protected":false},"excerpt":{"rendered":"<ul>\n<li><strong>Abyat Arabian Oud<\/strong><\/li>\n<li><strong>kal\u0131c\u0131l\u0131k<\/strong>: \u0130yi 6 ila 8 saat<\/li>\n<li><strong>Orijinale benzerlik :<\/strong>90%<\/li>\n<li>Koku Ailesi:Oryantal \u00e7i\u00e7ek<\/li>\n<li><strong>Parf\u00fcm i\u00e7erikleri : <\/strong>\u00dcst notalar: Vadideki \u00e7i\u011fdemler ve zambaklar; Kalp: g\u00fcl, karanfil ve yasemin; Alt notalar : ud, misk ve amber.<\/li>\n<li><strong>Kullan\u0131m zaman\u0131:<\/strong> g\u00fcnl\u00fck<\/li>\n<li><strong>sezon: <\/strong>k\u0131\u015f sonbahar<\/li>\n<li>\u00e7\u0131k\u0131\u015f y\u0131l\u0131: 2018<\/li>\n<\/ul>\n","protected":false},"featured_media":1510,"comment_status":"open","ping_status":"closed","template":"","meta":{"_gspb_post_css":""},"product_brand":[],"product_cat":[52],"product_tag":[105,56],"class_list":{"0":"post-3635","1":"product","2":"type-product","3":"status-publish","4":"has-post-thumbnail","6":"product_cat-acik-parfumler","7":"product_tag-oryantal-parfumler","8":"product_tag-uniseks-parfumler","10":"first","11":"instock","12":"shipping-taxable","13":"purchasable","14":"product-type-variable","15":"has-default-attributes"},"ct_brands":[],"_links":{"self":[{"href":"https:\/\/sarabperfumes.com\/tr\/wp-json\/wp\/v2\/product\/3635","targetHints":{"allow":["GET"]}}],"collection":[{"href":"https:\/\/sarabperfumes.com\/tr\/wp-json\/wp\/v2\/product"}],"about":[{"href":"https:\/\/sarabperfumes.com\/tr\/wp-json\/wp\/v2\/types\/product"}],"replies":[{"embeddable":true,"href":"https:\/\/sarabperfumes.com\/tr\/wp-json\/wp\/v2\/comments?post=3635"}],"wp:featuredmedia":[{"embeddable":true,"href":"https:\/\/sarabperfumes.com\/tr\/wp-json\/wp\/v2\/media\/1510"}],"wp:attachment":[{"href":"https:\/\/sarabperfumes.com\/tr\/wp-json\/wp\/v2\/media?parent=3635"}],"wp:term":[{"taxonomy":"product_brand","embeddable":true,"href":"https:\/\/sarabperfumes.com\/tr\/wp-json\/wp\/v2\/product_brand?post=3635"},{"taxonomy":"product_cat","embeddable":true,"href":"https:\/\/sarabperfumes.com\/tr\/wp-json\/wp\/v2\/product_cat?post=3635"},{"taxonomy":"product_tag","embeddable":true,"href":"https:\/\/sarabperfumes.com\/tr\/wp-json\/wp\/v2\/product_tag?post=3635"}],"curies":[{"name":"wp","href":"https:\/\/api.w.org\/{rel}","templated":true}]}}