{"id":3632,"date":"2024-02-08T00:57:38","date_gmt":"2024-02-07T21:57:38","guid":{"rendered":"https:\/\/sarabperfumes.com\/product\/magic-al-jazeera-uniseks-parfum-55-ml\/"},"modified":"2026-02-28T21:09:52","modified_gmt":"2026-02-28T18:09:52","slug":"magic-al-jazeera-uniseks-parfum-55-ml","status":"publish","type":"product","link":"https:\/\/sarabperfumes.com\/tr\/urun\/magic-al-jazeera-uniseks-parfum-55-ml\/","title":{"rendered":"Magic Al-Jazeera \u00dcniseks parf\u00fcm (55 ml)"},"content":{"rendered":"","protected":false},"excerpt":{"rendered":"<ul>\n<li><strong>Magic Al-Jazeera Perfumes<\/strong><\/li>\n<li><strong>kal\u0131c\u0131l\u0131k:<\/strong> \u00e7ok kal\u0131c\u0131 8 ila 10 saat<\/li>\n<li><strong>Orijinale benzerlik y\u00fczdesi:<\/strong> %100<\/li>\n<li><strong>Koku Ailesi:<\/strong>Oryantal \u00e7i\u00e7ek<\/li>\n<li><strong>Parf\u00fcm i\u00e7erikleri :<\/strong> \u00dcst notalar: Tuz ve Ozon Notalar\u0131; Kalp: T\u00fcrk g\u00fcl\u00fc ve pralin; Alt notalar : Amber Extreme, vanilya ve pa\u00e7uli.<\/li>\n<li><strong>Kullan\u0131m zaman\u0131:<\/strong> Her zaman<\/li>\n<li><strong>sezon: <\/strong>T\u00fcm sezonlar<\/li>\n<li><strong>\u00e7\u0131k\u0131\u015f y\u0131l\u0131:<\/strong> 2016<\/li>\n<\/ul>\n","protected":false},"featured_media":1199,"comment_status":"open","ping_status":"closed","template":"","meta":{"_gspb_post_css":""},"product_brand":[],"product_cat":[52],"product_tag":[171,107,105,56],"class_list":{"0":"post-3632","1":"product","2":"type-product","3":"status-publish","4":"has-post-thumbnail","6":"product_cat-acik-parfumler","7":"product_tag-benzersiz-parfumler","8":"product_tag-gece-kokulari","9":"product_tag-oryantal-parfumler","10":"product_tag-uniseks-parfumler","12":"first","13":"instock","14":"shipping-taxable","15":"purchasable","16":"product-type-variable","17":"has-default-attributes"},"ct_brands":[],"_links":{"self":[{"href":"https:\/\/sarabperfumes.com\/tr\/wp-json\/wp\/v2\/product\/3632","targetHints":{"allow":["GET"]}}],"collection":[{"href":"https:\/\/sarabperfumes.com\/tr\/wp-json\/wp\/v2\/product"}],"about":[{"href":"https:\/\/sarabperfumes.com\/tr\/wp-json\/wp\/v2\/types\/product"}],"replies":[{"embeddable":true,"href":"https:\/\/sarabperfumes.com\/tr\/wp-json\/wp\/v2\/comments?post=3632"}],"wp:featuredmedia":[{"embeddable":true,"href":"https:\/\/sarabperfumes.com\/tr\/wp-json\/wp\/v2\/media\/1199"}],"wp:attachment":[{"href":"https:\/\/sarabperfumes.com\/tr\/wp-json\/wp\/v2\/media?parent=3632"}],"wp:term":[{"taxonomy":"product_brand","embeddable":true,"href":"https:\/\/sarabperfumes.com\/tr\/wp-json\/wp\/v2\/product_brand?post=3632"},{"taxonomy":"product_cat","embeddable":true,"href":"https:\/\/sarabperfumes.com\/tr\/wp-json\/wp\/v2\/product_cat?post=3632"},{"taxonomy":"product_tag","embeddable":true,"href":"https:\/\/sarabperfumes.com\/tr\/wp-json\/wp\/v2\/product_tag?post=3632"}],"curies":[{"name":"wp","href":"https:\/\/api.w.org\/{rel}","templated":true}]}}