{"id":3629,"date":"2024-02-22T15:47:29","date_gmt":"2024-02-22T12:47:29","guid":{"rendered":"https:\/\/sarabperfumes.com\/product\/madawi-arabian-oud-uniseks-parfum-55-ml\/"},"modified":"2026-02-23T16:29:51","modified_gmt":"2026-02-23T13:29:51","slug":"madawi-arabian-oud-uniseks-parfum-55-ml","status":"publish","type":"product","link":"https:\/\/sarabperfumes.com\/tr\/urun\/madawi-arabian-oud-uniseks-parfum-55-ml\/","title":{"rendered":"Arabian Oud Madawi 02 unisex parf\u00fcm\u00fc"},"content":{"rendered":"<p>Do\u011fal pa\u00e7uli baz\u0131nda \u015feftali ve elma \u00e7i\u00e7e\u011finin canland\u0131r\u0131c\u0131 a\u00e7\u0131l\u0131\u015f\u0131 ve s\u0131cak amberin zarafeti, ortas\u0131nda nadir g\u00f6r\u00fclen tropik meyve kar\u0131\u015f\u0131m\u0131 ile b\u00fcy\u00fcleyici bir koku.<\/p>\n","protected":false},"excerpt":{"rendered":"<ul>\n<li><strong>Madawi Arabian Oud<\/strong><\/li>\n<li><strong>Kal\u0131c\u0131l\u0131k<\/strong>: Efsanevi, 12 saatten fazla<\/li>\n<li><strong>Orijinale benzerlik :<\/strong>90%<\/li>\n<li><strong>Koku Ailesi:<\/strong>meyveli \u00e7i\u00e7ek<\/li>\n<li><strong>Parf\u00fcm i\u00e7erikleri :<\/strong> \u00dcst notalar: \u015feftali ve elma \u00e7i\u00e7e\u011fi; Kalp: \u00e7i\u00e7ekli ananas; Alt notalar : misk, yabani g\u00fcl ve pa\u00e7uli.<\/li>\n<li><strong>Kullan\u0131m zaman\u0131:<\/strong> Her zaman<\/li>\n<li><strong>Sezon: <\/strong>k\u0131\u015f ilkbahar sonbahar<\/li>\n<li>\u00e7\u0131k\u0131\u015f y\u0131l\u0131: 2022<\/li>\n<\/ul>\n","protected":false},"featured_media":1488,"comment_status":"open","ping_status":"closed","template":"","meta":{"_gspb_post_css":""},"product_brand":[],"product_cat":[52],"product_tag":[173,106,56],"class_list":{"0":"post-3629","1":"product","2":"type-product","3":"status-publish","4":"has-post-thumbnail","6":"product_cat-acik-parfumler","7":"product_tag-meyveli-parfumler","8":"product_tag-sonbahar-kis-kokulari","9":"product_tag-uniseks-parfumler","11":"first","12":"instock","13":"shipping-taxable","14":"purchasable","15":"product-type-variable","16":"has-default-attributes"},"ct_brands":[],"_links":{"self":[{"href":"https:\/\/sarabperfumes.com\/tr\/wp-json\/wp\/v2\/product\/3629","targetHints":{"allow":["GET"]}}],"collection":[{"href":"https:\/\/sarabperfumes.com\/tr\/wp-json\/wp\/v2\/product"}],"about":[{"href":"https:\/\/sarabperfumes.com\/tr\/wp-json\/wp\/v2\/types\/product"}],"replies":[{"embeddable":true,"href":"https:\/\/sarabperfumes.com\/tr\/wp-json\/wp\/v2\/comments?post=3629"}],"wp:featuredmedia":[{"embeddable":true,"href":"https:\/\/sarabperfumes.com\/tr\/wp-json\/wp\/v2\/media\/1488"}],"wp:attachment":[{"href":"https:\/\/sarabperfumes.com\/tr\/wp-json\/wp\/v2\/media?parent=3629"}],"wp:term":[{"taxonomy":"product_brand","embeddable":true,"href":"https:\/\/sarabperfumes.com\/tr\/wp-json\/wp\/v2\/product_brand?post=3629"},{"taxonomy":"product_cat","embeddable":true,"href":"https:\/\/sarabperfumes.com\/tr\/wp-json\/wp\/v2\/product_cat?post=3629"},{"taxonomy":"product_tag","embeddable":true,"href":"https:\/\/sarabperfumes.com\/tr\/wp-json\/wp\/v2\/product_tag?post=3629"}],"curies":[{"name":"wp","href":"https:\/\/api.w.org\/{rel}","templated":true}]}}