{"id":3620,"date":"2024-02-22T15:55:12","date_gmt":"2024-02-22T12:55:12","guid":{"rendered":"https:\/\/sarabperfumes.com\/product\/tyger-misk-francesca-bianchi-uniseks-parfum-55-ml\/"},"modified":"2026-02-23T16:28:08","modified_gmt":"2026-02-23T13:28:08","slug":"tyger-misk-francesca-bianchi-uniseks-parfum-55-ml","status":"publish","type":"product","link":"https:\/\/sarabperfumes.com\/tr\/urun\/tyger-misk-francesca-bianchi-uniseks-parfum-55-ml\/","title":{"rendered":"Francesca Bianchi Musk Tiger 03 unisex parf\u00fcm\u00fc"},"content":{"rendered":"<p>Narenciye ve s\u0131cak amberin kendine \u00f6zg\u00fc kokusuyla ba\u015flayan, teninizde kadifemsi dokunu\u015funu son ana kadar b\u0131rakan dengeli ve benzersiz aromatik kombinasyon, narin bir his ve derin duygusal hislerle kalbinize dokunan bir koku.<\/p>\n","protected":false},"excerpt":{"rendered":"<ul>\n<li><strong>Tyger Misk Francesca Bianchi<\/strong><\/li>\n<li><strong>Kal\u0131c\u0131l\u0131k<\/strong>: Efsanevi, 12 saatten fazla<\/li>\n<li><strong>Orijinale benzerlik :<\/strong>90%<\/li>\n<li><strong>Koku Ailesi:<\/strong> oryantal odunsu<\/li>\n<li><strong>Parf\u00fcm i\u00e7erikleri : <\/strong>\u00dcst notalar: Amber ve narenciye; Kalp: greyfurt, orman ve ambroksan; Alt notalar : Alt notalar : Ambergris.<\/li>\n<li><strong>Kullan\u0131m zaman\u0131:<\/strong> gecelik<\/li>\n<li><strong>Sezon: <\/strong>k\u0131\u015f ilkbahar sonbahar<\/li>\n<li>\u00e7\u0131k\u0131\u015f y\u0131l\u0131: 2020<\/li>\n<\/ul>\n","protected":false},"featured_media":1494,"comment_status":"open","ping_status":"closed","template":"","meta":{"_gspb_post_css":""},"product_brand":[],"product_cat":[52],"product_tag":[107,105,108,106,56],"class_list":{"0":"post-3620","1":"product","2":"type-product","3":"status-publish","4":"has-post-thumbnail","6":"product_cat-acik-parfumler","7":"product_tag-gece-kokulari","8":"product_tag-oryantal-parfumler","9":"product_tag-sahane-kalicilik","10":"product_tag-sonbahar-kis-kokulari","11":"product_tag-uniseks-parfumler","13":"first","14":"instock","15":"shipping-taxable","16":"purchasable","17":"product-type-variable","18":"has-default-attributes"},"ct_brands":[],"_links":{"self":[{"href":"https:\/\/sarabperfumes.com\/tr\/wp-json\/wp\/v2\/product\/3620","targetHints":{"allow":["GET"]}}],"collection":[{"href":"https:\/\/sarabperfumes.com\/tr\/wp-json\/wp\/v2\/product"}],"about":[{"href":"https:\/\/sarabperfumes.com\/tr\/wp-json\/wp\/v2\/types\/product"}],"replies":[{"embeddable":true,"href":"https:\/\/sarabperfumes.com\/tr\/wp-json\/wp\/v2\/comments?post=3620"}],"wp:featuredmedia":[{"embeddable":true,"href":"https:\/\/sarabperfumes.com\/tr\/wp-json\/wp\/v2\/media\/1494"}],"wp:attachment":[{"href":"https:\/\/sarabperfumes.com\/tr\/wp-json\/wp\/v2\/media?parent=3620"}],"wp:term":[{"taxonomy":"product_brand","embeddable":true,"href":"https:\/\/sarabperfumes.com\/tr\/wp-json\/wp\/v2\/product_brand?post=3620"},{"taxonomy":"product_cat","embeddable":true,"href":"https:\/\/sarabperfumes.com\/tr\/wp-json\/wp\/v2\/product_cat?post=3620"},{"taxonomy":"product_tag","embeddable":true,"href":"https:\/\/sarabperfumes.com\/tr\/wp-json\/wp\/v2\/product_tag?post=3620"}],"curies":[{"name":"wp","href":"https:\/\/api.w.org\/{rel}","templated":true}]}}