{"id":3608,"date":"2024-02-07T11:20:57","date_gmt":"2024-02-07T08:20:57","guid":{"rendered":"https:\/\/sarabperfumes.com\/product\/ck-one-calvin-klein-uniseks-parfum-55-ml\/"},"modified":"2024-02-07T11:20:57","modified_gmt":"2024-02-07T08:20:57","slug":"ck-one-calvin-klein-uniseks-parfum-55-ml","status":"publish","type":"product","link":"https:\/\/sarabperfumes.com\/tr\/urun\/ck-one-calvin-klein-uniseks-parfum-55-ml\/","title":{"rendered":"CK One Calvin Klein \u00dcniseks parf\u00fcm (55 ml)"},"content":{"rendered":"","protected":false},"excerpt":{"rendered":"<ul>\n<li><strong>CK One Calvin Klein<\/strong><\/li>\n<li><strong>lkal\u0131c\u0131l\u0131k:<\/strong> Zay\u0131f 3 ila 5 saat<\/li>\n<li> <strong>Orijinale benzerlik y\u00fczdesi: <\/strong> 60%<\/li>\n<li> <strong>Koku Ailesi:<\/strong> Aromatik narenciye<\/li>\n<li> <strong>\u00dcst notalar: <\/strong> \u00dcst notalar: Limon, ye\u015fil notalar, bergamot, mandalina, ananas, kakule ve papaya; kalp: Vadideki zambak, yasemin, menek\u015fe, hindistan cevizi, g\u00fcl, s\u00fcsen k\u00f6k\u00fc ve frezya; Alt notalar : Ye\u015fil akorlar, misk, sedir a\u011fac\u0131, sandal a\u011fac\u0131, me\u015fe yosunu ve amber.<\/li>\n<li> <strong>Kullan\u0131m zaman\u0131:<\/strong> gunluk<\/li>\n<li><strong>sezon:<\/strong> \u0130lkbahar yaz<\/li>\n<li> <strong>\u00e7\u0131k\u0131\u015f y\u0131l\u0131:<\/strong> 1994<\/li>\n<\/ul>\n","protected":false},"featured_media":1170,"comment_status":"open","ping_status":"closed","template":"","meta":{"_gspb_post_css":""},"product_brand":[],"product_cat":[52],"product_tag":[94,182,110,181,56],"class_list":{"0":"post-3608","1":"product","2":"type-product","3":"status-publish","4":"has-post-thumbnail","6":"product_cat-acik-parfumler","7":"product_tag-calvin-kelin","8":"product_tag-ferah-kukular","9":"product_tag-gunluk-kokulari","10":"product_tag-ilkbahar-ve-yaz-parfumleri","11":"product_tag-uniseks-parfumler","13":"first","14":"instock","15":"shipping-taxable","16":"purchasable","17":"product-type-variable","18":"has-default-attributes"},"ct_brands":[],"_links":{"self":[{"href":"https:\/\/sarabperfumes.com\/tr\/wp-json\/wp\/v2\/product\/3608","targetHints":{"allow":["GET"]}}],"collection":[{"href":"https:\/\/sarabperfumes.com\/tr\/wp-json\/wp\/v2\/product"}],"about":[{"href":"https:\/\/sarabperfumes.com\/tr\/wp-json\/wp\/v2\/types\/product"}],"replies":[{"embeddable":true,"href":"https:\/\/sarabperfumes.com\/tr\/wp-json\/wp\/v2\/comments?post=3608"}],"wp:featuredmedia":[{"embeddable":true,"href":"https:\/\/sarabperfumes.com\/tr\/wp-json\/wp\/v2\/media\/1170"}],"wp:attachment":[{"href":"https:\/\/sarabperfumes.com\/tr\/wp-json\/wp\/v2\/media?parent=3608"}],"wp:term":[{"taxonomy":"product_brand","embeddable":true,"href":"https:\/\/sarabperfumes.com\/tr\/wp-json\/wp\/v2\/product_brand?post=3608"},{"taxonomy":"product_cat","embeddable":true,"href":"https:\/\/sarabperfumes.com\/tr\/wp-json\/wp\/v2\/product_cat?post=3608"},{"taxonomy":"product_tag","embeddable":true,"href":"https:\/\/sarabperfumes.com\/tr\/wp-json\/wp\/v2\/product_tag?post=3608"}],"curies":[{"name":"wp","href":"https:\/\/api.w.org\/{rel}","templated":true}]}}