{"id":3605,"date":"2024-02-08T14:26:04","date_gmt":"2024-02-08T11:26:04","guid":{"rendered":"https:\/\/sarabperfumes.com\/product\/black-afgano-nasomatto-uniseks-parfum-55-ml\/"},"modified":"2024-02-08T14:26:04","modified_gmt":"2024-02-08T11:26:04","slug":"black-afgano-nasomatto-uniseks-parfum-55-ml","status":"publish","type":"product","link":"https:\/\/sarabperfumes.com\/tr\/urun\/black-afgano-nasomatto-uniseks-parfum-55-ml\/","title":{"rendered":"Black Afgano Nasomatto \u00dcniseks parf\u00fcm (55 ml)"},"content":{"rendered":"","protected":false},"excerpt":{"rendered":"<ul>\n<li><strong>Black Afgano Nasomatto<\/strong><\/li>\n<li><strong>kal\u0131c\u0131l\u0131k<\/strong>: \u0130yi 6 ila 8 saat<\/li>\n<li> <strong>Orijinale benzerlik :<\/strong> %70<\/li>\n<li><strong>Koku Ailesi: <\/strong>odunsu aromatik<\/li>\n<li> <strong>Parf\u00fcm i\u00e7erikleri :<\/strong> \u00dcst notalar: ye\u015fil notlar; Kalp: re\u00e7ineler, a\u011fa\u00e7lar, t\u00fct\u00fcn ve kahve; Alt notalar : ud ve t\u00fcts\u00fc.<\/li>\n<li> <strong>Kullan\u0131m zaman\u0131: <\/strong>gecelik<\/li>\n<li> <strong>sezon:<\/strong> k\u0131\u015f sonbahar<\/li>\n<li> <strong>\u00e7\u0131k\u0131\u015f y\u0131l\u0131:<\/strong> 2017<\/li>\n<\/ul>\n","protected":false},"featured_media":1220,"comment_status":"open","ping_status":"closed","template":"","meta":{"_gspb_post_css":""},"product_brand":[],"product_cat":[52],"product_tag":[171,107,106,56],"class_list":{"0":"post-3605","1":"product","2":"type-product","3":"status-publish","4":"has-post-thumbnail","6":"product_cat-acik-parfumler","7":"product_tag-benzersiz-parfumler","8":"product_tag-gece-kokulari","9":"product_tag-sonbahar-kis-kokulari","10":"product_tag-uniseks-parfumler","12":"first","13":"outofstock","14":"shipping-taxable","15":"purchasable","16":"product-type-variable","17":"has-default-attributes"},"ct_brands":[],"_links":{"self":[{"href":"https:\/\/sarabperfumes.com\/tr\/wp-json\/wp\/v2\/product\/3605","targetHints":{"allow":["GET"]}}],"collection":[{"href":"https:\/\/sarabperfumes.com\/tr\/wp-json\/wp\/v2\/product"}],"about":[{"href":"https:\/\/sarabperfumes.com\/tr\/wp-json\/wp\/v2\/types\/product"}],"replies":[{"embeddable":true,"href":"https:\/\/sarabperfumes.com\/tr\/wp-json\/wp\/v2\/comments?post=3605"}],"wp:featuredmedia":[{"embeddable":true,"href":"https:\/\/sarabperfumes.com\/tr\/wp-json\/wp\/v2\/media\/1220"}],"wp:attachment":[{"href":"https:\/\/sarabperfumes.com\/tr\/wp-json\/wp\/v2\/media?parent=3605"}],"wp:term":[{"taxonomy":"product_brand","embeddable":true,"href":"https:\/\/sarabperfumes.com\/tr\/wp-json\/wp\/v2\/product_brand?post=3605"},{"taxonomy":"product_cat","embeddable":true,"href":"https:\/\/sarabperfumes.com\/tr\/wp-json\/wp\/v2\/product_cat?post=3605"},{"taxonomy":"product_tag","embeddable":true,"href":"https:\/\/sarabperfumes.com\/tr\/wp-json\/wp\/v2\/product_tag?post=3605"}],"curies":[{"name":"wp","href":"https:\/\/api.w.org\/{rel}","templated":true}]}}