{"id":3587,"date":"2024-02-08T21:07:48","date_gmt":"2024-02-08T18:07:48","guid":{"rendered":"https:\/\/sarabperfumes.com\/product\/tobacco-vanille-tom-ford-uniseks-parfum-55-ml\/"},"modified":"2024-02-08T21:07:48","modified_gmt":"2024-02-08T18:07:48","slug":"tobacco-vanille-tom-ford-uniseks-parfum-55-ml","status":"publish","type":"product","link":"https:\/\/sarabperfumes.com\/tr\/urun\/tobacco-vanille-tom-ford-uniseks-parfum-55-ml\/","title":{"rendered":"Tobacco Vanille Tom Ford \u00dcniseks parf\u00fcm (55 ml)"},"content":{"rendered":"","protected":false},"excerpt":{"rendered":"<ul>\n<li><strong>Tobacco Vanille Tom Ford<\/strong><\/li>\n<li><strong>kal\u0131c\u0131l\u0131k<\/strong>: \u0130yi 6 ila 8 saat<\/li>\n<li> <strong>Orijinale benzerlik y\u00fczdesi:<\/strong> %80<\/li>\n<li><strong>Koku Ailesi:<\/strong>Oryantal ac\u0131<\/li>\n<li><strong>Parf\u00fcm i\u00e7erikleri :<\/strong> \u00dcst notalar: T\u00fct\u00fcn yapraklar\u0131 ve baharat notalar\u0131; Kalp: vanilya, kakao, tonka fasulyesi ve t\u00fct\u00fcn \u00e7i\u00e7e\u011fi; Alt notalar : kurutulmu\u015f meyveler ve a\u011fa\u00e7lar.<\/li>\n<li><strong>Kullan\u0131m zaman\u0131:<\/strong> gecelik<\/li>\n<li><strong>sezon: <\/strong>k\u0131\u015f sonbahar<\/li>\n<li><strong>\u00e7\u0131k\u0131\u015f y\u0131l\u0131: <\/strong>2007<\/li>\n<\/ul>\n","protected":false},"featured_media":1242,"comment_status":"open","ping_status":"closed","template":"","meta":{"_gspb_post_css":""},"product_brand":[],"product_cat":[52],"product_tag":[107,104,56],"class_list":{"0":"post-3587","1":"product","2":"type-product","3":"status-publish","4":"has-post-thumbnail","6":"product_cat-acik-parfumler","7":"product_tag-gece-kokulari","8":"product_tag-tom-ford","9":"product_tag-uniseks-parfumler","11":"first","12":"instock","13":"shipping-taxable","14":"purchasable","15":"product-type-variable","16":"has-default-attributes"},"ct_brands":[],"_links":{"self":[{"href":"https:\/\/sarabperfumes.com\/tr\/wp-json\/wp\/v2\/product\/3587","targetHints":{"allow":["GET"]}}],"collection":[{"href":"https:\/\/sarabperfumes.com\/tr\/wp-json\/wp\/v2\/product"}],"about":[{"href":"https:\/\/sarabperfumes.com\/tr\/wp-json\/wp\/v2\/types\/product"}],"replies":[{"embeddable":true,"href":"https:\/\/sarabperfumes.com\/tr\/wp-json\/wp\/v2\/comments?post=3587"}],"wp:featuredmedia":[{"embeddable":true,"href":"https:\/\/sarabperfumes.com\/tr\/wp-json\/wp\/v2\/media\/1242"}],"wp:attachment":[{"href":"https:\/\/sarabperfumes.com\/tr\/wp-json\/wp\/v2\/media?parent=3587"}],"wp:term":[{"taxonomy":"product_brand","embeddable":true,"href":"https:\/\/sarabperfumes.com\/tr\/wp-json\/wp\/v2\/product_brand?post=3587"},{"taxonomy":"product_cat","embeddable":true,"href":"https:\/\/sarabperfumes.com\/tr\/wp-json\/wp\/v2\/product_cat?post=3587"},{"taxonomy":"product_tag","embeddable":true,"href":"https:\/\/sarabperfumes.com\/tr\/wp-json\/wp\/v2\/product_tag?post=3587"}],"curies":[{"name":"wp","href":"https:\/\/api.w.org\/{rel}","templated":true}]}}