{"id":3575,"date":"2024-02-22T16:16:04","date_gmt":"2024-02-22T13:16:04","guid":{"rendered":"https:\/\/sarabperfumes.com\/product\/ombre-nomade-louis-vuitton-uniseks-parfum-55-ml\/"},"modified":"2026-02-23T16:17:35","modified_gmt":"2026-02-23T13:17:35","slug":"ombre-nomade-louis-vuitton-uniseks-parfum-55-ml","status":"publish","type":"product","link":"https:\/\/sarabperfumes.com\/tr\/urun\/ombre-nomade-louis-vuitton-uniseks-parfum-55-ml\/","title":{"rendered":"Louis Vuitton Ombre Nomade 144 unisex parf\u00fcm"},"content":{"rendered":"","protected":false},"excerpt":{"rendered":"<ul>\n<li><strong>Ombre Nomade Louis Vuitton<\/strong><\/li>\n<li><strong>kal\u0131c\u0131l\u0131k:<\/strong> \u00e7ok kal\u0131c\u0131 8 ila 10 saat<\/li>\n<li><strong>Orijinale benzerlik :<\/strong>90%<\/li>\n<li><strong>Koku Ailesi:<\/strong> oryantal odunsu<\/li>\n<li><strong>Parf\u00fcm i\u00e7erikleri :<\/strong> \u00dcst notalar: Ud, t\u00fcts\u00fc, g\u00fcl, ahududu: hu\u015f a\u011fac\u0131, safran; Alt notalar : benzoin, amber a\u011fac\u0131.<\/li>\n<li><strong>Kullan\u0131m zaman\u0131:<\/strong> gecelik<\/li>\n<li><strong>sezon: <\/strong>k\u0131\u015f sonbahar<\/li>\n<li>\u00e7\u0131k\u0131\u015f y\u0131l\u0131: 2018<\/li>\n<\/ul>\n","protected":false},"featured_media":1525,"comment_status":"open","ping_status":"closed","template":"","meta":{"_gspb_post_css":""},"product_brand":[],"product_cat":[52],"product_tag":[107,100,105,56,101],"class_list":{"0":"post-3575","1":"product","2":"type-product","3":"status-publish","4":"has-post-thumbnail","6":"product_cat-acik-parfumler","7":"product_tag-gece-kokulari","8":"product_tag-louis-vuitton","9":"product_tag-oryantal-parfumler","10":"product_tag-uniseks-parfumler","11":"product_tag-zenginler-parfumu","13":"first","14":"instock","15":"shipping-taxable","16":"purchasable","17":"product-type-variable","18":"has-default-attributes"},"ct_brands":[],"_links":{"self":[{"href":"https:\/\/sarabperfumes.com\/tr\/wp-json\/wp\/v2\/product\/3575","targetHints":{"allow":["GET"]}}],"collection":[{"href":"https:\/\/sarabperfumes.com\/tr\/wp-json\/wp\/v2\/product"}],"about":[{"href":"https:\/\/sarabperfumes.com\/tr\/wp-json\/wp\/v2\/types\/product"}],"replies":[{"embeddable":true,"href":"https:\/\/sarabperfumes.com\/tr\/wp-json\/wp\/v2\/comments?post=3575"}],"wp:featuredmedia":[{"embeddable":true,"href":"https:\/\/sarabperfumes.com\/tr\/wp-json\/wp\/v2\/media\/1525"}],"wp:attachment":[{"href":"https:\/\/sarabperfumes.com\/tr\/wp-json\/wp\/v2\/media?parent=3575"}],"wp:term":[{"taxonomy":"product_brand","embeddable":true,"href":"https:\/\/sarabperfumes.com\/tr\/wp-json\/wp\/v2\/product_brand?post=3575"},{"taxonomy":"product_cat","embeddable":true,"href":"https:\/\/sarabperfumes.com\/tr\/wp-json\/wp\/v2\/product_cat?post=3575"},{"taxonomy":"product_tag","embeddable":true,"href":"https:\/\/sarabperfumes.com\/tr\/wp-json\/wp\/v2\/product_tag?post=3575"}],"curies":[{"name":"wp","href":"https:\/\/api.w.org\/{rel}","templated":true}]}}