{"id":3565,"date":"2024-02-22T16:24:33","date_gmt":"2024-02-22T13:24:33","guid":{"rendered":"https:\/\/sarabperfumes.com\/product\/erba-pura-sospiro-perfumes-uniseks-parfum-55-ml\/"},"modified":"2026-02-23T16:07:00","modified_gmt":"2026-02-23T13:07:00","slug":"erba-pura-sospiro-perfumes-uniseks-parfum-55-ml","status":"publish","type":"product","link":"https:\/\/sarabperfumes.com\/tr\/urun\/erba-pura-sospiro-perfumes-uniseks-parfum-55-ml\/","title":{"rendered":"Sospiro Perfumes Erba Pura 220 unisex parf\u00fcm"},"content":{"rendered":"","protected":false},"excerpt":{"rendered":"<ul>\n<li><strong>Erba Pura Sospiro Perfumes<\/strong><\/li>\n<li><strong>Kal\u0131c\u0131l\u0131k<\/strong>: Efsanevi, 12 saatten fazla<\/li>\n<li><strong>Orijinale benzerlik :<\/strong>90%<\/li>\n<li>Koku Ailesi: oryantal<\/li>\n<li><strong>Parf\u00fcm notalar\u0131<\/strong>: A\u00e7\u0131l\u0131\u015f: Portakal, bergamot ve limon Kalp: Meyveler Dip: Beyaz misk, amber ve Madagaskar vanilyas\u0131<\/li>\n<li><strong>Kullan\u0131m zaman\u0131:<\/strong> Her zaman<\/li>\n<li><strong>sezon: <\/strong>T\u00fcm sezonlar<\/li>\n<li><strong>\u00e7\u0131k\u0131\u015f y\u0131l\u0131:<\/strong> 2013<\/li>\n<\/ul>\n","protected":false},"featured_media":1540,"comment_status":"open","ping_status":"closed","template":"","meta":{"_gspb_post_css":""},"product_brand":[],"product_cat":[52],"product_tag":[105,108,109,56],"class_list":{"0":"post-3565","1":"product","2":"type-product","3":"status-publish","4":"has-post-thumbnail","6":"product_cat-acik-parfumler","7":"product_tag-oryantal-parfumler","8":"product_tag-sahane-kalicilik","9":"product_tag-tum-sezonlara-parfumler","10":"product_tag-uniseks-parfumler","12":"first","13":"instock","14":"shipping-taxable","15":"purchasable","16":"product-type-variable","17":"has-default-attributes"},"ct_brands":[],"_links":{"self":[{"href":"https:\/\/sarabperfumes.com\/tr\/wp-json\/wp\/v2\/product\/3565","targetHints":{"allow":["GET"]}}],"collection":[{"href":"https:\/\/sarabperfumes.com\/tr\/wp-json\/wp\/v2\/product"}],"about":[{"href":"https:\/\/sarabperfumes.com\/tr\/wp-json\/wp\/v2\/types\/product"}],"replies":[{"embeddable":true,"href":"https:\/\/sarabperfumes.com\/tr\/wp-json\/wp\/v2\/comments?post=3565"}],"wp:featuredmedia":[{"embeddable":true,"href":"https:\/\/sarabperfumes.com\/tr\/wp-json\/wp\/v2\/media\/1540"}],"wp:attachment":[{"href":"https:\/\/sarabperfumes.com\/tr\/wp-json\/wp\/v2\/media?parent=3565"}],"wp:term":[{"taxonomy":"product_brand","embeddable":true,"href":"https:\/\/sarabperfumes.com\/tr\/wp-json\/wp\/v2\/product_brand?post=3565"},{"taxonomy":"product_cat","embeddable":true,"href":"https:\/\/sarabperfumes.com\/tr\/wp-json\/wp\/v2\/product_cat?post=3565"},{"taxonomy":"product_tag","embeddable":true,"href":"https:\/\/sarabperfumes.com\/tr\/wp-json\/wp\/v2\/product_tag?post=3565"}],"curies":[{"name":"wp","href":"https:\/\/api.w.org\/{rel}","templated":true}]}}