{"id":3538,"date":"2024-02-26T18:36:28","date_gmt":"2024-02-26T15:36:28","guid":{"rendered":"https:\/\/sarabperfumes.com\/product\/white-amber-creed-uniseks-parfum-55-ml\/"},"modified":"2026-02-23T14:04:40","modified_gmt":"2026-02-23T11:04:40","slug":"white-amber-creed-uniseks-parfum-55-ml","status":"publish","type":"product","link":"https:\/\/sarabperfumes.com\/tr\/urun\/white-amber-creed-uniseks-parfum-55-ml\/","title":{"rendered":"Beyaz Amber Creed 306 unisex"},"content":{"rendered":"","protected":false},"excerpt":{"rendered":"<ul>\n<li><strong>White Amber Creed<\/strong><\/li>\n<li><strong>Kal\u0131c\u0131l\u0131k<\/strong>: Efsanevi, 12 saatten fazla<\/li>\n<li><strong>Orijinale benzerlik y\u00fczdesi:<\/strong> %80<\/li>\n<li>Koku Ailesi:Oryantal \u00e7i\u00e7ek<\/li>\n<li><strong>Parf\u00fcm i\u00e7erikleri : <\/strong>\u00dcst notalar: meyveler; Kalp: yasemin ve benzoin ; Alt notalar : kehribar ve sandal a\u011fac\u0131.<\/li>\n<li> Kullan\u0131m zaman\u0131: Her zaman<\/li>\n<li><strong>sezon: T\u00fcm sezonlar<\/strong><\/li>\n<li>\u00e7\u0131k\u0131\u015f y\u0131l\u0131: 2017<\/li>\n<\/ul>\n","protected":false},"featured_media":1718,"comment_status":"open","ping_status":"closed","template":"","meta":{"_gspb_post_css":""},"product_brand":[],"product_cat":[52],"product_tag":[171,105,56],"class_list":{"0":"post-3538","1":"product","2":"type-product","3":"status-publish","4":"has-post-thumbnail","6":"product_cat-acik-parfumler","7":"product_tag-benzersiz-parfumler","8":"product_tag-oryantal-parfumler","9":"product_tag-uniseks-parfumler","11":"first","12":"instock","13":"shipping-taxable","14":"purchasable","15":"product-type-variable","16":"has-default-attributes"},"ct_brands":[],"_links":{"self":[{"href":"https:\/\/sarabperfumes.com\/tr\/wp-json\/wp\/v2\/product\/3538","targetHints":{"allow":["GET"]}}],"collection":[{"href":"https:\/\/sarabperfumes.com\/tr\/wp-json\/wp\/v2\/product"}],"about":[{"href":"https:\/\/sarabperfumes.com\/tr\/wp-json\/wp\/v2\/types\/product"}],"replies":[{"embeddable":true,"href":"https:\/\/sarabperfumes.com\/tr\/wp-json\/wp\/v2\/comments?post=3538"}],"wp:featuredmedia":[{"embeddable":true,"href":"https:\/\/sarabperfumes.com\/tr\/wp-json\/wp\/v2\/media\/1718"}],"wp:attachment":[{"href":"https:\/\/sarabperfumes.com\/tr\/wp-json\/wp\/v2\/media?parent=3538"}],"wp:term":[{"taxonomy":"product_brand","embeddable":true,"href":"https:\/\/sarabperfumes.com\/tr\/wp-json\/wp\/v2\/product_brand?post=3538"},{"taxonomy":"product_cat","embeddable":true,"href":"https:\/\/sarabperfumes.com\/tr\/wp-json\/wp\/v2\/product_cat?post=3538"},{"taxonomy":"product_tag","embeddable":true,"href":"https:\/\/sarabperfumes.com\/tr\/wp-json\/wp\/v2\/product_tag?post=3538"}],"curies":[{"name":"wp","href":"https:\/\/api.w.org\/{rel}","templated":true}]}}