{"id":3517,"date":"2024-03-01T12:30:30","date_gmt":"2024-03-01T09:30:30","guid":{"rendered":"https:\/\/sarabperfumes.com\/product\/angels-share-by-kilian-uniseks-parfum-55-ml\/"},"modified":"2026-02-17T13:58:36","modified_gmt":"2026-02-17T10:58:36","slug":"angels-share-by-kilian-uniseks-parfum-55-ml","status":"publish","type":"product","link":"https:\/\/sarabperfumes.com\/tr\/urun\/angels-share-by-kilian-uniseks-parfum-55-ml\/","title":{"rendered":"Angels\u2019 Share Kilian 325 uniseks parf\u00fcm"},"content":{"rendered":"","protected":false},"excerpt":{"rendered":"<ul>\n<li><strong>Angels&#8217; Share By Kilian<\/strong><\/li>\n<li><strong>kal\u0131c\u0131l\u0131k<\/strong>: \u0130yi 6 ila 8 saat<\/li>\n<li> <strong>Orijinale benzerlik :<\/strong>90%<\/li>\n<li>Koku Ailesi: Oryantal vanilya<\/li>\n<li><strong>Parf\u00fcm i\u00e7erikleri : <\/strong>\u00dcst notalar: konyak; Kalp: tar\u00e7\u0131n, tonka fasulyesi ve me\u015fe; Alt notalar : pralin, vanilya ve sandal a\u011fac\u0131.<\/li>\n<li> <strong>Kullan\u0131m Zaman\u0131<\/strong>: Gece<\/li>\n<li><strong>sezon: <\/strong>k\u0131\u015f sonbahar<\/li>\n<li>\u00e7\u0131k\u0131\u015f y\u0131l\u0131: 2020<\/li>\n<\/ul>\n","protected":false},"featured_media":1810,"comment_status":"open","ping_status":"closed","template":"","meta":{"_gspb_post_css":""},"product_brand":[],"product_cat":[52],"product_tag":[107,105,56],"class_list":{"0":"post-3517","1":"product","2":"type-product","3":"status-publish","4":"has-post-thumbnail","6":"product_cat-acik-parfumler","7":"product_tag-gece-kokulari","8":"product_tag-oryantal-parfumler","9":"product_tag-uniseks-parfumler","11":"first","12":"instock","13":"shipping-taxable","14":"purchasable","15":"product-type-variable","16":"has-default-attributes"},"ct_brands":[],"_links":{"self":[{"href":"https:\/\/sarabperfumes.com\/tr\/wp-json\/wp\/v2\/product\/3517","targetHints":{"allow":["GET"]}}],"collection":[{"href":"https:\/\/sarabperfumes.com\/tr\/wp-json\/wp\/v2\/product"}],"about":[{"href":"https:\/\/sarabperfumes.com\/tr\/wp-json\/wp\/v2\/types\/product"}],"replies":[{"embeddable":true,"href":"https:\/\/sarabperfumes.com\/tr\/wp-json\/wp\/v2\/comments?post=3517"}],"wp:featuredmedia":[{"embeddable":true,"href":"https:\/\/sarabperfumes.com\/tr\/wp-json\/wp\/v2\/media\/1810"}],"wp:attachment":[{"href":"https:\/\/sarabperfumes.com\/tr\/wp-json\/wp\/v2\/media?parent=3517"}],"wp:term":[{"taxonomy":"product_brand","embeddable":true,"href":"https:\/\/sarabperfumes.com\/tr\/wp-json\/wp\/v2\/product_brand?post=3517"},{"taxonomy":"product_cat","embeddable":true,"href":"https:\/\/sarabperfumes.com\/tr\/wp-json\/wp\/v2\/product_cat?post=3517"},{"taxonomy":"product_tag","embeddable":true,"href":"https:\/\/sarabperfumes.com\/tr\/wp-json\/wp\/v2\/product_tag?post=3517"}],"curies":[{"name":"wp","href":"https:\/\/api.w.org\/{rel}","templated":true}]}}